{"id":1666,"date":"2024-04-24T16:43:41","date_gmt":"2024-04-24T13:43:41","guid":{"rendered":"https:\/\/longosphere.com\/kurumsal\/"},"modified":"2024-09-05T15:11:29","modified_gmt":"2024-09-05T12:11:29","slug":"about-us","status":"publish","type":"page","link":"https:\/\/longosphere.com\/en\/about-us\/","title":{"rendered":"About Us"},"content":{"rendered":"<div class=\"wpb-content-wrapper\"><p>[vc_row el_class=&#8221;row1300&#8243; css=&#8221;.vc_custom_1714043013298{margin-top: 75px !important;}&#8221;][vc_column css_animation=&#8221;fadeInLeft&#8221; width=&#8221;7\/12&#8243;][vc_column_text]Described as the &#8220;hidden paradise of Thrace&#8221;, \u0130\u011fneada Longoz Forests is a unique treasure where blue and green come together with its nature that takes on a different beauty in every season of the year, bird sounds and lakes&#8230;<\/p>\n<p>If you want to witness the rich flora of Longoz and experience adventure and peace at the same time in the endless nature of Thrace, you can take your place in Turkey&#8217;s Largest Glamping Facility. Located in the heart of the world&#8217;s third largest Longoz Forest, Longosphere Glamping fascinates you with the beauties of nature while offering you accommodation service in the comfort of your home. Renew your soul with unique natural beauties that offer different experiences in every season.<\/p>\n<p>Discover all the colors of nature!<\/p>\n<p>While staying in our Squirrel, Squirrel Long, Turtle and Turtle Plus tents, which are the most comfortable form of camping in nature, watching the stars among the Longoz trees will give you an unforgettable experience. You will discover all the colors of nature in our tents placed without cutting down trees, in accordance with the texture of the Longoz Forests.<\/p>\n<p>With its adventure and fun filled activities, you will experience excitement at its peak and you will also feel the privileges of Longosphere in its food and beverage areas. While you enjoy spending time together with our signature cocktails at Yin-Yang Bar, you will taste the local flavors prepared with natural products from the fertile lands of the Thrace Region and the most exquisite examples of world cuisine in the menu specially prepared with stories at Food&amp;Wood Restaurant.<\/p>\n<p>You will touch nature with various activities such as Bicycle, UTV, Nature Walk, Mushroom Tour and you will push your limits at Happy Sapiens Adventure Park. You will feel the green, oxygen and action at Longosphere Glamping located in the heart of Longoz Forests.<\/p>\n<p>A privileged holiday intertwined with nature awaits you at Longosphere with its outdoor swimming pool, Town Shopping Street, Barbecue Area, luxury tents, surprise activities and much more.[\/vc_column_text][\/vc_column][vc_column css_animation=&#8221;fadeInRight&#8221; width=&#8221;5\/12&#8243;][vc_single_image image=&#8221;25&#8243; img_size=&#8221;full&#8221;][\/vc_column][\/vc_row][vc_row css_animation=&#8221;fadeInUp&#8221; el_class=&#8221;row1300&#8243; css=&#8221;.vc_custom_1714042996801{margin-top: 80px !important;margin-bottom: 100px !important;}&#8221;][vc_column width=&#8221;1\/3&#8243;]\r\n   <div class=\"testibox\">\r\n    <div class=\"testihead\">\r\n        <div class=\"testilogo\">\r\n            <img decoding=\"async\" src=\"https:\/\/longosphere.com\/wp-content\/uploads\/2024\/04\/rpi.svg\" alt=\"Image\">\r\n        <\/div>\r\n        <div class=\"testistar\">\r\n            <img decoding=\"async\" src=\"https:\/\/longosphere.com\/wp-content\/themes\/longosphere\/assets\/images\/stars.svg\">\r\n        <\/div>\r\n    <\/div>\r\n    <div class=\"testibody\">\r\n       <p>Everyone should experience this, a place where everything is considered, the staff is perfect, thank you very much for everything \ud83d\ude42 We stayed in a squirrel tent, we had no problems with the shared toilet and shower, and also with cleaning. Especially the food and breakfast were very good \ud83d\ude42<\/p>\n\r\n    <\/div>\r\n    <div class=\"testifooter\">\r\n        <h4>Merve H<\/h4>\r\n        <span>May\u0131s 2024<\/span>\r\n        <\/div>\r\n   <\/div>\r\n  \r\n    [\/vc_column][vc_column width=&#8221;1\/3&#8243;]\r\n   <div class=\"testibox\">\r\n    <div class=\"testihead\">\r\n        <div class=\"testilogo\">\r\n            <img decoding=\"async\" src=\"https:\/\/longosphere.com\/wp-content\/uploads\/2024\/04\/rpi.svg\" alt=\"Image\">\r\n        <\/div>\r\n        <div class=\"testistar\">\r\n            <img decoding=\"async\" src=\"https:\/\/longosphere.com\/wp-content\/themes\/longosphere\/assets\/images\/stars.svg\">\r\n        <\/div>\r\n    <\/div>\r\n    <div class=\"testibody\">\r\n       <p>Okulca geldi\u011fimiz bir etkinlikti. Arkada\u015flar\u0131m\u0131zla e\u011flendi\u011fimiz \u00e7ok g\u00fczel bir do\u011fa harikas\u0131yd\u0131, dolu dolu ge\u00e7en bir g\u00fcnd\u00fc bizler i\u00e7in. Ayr\u0131ca harika. yemekler i\u00e7in \u015fef Sercan beye te\u015fekk\u00fcr ederiz. Yemek sunumlar\u0131 ve lezzeti harikayd\u0131.<\/p>\n\r\n    <\/div>\r\n    <div class=\"testifooter\">\r\n        <h4>Tu\u011fba A<\/h4>\r\n        <span>May\u0131s 2024<\/span>\r\n        <\/div>\r\n   <\/div>\r\n  \r\n    [\/vc_column][vc_column width=&#8221;1\/3&#8243;]\r\n   <div class=\"testipointbox\">\r\n   <div class=\"testipointlogo\">\r\n   <img decoding=\"async\" src=\"https:\/\/longosphere.com\/wp-content\/uploads\/2024\/04\/triplight.svg\" alt=\"Image\">\r\n<\/div>\r\n    <div class=\"testipointbody\">\r\n    <h4>We have 4.5 stars on TripAdvisor platforms<\/h4>\r\n    <span>Rated 4.5 out of 5<\/span>\r\n    <div class=\"testistar\">\r\n    <img decoding=\"async\" src=\"https:\/\/longosphere.com\/wp-content\/themes\/longosphere\/assets\/images\/stars.svg\">\r\n<\/div>\r\n    <\/div>\r\n   <a href=\"https:\/\/www.tripadvisor.com.tr\/Hotel_Review-g2187501-d21191903-Reviews-Longosphere_Glamping-Igneada_Kirklareli_Province.html\" target=\"_blank\" class=\"testipointbtn\">\r\n    See all comments\r\n   <\/a>\r\n   <\/div>\r\n  \r\n    [\/vc_column][\/vc_row]<\/p>\n<\/div>","protected":false},"excerpt":{"rendered":"<p>[vc_row el_class=&#8221;row1300&#8243; css=&#8221;.vc_custom_1714043013298{margin-top: 75px !important;}&#8221;][vc_column css_animation=&#8221;fadeInLeft&#8221; width=&#8221;7\/12&#8243;][vc_column_text]Described as the &#8220;hidden paradise of Thrace&#8221;, \u0130\u011fneada Longoz Forests is a unique treasure where blue and green come together with its nature that takes on a different beauty in every season of the year, bird sounds and lakes&#8230; If you want to witness the rich flora of Longoz and experience adventure and peace at the same time in the endless nature of Thrace, you can take your place in Turkey&#8217;s Largest Glamping Facility. Located in the heart of the world&#8217;s third largest Longoz Forest, Longosphere Glamping fascinates you with the beauties of nature [&hellip;]<\/p>\n","protected":false},"author":1,"featured_media":0,"parent":0,"menu_order":76,"comment_status":"closed","ping_status":"closed","template":"","meta":{"footnotes":""},"class_list":["post-1666","page","type-page","status-publish","hentry"],"yoast_head":"<!-- This site is optimized with the Yoast SEO plugin v23.3 - https:\/\/yoast.com\/wordpress\/plugins\/seo\/ -->\n<title>About Us - Longosphere Glamping Longoz Ormanlar\u0131 i\u011fneada Otel<\/title>\n<meta name=\"robots\" content=\"index, follow, max-snippet:-1, max-image-preview:large, max-video-preview:-1\" \/>\n<link rel=\"canonical\" href=\"https:\/\/longosphere.com\/en\/about-us\/\" \/>\n<meta property=\"og:locale\" content=\"en_US\" \/>\n<meta property=\"og:type\" content=\"article\" \/>\n<meta property=\"og:title\" content=\"About Us - Longosphere Glamping Longoz Ormanlar\u0131 i\u011fneada Otel\" \/>\n<meta property=\"og:description\" content=\"[vc_row el_class=&#8221;row1300&#8243; css=&#8221;.vc_custom_1714043013298{margin-top: 75px !important;}&#8221;][vc_column css_animation=&#8221;fadeInLeft&#8221; width=&#8221;7\/12&#8243;][vc_column_text]Described as the &#8220;hidden paradise of Thrace&#8221;, \u0130\u011fneada Longoz Forests is a unique treasure where blue and green come together with its nature that takes on a different beauty in every season of the year, bird sounds and lakes&#8230; If you want to witness the rich flora of Longoz and experience adventure and peace at the same time in the endless nature of Thrace, you can take your place in Turkey&#8217;s Largest Glamping Facility. Located in the heart of the world&#8217;s third largest Longoz Forest, Longosphere Glamping fascinates you with the beauties of nature [&hellip;]\" \/>\n<meta property=\"og:url\" content=\"https:\/\/longosphere.com\/en\/about-us\/\" \/>\n<meta property=\"og:site_name\" content=\"Longosphere Glamping Longoz Ormanlar\u0131 i\u011fneada Otel\" \/>\n<meta property=\"article:publisher\" content=\"https:\/\/www.instagram.com\/longosphere\" \/>\n<meta property=\"article:modified_time\" content=\"2024-09-05T12:11:29+00:00\" \/>\n<meta name=\"twitter:card\" content=\"summary_large_image\" \/>\n<meta name=\"twitter:label1\" content=\"Est. reading time\" \/>\n\t<meta name=\"twitter:data1\" content=\"4 minutes\" \/>\n<script type=\"application\/ld+json\" class=\"yoast-schema-graph\">{\"@context\":\"https:\/\/schema.org\",\"@graph\":[{\"@type\":\"WebPage\",\"@id\":\"https:\/\/longosphere.com\/en\/about-us\/\",\"url\":\"https:\/\/longosphere.com\/en\/about-us\/\",\"name\":\"About Us - Longosphere Glamping Longoz Ormanlar\u0131 i\u011fneada Otel\",\"isPartOf\":{\"@id\":\"https:\/\/longosphere.com\/#website\"},\"datePublished\":\"2024-04-24T13:43:41+00:00\",\"dateModified\":\"2024-09-05T12:11:29+00:00\",\"breadcrumb\":{\"@id\":\"https:\/\/longosphere.com\/en\/about-us\/#breadcrumb\"},\"inLanguage\":\"en-US\",\"potentialAction\":[{\"@type\":\"ReadAction\",\"target\":[\"https:\/\/longosphere.com\/en\/about-us\/\"]}]},{\"@type\":\"BreadcrumbList\",\"@id\":\"https:\/\/longosphere.com\/en\/about-us\/#breadcrumb\",\"itemListElement\":[{\"@type\":\"ListItem\",\"position\":1,\"name\":\"\",\"item\":\"https:\/\/longosphere.com\/en\/\"},{\"@type\":\"ListItem\",\"position\":2,\"name\":\"About Us\"}]},{\"@type\":\"WebSite\",\"@id\":\"https:\/\/longosphere.com\/#website\",\"url\":\"https:\/\/longosphere.com\/\",\"name\":\"Longosphere Glamping Longoz Ormanlar\u0131 \u0130\u011fneada Otel\",\"description\":\"T\u00fcrkiye&#039;nin En  B\u00fcy\u00fck Glamping Tesisi\",\"publisher\":{\"@id\":\"https:\/\/longosphere.com\/#organization\"},\"alternateName\":\"Longosphere Glamping\",\"potentialAction\":[{\"@type\":\"SearchAction\",\"target\":{\"@type\":\"EntryPoint\",\"urlTemplate\":\"https:\/\/longosphere.com\/?s={search_term_string}\"},\"query-input\":\"required name=search_term_string\"}],\"inLanguage\":\"en-US\"},{\"@type\":\"Organization\",\"@id\":\"https:\/\/longosphere.com\/#organization\",\"name\":\"Longosphere Glamping Longoz Ormanlar\u0131 \u0130\u011fneada Otel\",\"alternateName\":\"Longosphere Glamping\",\"url\":\"https:\/\/longosphere.com\/\",\"logo\":{\"@type\":\"ImageObject\",\"inLanguage\":\"en-US\",\"@id\":\"https:\/\/longosphere.com\/#\/schema\/logo\/image\/\",\"url\":\"https:\/\/longosphere.com\/wp-content\/uploads\/2024\/04\/logo-y.svg\",\"contentUrl\":\"https:\/\/longosphere.com\/wp-content\/uploads\/2024\/04\/logo-y.svg\",\"width\":1,\"height\":1,\"caption\":\"Longosphere Glamping Longoz Ormanlar\u0131 \u0130\u011fneada Otel\"},\"image\":{\"@id\":\"https:\/\/longosphere.com\/#\/schema\/logo\/image\/\"},\"sameAs\":[\"https:\/\/www.instagram.com\/longosphere\"]}]}<\/script>\n<!-- \/ Yoast SEO plugin. -->","yoast_head_json":{"title":"About Us - Longosphere Glamping Longoz Ormanlar\u0131 i\u011fneada Otel","robots":{"index":"index","follow":"follow","max-snippet":"max-snippet:-1","max-image-preview":"max-image-preview:large","max-video-preview":"max-video-preview:-1"},"canonical":"https:\/\/longosphere.com\/en\/about-us\/","og_locale":"en_US","og_type":"article","og_title":"About Us - Longosphere Glamping Longoz Ormanlar\u0131 i\u011fneada Otel","og_description":"[vc_row el_class=&#8221;row1300&#8243; css=&#8221;.vc_custom_1714043013298{margin-top: 75px !important;}&#8221;][vc_column css_animation=&#8221;fadeInLeft&#8221; width=&#8221;7\/12&#8243;][vc_column_text]Described as the &#8220;hidden paradise of Thrace&#8221;, \u0130\u011fneada Longoz Forests is a unique treasure where blue and green come together with its nature that takes on a different beauty in every season of the year, bird sounds and lakes&#8230; If you want to witness the rich flora of Longoz and experience adventure and peace at the same time in the endless nature of Thrace, you can take your place in Turkey&#8217;s Largest Glamping Facility. Located in the heart of the world&#8217;s third largest Longoz Forest, Longosphere Glamping fascinates you with the beauties of nature [&hellip;]","og_url":"https:\/\/longosphere.com\/en\/about-us\/","og_site_name":"Longosphere Glamping Longoz Ormanlar\u0131 i\u011fneada Otel","article_publisher":"https:\/\/www.instagram.com\/longosphere","article_modified_time":"2024-09-05T12:11:29+00:00","twitter_card":"summary_large_image","twitter_misc":{"Est. reading time":"4 minutes"},"schema":{"@context":"https:\/\/schema.org","@graph":[{"@type":"WebPage","@id":"https:\/\/longosphere.com\/en\/about-us\/","url":"https:\/\/longosphere.com\/en\/about-us\/","name":"About Us - Longosphere Glamping Longoz Ormanlar\u0131 i\u011fneada Otel","isPartOf":{"@id":"https:\/\/longosphere.com\/#website"},"datePublished":"2024-04-24T13:43:41+00:00","dateModified":"2024-09-05T12:11:29+00:00","breadcrumb":{"@id":"https:\/\/longosphere.com\/en\/about-us\/#breadcrumb"},"inLanguage":"en-US","potentialAction":[{"@type":"ReadAction","target":["https:\/\/longosphere.com\/en\/about-us\/"]}]},{"@type":"BreadcrumbList","@id":"https:\/\/longosphere.com\/en\/about-us\/#breadcrumb","itemListElement":[{"@type":"ListItem","position":1,"name":"","item":"https:\/\/longosphere.com\/en\/"},{"@type":"ListItem","position":2,"name":"About Us"}]},{"@type":"WebSite","@id":"https:\/\/longosphere.com\/#website","url":"https:\/\/longosphere.com\/","name":"Longosphere Glamping Longoz Ormanlar\u0131 \u0130\u011fneada Otel","description":"T\u00fcrkiye&#039;nin En  B\u00fcy\u00fck Glamping Tesisi","publisher":{"@id":"https:\/\/longosphere.com\/#organization"},"alternateName":"Longosphere Glamping","potentialAction":[{"@type":"SearchAction","target":{"@type":"EntryPoint","urlTemplate":"https:\/\/longosphere.com\/?s={search_term_string}"},"query-input":"required name=search_term_string"}],"inLanguage":"en-US"},{"@type":"Organization","@id":"https:\/\/longosphere.com\/#organization","name":"Longosphere Glamping Longoz Ormanlar\u0131 \u0130\u011fneada Otel","alternateName":"Longosphere Glamping","url":"https:\/\/longosphere.com\/","logo":{"@type":"ImageObject","inLanguage":"en-US","@id":"https:\/\/longosphere.com\/#\/schema\/logo\/image\/","url":"https:\/\/longosphere.com\/wp-content\/uploads\/2024\/04\/logo-y.svg","contentUrl":"https:\/\/longosphere.com\/wp-content\/uploads\/2024\/04\/logo-y.svg","width":1,"height":1,"caption":"Longosphere Glamping Longoz Ormanlar\u0131 \u0130\u011fneada Otel"},"image":{"@id":"https:\/\/longosphere.com\/#\/schema\/logo\/image\/"},"sameAs":["https:\/\/www.instagram.com\/longosphere"]}]}},"_links":{"self":[{"href":"https:\/\/longosphere.com\/en\/wp-json\/wp\/v2\/pages\/1666"}],"collection":[{"href":"https:\/\/longosphere.com\/en\/wp-json\/wp\/v2\/pages"}],"about":[{"href":"https:\/\/longosphere.com\/en\/wp-json\/wp\/v2\/types\/page"}],"author":[{"embeddable":true,"href":"https:\/\/longosphere.com\/en\/wp-json\/wp\/v2\/users\/1"}],"replies":[{"embeddable":true,"href":"https:\/\/longosphere.com\/en\/wp-json\/wp\/v2\/comments?post=1666"}],"version-history":[{"count":1,"href":"https:\/\/longosphere.com\/en\/wp-json\/wp\/v2\/pages\/1666\/revisions"}],"predecessor-version":[{"id":1721,"href":"https:\/\/longosphere.com\/en\/wp-json\/wp\/v2\/pages\/1666\/revisions\/1721"}],"wp:attachment":[{"href":"https:\/\/longosphere.com\/en\/wp-json\/wp\/v2\/media?parent=1666"}],"curies":[{"name":"wp","href":"https:\/\/api.w.org\/{rel}","templated":true}]}}