{"id":1665,"date":"2024-04-25T13:53:17","date_gmt":"2024-04-25T10:53:17","guid":{"rendered":"https:\/\/longosphere.com\/sosyal-sorumluluk-projelerimiz\/"},"modified":"2024-09-05T15:49:07","modified_gmt":"2024-09-05T12:49:07","slug":"our-social-responsibility-projects","status":"publish","type":"page","link":"https:\/\/longosphere.com\/en\/our-social-responsibility-projects\/","title":{"rendered":"Our Social Responsibility Projects"},"content":{"rendered":"<div class=\"wpb-content-wrapper\"><p>[vc_row content_placement=&#8221;middle&#8221; css_animation=&#8221;fadeInUp&#8221; el_class=&#8221;row1300&#8243; css=&#8221;.vc_custom_1714042910064{margin-top: 100px !important;margin-bottom: 50px !important;}&#8221;][vc_column width=&#8221;1\/3&#8243;]\r\n   <div class=\"sosyalimg\">\r\n \r\n    <img decoding=\"async\" src=\"https:\/\/longosphere.com\/wp-content\/uploads\/2024\/04\/sos.jpg\" alt=\"sosyal\" class=\"img-fluid\">\r\n    <div class=\"sosyalbgover\"><\/div>\r\n   <\/div>\r\n  \r\n    [\/vc_column][vc_column width=&#8221;2\/3&#8243;][vc_custom_heading text=&#8221;Feeding and Sterilization of Street Animals&#8221; font_container=&#8221;tag:h2|font_size:30|text_align:left|color:%230a0a0a|line_height:35px&#8221; use_theme_fonts=&#8221;yes&#8221;][vc_column_text]We support the sterilization efforts of the directorate and the access of stray animals to clean food through the donations we make periodically to the \u0130\u011fneada Agriculture and Forestry Directorate. In addition, we regularly provide food to our animal friends in the food areas we have created in our facility and we adopt them so that they can have a safer life.[\/vc_column_text][\/vc_column][\/vc_row][vc_row content_placement=&#8221;middle&#8221; css_animation=&#8221;fadeInUp&#8221; el_class=&#8221;row1300&#8243; css=&#8221;.vc_custom_1714042915867{margin-top: 100px !important;margin-bottom: 50px !important;}&#8221;][vc_column width=&#8221;1\/3&#8243;]\r\n   <div class=\"sosyalimg\">\r\n \r\n    <img decoding=\"async\" src=\"https:\/\/longosphere.com\/wp-content\/uploads\/2024\/04\/kutuphane.jpg\" alt=\"sosyal\" class=\"img-fluid\">\r\n    <div class=\"sosyalbgover\"><\/div>\r\n   <\/div>\r\n  \r\n    [\/vc_column][vc_column width=&#8221;2\/3&#8243;][vc_custom_heading text=&#8221;Demirkoy Library&#8221; font_container=&#8221;tag:h2|font_size:30|text_align:left|color:%230a0a0a|line_height:35px&#8221; use_theme_fonts=&#8221;yes&#8221;][vc_column_text]The education of our youth is one of the most important issues for us. In this direction, in order to contribute to the education of future generations, we completed the construction of the Demirk\u00f6y Library and presented it to the K\u0131rklareli Provincial Directorate of National Education and provided assistance so that the library could be filled with books.[\/vc_column_text][\/vc_column][\/vc_row][vc_row content_placement=&#8221;middle&#8221; css_animation=&#8221;fadeInUp&#8221; el_class=&#8221;row1300&#8243; css=&#8221;.vc_custom_1714042923015{margin-top: 100px !important;margin-bottom: 50px !important;}&#8221;][vc_column width=&#8221;1\/3&#8243;]\r\n   <div class=\"sosyalimg\">\r\n \r\n    <img decoding=\"async\" src=\"https:\/\/longosphere.com\/wp-content\/uploads\/2024\/04\/tes.jpg\" alt=\"sosyal\" class=\"img-fluid\">\r\n    <div class=\"sosyalbgover\"><\/div>\r\n   <\/div>\r\n  \r\n    [\/vc_column][vc_column width=&#8221;2\/3&#8243;][vc_custom_heading text=&#8221;\u0130\u011fneada Treatment Plant&#8221; font_container=&#8221;tag:h2|font_size:30|text_align:left|color:%230a0a0a|line_height:35px&#8221; use_theme_fonts=&#8221;yes&#8221;][vc_column_text]We are doing our best to protect the natural beauty and nature of \u0130\u011fneada. The Water Treatment Plant we donated to \u0130\u011fneada Municipality will ensure that \u0130\u011fneada beaches remain clean.[\/vc_column_text][\/vc_column][\/vc_row][vc_row content_placement=&#8221;middle&#8221; css_animation=&#8221;fadeInUp&#8221; el_class=&#8221;row1300&#8243; css=&#8221;.vc_custom_1714042929821{margin-top: 100px !important;margin-bottom: 50px !important;}&#8221;][vc_column width=&#8221;1\/3&#8243;]\r\n   <div class=\"sosyalimg\">\r\n \r\n    <img decoding=\"async\" src=\"https:\/\/longosphere.com\/wp-content\/uploads\/2024\/04\/ot.jpg\" alt=\"sosyal\" class=\"img-fluid\">\r\n    <div class=\"sosyalbgover\"><\/div>\r\n   <\/div>\r\n  \r\n    [\/vc_column][vc_column width=&#8221;2\/3&#8243;][vc_custom_heading text=&#8221;Ecording Project&#8221; font_container=&#8221;tag:h2|font_size:30|text_align:left|color:%230a0a0a|line_height:35px&#8221; use_theme_fonts=&#8221;yes&#8221;][vc_column_text]We release a seed into nature with the help of drones on behalf of each guest staying at Longsphere Glamping.[\/vc_column_text][\/vc_column][\/vc_row][vc_row content_placement=&#8221;middle&#8221; css_animation=&#8221;fadeInUp&#8221; el_class=&#8221;row1300&#8243; css=&#8221;.vc_custom_1714042935591{margin-top: 100px !important;margin-bottom: 50px !important;}&#8221;][vc_column width=&#8221;1\/3&#8243;]\r\n   <div class=\"sosyalimg\">\r\n \r\n    <img decoding=\"async\" src=\"https:\/\/longosphere.com\/wp-content\/uploads\/2024\/04\/cop-toplama.jpg\" alt=\"sosyal\" class=\"img-fluid\">\r\n    <div class=\"sosyalbgover\"><\/div>\r\n   <\/div>\r\n  \r\n    [\/vc_column][vc_column width=&#8221;2\/3&#8243;][vc_custom_heading text=&#8221;Garbage Collection Activity&#8221; font_container=&#8221;tag:h2|font_size:30|text_align:left|color:%230a0a0a|line_height:35px&#8221; use_theme_fonts=&#8221;yes&#8221;][vc_column_text]We organized a garbage collection event with volunteers to keep the Igneada beaches clean and to raise awareness about environmental cleanliness.[\/vc_column_text][\/vc_column][\/vc_row][vc_row][vc_column][vc_empty_space height=&#8221;100px&#8221;][\/vc_column][\/vc_row]<\/p>\n<\/div>","protected":false},"excerpt":{"rendered":"<p>[vc_row content_placement=&#8221;middle&#8221; css_animation=&#8221;fadeInUp&#8221; el_class=&#8221;row1300&#8243; css=&#8221;.vc_custom_1714042910064{margin-top: 100px !important;margin-bottom: 50px !important;}&#8221;][vc_column width=&#8221;1\/3&#8243;][\/vc_column][vc_column width=&#8221;2\/3&#8243;][vc_custom_heading text=&#8221;Feeding and Sterilization of Street Animals&#8221; font_container=&#8221;tag:h2|font_size:30|text_align:left|color:%230a0a0a|line_height:35px&#8221; use_theme_fonts=&#8221;yes&#8221;][vc_column_text]We support the sterilization efforts of the directorate and the access of stray animals to clean food through the donations we make periodically to the \u0130\u011fneada Agriculture and Forestry Directorate. In addition, we regularly provide food to our animal friends in the food areas we have created in our facility and we adopt them so that they can have a safer life.[\/vc_column_text][\/vc_column][\/vc_row][vc_row content_placement=&#8221;middle&#8221; css_animation=&#8221;fadeInUp&#8221; el_class=&#8221;row1300&#8243; css=&#8221;.vc_custom_1714042915867{margin-top: 100px !important;margin-bottom: 50px !important;}&#8221;][vc_column width=&#8221;1\/3&#8243;][\/vc_column][vc_column width=&#8221;2\/3&#8243;][vc_custom_heading text=&#8221;Demirkoy Library&#8221; font_container=&#8221;tag:h2|font_size:30|text_align:left|color:%230a0a0a|line_height:35px&#8221; use_theme_fonts=&#8221;yes&#8221;][vc_column_text]The education of our youth is one [&hellip;]<\/p>\n","protected":false},"author":1,"featured_media":0,"parent":0,"menu_order":88,"comment_status":"closed","ping_status":"closed","template":"","meta":{"footnotes":""},"class_list":["post-1665","page","type-page","status-publish","hentry"],"yoast_head":"<!-- This site is optimized with the Yoast SEO plugin v23.3 - https:\/\/yoast.com\/wordpress\/plugins\/seo\/ -->\n<title>Our Social Responsibility Projects - Longosphere Glamping Longoz Ormanlar\u0131 i\u011fneada Otel<\/title>\n<meta name=\"robots\" content=\"index, follow, max-snippet:-1, max-image-preview:large, max-video-preview:-1\" \/>\n<link rel=\"canonical\" href=\"https:\/\/longosphere.com\/en\/our-social-responsibility-projects\/\" \/>\n<meta property=\"og:locale\" content=\"en_US\" \/>\n<meta property=\"og:type\" content=\"article\" \/>\n<meta property=\"og:title\" content=\"Our Social Responsibility Projects - Longosphere Glamping Longoz Ormanlar\u0131 i\u011fneada Otel\" \/>\n<meta property=\"og:description\" content=\"[vc_row content_placement=&#8221;middle&#8221; css_animation=&#8221;fadeInUp&#8221; el_class=&#8221;row1300&#8243; css=&#8221;.vc_custom_1714042910064{margin-top: 100px !important;margin-bottom: 50px !important;}&#8221;][vc_column width=&#8221;1\/3&#8243;][\/vc_column][vc_column width=&#8221;2\/3&#8243;][vc_custom_heading text=&#8221;Feeding and Sterilization of Street Animals&#8221; font_container=&#8221;tag:h2|font_size:30|text_align:left|color:%230a0a0a|line_height:35px&#8221; use_theme_fonts=&#8221;yes&#8221;][vc_column_text]We support the sterilization efforts of the directorate and the access of stray animals to clean food through the donations we make periodically to the \u0130\u011fneada Agriculture and Forestry Directorate. In addition, we regularly provide food to our animal friends in the food areas we have created in our facility and we adopt them so that they can have a safer life.[\/vc_column_text][\/vc_column][\/vc_row][vc_row content_placement=&#8221;middle&#8221; css_animation=&#8221;fadeInUp&#8221; el_class=&#8221;row1300&#8243; css=&#8221;.vc_custom_1714042915867{margin-top: 100px !important;margin-bottom: 50px !important;}&#8221;][vc_column width=&#8221;1\/3&#8243;][\/vc_column][vc_column width=&#8221;2\/3&#8243;][vc_custom_heading text=&#8221;Demirkoy Library&#8221; font_container=&#8221;tag:h2|font_size:30|text_align:left|color:%230a0a0a|line_height:35px&#8221; use_theme_fonts=&#8221;yes&#8221;][vc_column_text]The education of our youth is one [&hellip;]\" \/>\n<meta property=\"og:url\" content=\"https:\/\/longosphere.com\/en\/our-social-responsibility-projects\/\" \/>\n<meta property=\"og:site_name\" content=\"Longosphere Glamping Longoz Ormanlar\u0131 i\u011fneada Otel\" \/>\n<meta property=\"article:publisher\" content=\"https:\/\/www.instagram.com\/longosphere\" \/>\n<meta property=\"article:modified_time\" content=\"2024-09-05T12:49:07+00:00\" \/>\n<meta name=\"twitter:card\" content=\"summary_large_image\" \/>\n<meta name=\"twitter:label1\" content=\"Est. reading time\" \/>\n\t<meta name=\"twitter:data1\" content=\"3 minutes\" \/>\n<script type=\"application\/ld+json\" class=\"yoast-schema-graph\">{\"@context\":\"https:\/\/schema.org\",\"@graph\":[{\"@type\":\"WebPage\",\"@id\":\"https:\/\/longosphere.com\/en\/our-social-responsibility-projects\/\",\"url\":\"https:\/\/longosphere.com\/en\/our-social-responsibility-projects\/\",\"name\":\"Our Social Responsibility Projects - Longosphere Glamping Longoz Ormanlar\u0131 i\u011fneada Otel\",\"isPartOf\":{\"@id\":\"https:\/\/longosphere.com\/#website\"},\"datePublished\":\"2024-04-25T10:53:17+00:00\",\"dateModified\":\"2024-09-05T12:49:07+00:00\",\"breadcrumb\":{\"@id\":\"https:\/\/longosphere.com\/en\/our-social-responsibility-projects\/#breadcrumb\"},\"inLanguage\":\"en-US\",\"potentialAction\":[{\"@type\":\"ReadAction\",\"target\":[\"https:\/\/longosphere.com\/en\/our-social-responsibility-projects\/\"]}]},{\"@type\":\"BreadcrumbList\",\"@id\":\"https:\/\/longosphere.com\/en\/our-social-responsibility-projects\/#breadcrumb\",\"itemListElement\":[{\"@type\":\"ListItem\",\"position\":1,\"name\":\"\",\"item\":\"https:\/\/longosphere.com\/en\/\"},{\"@type\":\"ListItem\",\"position\":2,\"name\":\"Our Social Responsibility Projects\"}]},{\"@type\":\"WebSite\",\"@id\":\"https:\/\/longosphere.com\/#website\",\"url\":\"https:\/\/longosphere.com\/\",\"name\":\"Longosphere Glamping Longoz Ormanlar\u0131 \u0130\u011fneada Otel\",\"description\":\"T\u00fcrkiye&#039;nin En  B\u00fcy\u00fck Glamping Tesisi\",\"publisher\":{\"@id\":\"https:\/\/longosphere.com\/#organization\"},\"alternateName\":\"Longosphere Glamping\",\"potentialAction\":[{\"@type\":\"SearchAction\",\"target\":{\"@type\":\"EntryPoint\",\"urlTemplate\":\"https:\/\/longosphere.com\/?s={search_term_string}\"},\"query-input\":\"required name=search_term_string\"}],\"inLanguage\":\"en-US\"},{\"@type\":\"Organization\",\"@id\":\"https:\/\/longosphere.com\/#organization\",\"name\":\"Longosphere Glamping Longoz Ormanlar\u0131 \u0130\u011fneada Otel\",\"alternateName\":\"Longosphere Glamping\",\"url\":\"https:\/\/longosphere.com\/\",\"logo\":{\"@type\":\"ImageObject\",\"inLanguage\":\"en-US\",\"@id\":\"https:\/\/longosphere.com\/#\/schema\/logo\/image\/\",\"url\":\"https:\/\/longosphere.com\/wp-content\/uploads\/2024\/04\/logo-y.svg\",\"contentUrl\":\"https:\/\/longosphere.com\/wp-content\/uploads\/2024\/04\/logo-y.svg\",\"width\":1,\"height\":1,\"caption\":\"Longosphere Glamping Longoz Ormanlar\u0131 \u0130\u011fneada Otel\"},\"image\":{\"@id\":\"https:\/\/longosphere.com\/#\/schema\/logo\/image\/\"},\"sameAs\":[\"https:\/\/www.instagram.com\/longosphere\"]}]}<\/script>\n<!-- \/ Yoast SEO plugin. -->","yoast_head_json":{"title":"Our Social Responsibility Projects - Longosphere Glamping Longoz Ormanlar\u0131 i\u011fneada Otel","robots":{"index":"index","follow":"follow","max-snippet":"max-snippet:-1","max-image-preview":"max-image-preview:large","max-video-preview":"max-video-preview:-1"},"canonical":"https:\/\/longosphere.com\/en\/our-social-responsibility-projects\/","og_locale":"en_US","og_type":"article","og_title":"Our Social Responsibility Projects - Longosphere Glamping Longoz Ormanlar\u0131 i\u011fneada Otel","og_description":"[vc_row content_placement=&#8221;middle&#8221; css_animation=&#8221;fadeInUp&#8221; el_class=&#8221;row1300&#8243; css=&#8221;.vc_custom_1714042910064{margin-top: 100px !important;margin-bottom: 50px !important;}&#8221;][vc_column width=&#8221;1\/3&#8243;][\/vc_column][vc_column width=&#8221;2\/3&#8243;][vc_custom_heading text=&#8221;Feeding and Sterilization of Street Animals&#8221; font_container=&#8221;tag:h2|font_size:30|text_align:left|color:%230a0a0a|line_height:35px&#8221; use_theme_fonts=&#8221;yes&#8221;][vc_column_text]We support the sterilization efforts of the directorate and the access of stray animals to clean food through the donations we make periodically to the \u0130\u011fneada Agriculture and Forestry Directorate. In addition, we regularly provide food to our animal friends in the food areas we have created in our facility and we adopt them so that they can have a safer life.[\/vc_column_text][\/vc_column][\/vc_row][vc_row content_placement=&#8221;middle&#8221; css_animation=&#8221;fadeInUp&#8221; el_class=&#8221;row1300&#8243; css=&#8221;.vc_custom_1714042915867{margin-top: 100px !important;margin-bottom: 50px !important;}&#8221;][vc_column width=&#8221;1\/3&#8243;][\/vc_column][vc_column width=&#8221;2\/3&#8243;][vc_custom_heading text=&#8221;Demirkoy Library&#8221; font_container=&#8221;tag:h2|font_size:30|text_align:left|color:%230a0a0a|line_height:35px&#8221; use_theme_fonts=&#8221;yes&#8221;][vc_column_text]The education of our youth is one [&hellip;]","og_url":"https:\/\/longosphere.com\/en\/our-social-responsibility-projects\/","og_site_name":"Longosphere Glamping Longoz Ormanlar\u0131 i\u011fneada Otel","article_publisher":"https:\/\/www.instagram.com\/longosphere","article_modified_time":"2024-09-05T12:49:07+00:00","twitter_card":"summary_large_image","twitter_misc":{"Est. reading time":"3 minutes"},"schema":{"@context":"https:\/\/schema.org","@graph":[{"@type":"WebPage","@id":"https:\/\/longosphere.com\/en\/our-social-responsibility-projects\/","url":"https:\/\/longosphere.com\/en\/our-social-responsibility-projects\/","name":"Our Social Responsibility Projects - Longosphere Glamping Longoz Ormanlar\u0131 i\u011fneada Otel","isPartOf":{"@id":"https:\/\/longosphere.com\/#website"},"datePublished":"2024-04-25T10:53:17+00:00","dateModified":"2024-09-05T12:49:07+00:00","breadcrumb":{"@id":"https:\/\/longosphere.com\/en\/our-social-responsibility-projects\/#breadcrumb"},"inLanguage":"en-US","potentialAction":[{"@type":"ReadAction","target":["https:\/\/longosphere.com\/en\/our-social-responsibility-projects\/"]}]},{"@type":"BreadcrumbList","@id":"https:\/\/longosphere.com\/en\/our-social-responsibility-projects\/#breadcrumb","itemListElement":[{"@type":"ListItem","position":1,"name":"","item":"https:\/\/longosphere.com\/en\/"},{"@type":"ListItem","position":2,"name":"Our Social Responsibility Projects"}]},{"@type":"WebSite","@id":"https:\/\/longosphere.com\/#website","url":"https:\/\/longosphere.com\/","name":"Longosphere Glamping Longoz Ormanlar\u0131 \u0130\u011fneada Otel","description":"T\u00fcrkiye&#039;nin En  B\u00fcy\u00fck Glamping Tesisi","publisher":{"@id":"https:\/\/longosphere.com\/#organization"},"alternateName":"Longosphere Glamping","potentialAction":[{"@type":"SearchAction","target":{"@type":"EntryPoint","urlTemplate":"https:\/\/longosphere.com\/?s={search_term_string}"},"query-input":"required name=search_term_string"}],"inLanguage":"en-US"},{"@type":"Organization","@id":"https:\/\/longosphere.com\/#organization","name":"Longosphere Glamping Longoz Ormanlar\u0131 \u0130\u011fneada Otel","alternateName":"Longosphere Glamping","url":"https:\/\/longosphere.com\/","logo":{"@type":"ImageObject","inLanguage":"en-US","@id":"https:\/\/longosphere.com\/#\/schema\/logo\/image\/","url":"https:\/\/longosphere.com\/wp-content\/uploads\/2024\/04\/logo-y.svg","contentUrl":"https:\/\/longosphere.com\/wp-content\/uploads\/2024\/04\/logo-y.svg","width":1,"height":1,"caption":"Longosphere Glamping Longoz Ormanlar\u0131 \u0130\u011fneada Otel"},"image":{"@id":"https:\/\/longosphere.com\/#\/schema\/logo\/image\/"},"sameAs":["https:\/\/www.instagram.com\/longosphere"]}]}},"_links":{"self":[{"href":"https:\/\/longosphere.com\/en\/wp-json\/wp\/v2\/pages\/1665"}],"collection":[{"href":"https:\/\/longosphere.com\/en\/wp-json\/wp\/v2\/pages"}],"about":[{"href":"https:\/\/longosphere.com\/en\/wp-json\/wp\/v2\/types\/page"}],"author":[{"embeddable":true,"href":"https:\/\/longosphere.com\/en\/wp-json\/wp\/v2\/users\/1"}],"replies":[{"embeddable":true,"href":"https:\/\/longosphere.com\/en\/wp-json\/wp\/v2\/comments?post=1665"}],"version-history":[{"count":2,"href":"https:\/\/longosphere.com\/en\/wp-json\/wp\/v2\/pages\/1665\/revisions"}],"predecessor-version":[{"id":1741,"href":"https:\/\/longosphere.com\/en\/wp-json\/wp\/v2\/pages\/1665\/revisions\/1741"}],"wp:attachment":[{"href":"https:\/\/longosphere.com\/en\/wp-json\/wp\/v2\/media?parent=1665"}],"curies":[{"name":"wp","href":"https:\/\/api.w.org\/{rel}","templated":true}]}}