{"id":1663,"date":"2024-04-27T13:44:51","date_gmt":"2024-04-27T10:44:51","guid":{"rendered":"https:\/\/longosphere.com\/sincap-long-cadir\/"},"modified":"2024-09-05T15:49:01","modified_gmt":"2024-09-05T12:49:01","slug":"squirrel-long-tent","status":"publish","type":"page","link":"https:\/\/longosphere.com\/en\/squirrel-long-tent\/","title":{"rendered":"Squirrel Long Tent"},"content":{"rendered":"<div class=\"wpb-content-wrapper\"><p>[vc_row el_class=&#8221;row1300&#8243;][vc_column][vc_single_image image=&#8221;1087&#8243; img_size=&#8221;full&#8221; el_class=&#8221;imgradius&#8221; css=&#8221;.vc_custom_1724412939367{margin-bottom: 50px !important;}&#8221;][\/vc_column][\/vc_row][vc_row el_class=&#8221;row1300&#8243;][vc_column width=&#8221;2\/3&#8243;][vc_custom_heading text=&#8221;Squirrel Long Tent&#8221; font_container=&#8221;tag:h2|font_size:50|text_align:left|color:%230a0a0a|line_height:45px&#8221; use_theme_fonts=&#8221;yes&#8221; el_class=&#8221;konaklamamaintitle&#8221;][vc_column_text css=&#8221;.vc_custom_1725539422044{margin-top: 40px !important;}&#8221;]Our 35 SincapLong tents with panoramic glass ceilings in our facility are designed to make your camping experience in nature the most comfortable, and will allow you to feel the purest form of nature thanks to its breathable tent fabric, antibacterial wooden floor and panoramic glass ceiling.<\/p>\n<p>Inside our 24m\u00b2 tents;<\/p>\n<p>9000 BTU Air Conditioning<br \/>\nTea and coffee setups<br \/>\n220 Volt electricity<br \/>\nMini bar<br \/>\nClothes hanger<br \/>\nWireless internet<br \/>\nAntibacterial wooden floor<br \/>\nShower and toilet<br \/>\nHair dryer and toiletries<br \/>\nThere is a garden table and chair in the seating area.<\/p>\n<p>Our Sincap Long tents are suitable for +12 years old accommodation, and can accommodate a maximum of 2 people.<\/p>\n<p>They are not suitable for pet accommodation.<\/p>\n<p>These areas are designed to make the camping experience more comfortable.<\/p>\n<p>Thanks to its special fabric, the effects of weather events such as rain, snow and wind are minimized.<\/p>\n<p>The 9000 BTU air conditioner inside provides heating up to 22 to 24 degrees, and additional heater support is available for our guests who request it.[\/vc_column_text][vc_separator color=&#8221;custom&#8221; accent_color=&#8221;#e1e1e1&#8243; css=&#8221;.vc_custom_1714214822116{margin-top: 40px !important;margin-bottom: 40px !important;}&#8221;]\r\n  <div class=\"ikontitle\">\r\n  <img decoding=\"async\" src=\"https:\/\/longosphere.com\/wp-content\/uploads\/2024\/04\/longodetay.svg\" alt=\"Tesis \u00d6zellikleri\" class=\"ikontitle-img\">\r\n    <h2>Tesis \u00d6zellikleri<\/h2>\r\n  <\/div>\r\n    [vc_row_inner css=&#8221;.vc_custom_1714215183535{margin-top: 40px !important;}&#8221;][vc_column_inner width=&#8221;1\/2&#8243;]\r\n  <div class=\"ikonoge\">\r\n  <div class=\"ikonogeimg\">\r\n  <img decoding=\"async\" src=\"https:\/\/longosphere.com\/wp-content\/uploads\/2024\/04\/internet.svg\" alt=\"Wireless Internet\" class=\"ikontitle-img\">\r\n  <\/div>\r\n    <h2>Wireless Internet<\/h2>\r\n  <\/div>\r\n    \r\n  <div class=\"ikonoge\">\r\n  <div class=\"ikonogeimg\">\r\n  <img decoding=\"async\" src=\"https:\/\/longosphere.com\/wp-content\/uploads\/2024\/04\/kahve.svg\" alt=\"Tea and Coffee Service\" class=\"ikontitle-img\">\r\n  <\/div>\r\n    <h2>Tea and Coffee Service<\/h2>\r\n  <\/div>\r\n    \r\n  <div class=\"ikonoge\">\r\n  <div class=\"ikonogeimg\">\r\n  <img decoding=\"async\" src=\"https:\/\/longosphere.com\/wp-content\/uploads\/2024\/04\/minibar.svg\" alt=\"Mini bar\" class=\"ikontitle-img\">\r\n  <\/div>\r\n    <h2>Mini bar<\/h2>\r\n  <\/div>\r\n    \r\n  <div class=\"ikonoge\">\r\n  <div class=\"ikonogeimg\">\r\n  <img decoding=\"async\" src=\"https:\/\/longosphere.com\/wp-content\/uploads\/2024\/04\/zemin.svg\" alt=\"Antibacterial Wooden Floor\" class=\"ikontitle-img\">\r\n  <\/div>\r\n    <h2>Antibacterial Wooden Floor<\/h2>\r\n  <\/div>\r\n    \r\n  <div class=\"ikonoge\">\r\n  <div class=\"ikonogeimg\">\r\n  <img decoding=\"async\" src=\"https:\/\/longosphere.com\/wp-content\/uploads\/2024\/04\/wc.svg\" alt=\"Toilet\" class=\"ikontitle-img\">\r\n  <\/div>\r\n    <h2>Toilet<\/h2>\r\n  <\/div>\r\n    \r\n  <div class=\"ikonoge\">\r\n  <div class=\"ikonogeimg\">\r\n  <img decoding=\"async\" src=\"https:\/\/longosphere.com\/wp-content\/uploads\/2024\/04\/bahce.svg\" alt=\"Garden Seating Group\" class=\"ikontitle-img\">\r\n  <\/div>\r\n    <h2>Garden Seating Group<\/h2>\r\n  <\/div>\r\n    [\/vc_column_inner][vc_column_inner width=&#8221;1\/2&#8243;]\r\n  <div class=\"ikonoge\">\r\n  <div class=\"ikonogeimg\">\r\n  <img decoding=\"async\" src=\"https:\/\/longosphere.com\/wp-content\/uploads\/2024\/04\/klima.svg\" alt=\"9000 BTU Klima\" class=\"ikontitle-img\">\r\n  <\/div>\r\n    <h2>9000 BTU Klima<\/h2>\r\n  <\/div>\r\n    \r\n  <div class=\"ikonoge\">\r\n  <div class=\"ikonogeimg\">\r\n  <img decoding=\"async\" src=\"https:\/\/longosphere.com\/wp-content\/uploads\/2024\/04\/dus.svg\" alt=\"Shower\" class=\"ikontitle-img\">\r\n  <\/div>\r\n    <h2>Shower<\/h2>\r\n  <\/div>\r\n    \r\n  <div class=\"ikonoge\">\r\n  <div class=\"ikonogeimg\">\r\n  <img decoding=\"async\" src=\"https:\/\/longosphere.com\/wp-content\/uploads\/2024\/04\/hair_dryer.svg\" alt=\"Hair dryer\" class=\"ikontitle-img\">\r\n  <\/div>\r\n    <h2>Hair dryer<\/h2>\r\n  <\/div>\r\n    \r\n  <div class=\"ikonoge\">\r\n  <div class=\"ikonogeimg\">\r\n  <img decoding=\"async\" src=\"https:\/\/longosphere.com\/wp-content\/uploads\/2024\/04\/banyo.svg\" alt=\"Bathroom Supplies\" class=\"ikontitle-img\">\r\n  <\/div>\r\n    <h2>Bathroom Supplies<\/h2>\r\n  <\/div>\r\n    \r\n  <div class=\"ikonoge\">\r\n  <div class=\"ikonogeimg\">\r\n  <img decoding=\"async\" src=\"https:\/\/longosphere.com\/wp-content\/uploads\/2024\/04\/ekeltrik.svg\" alt=\"220 Volt Electricity\" class=\"ikontitle-img\">\r\n  <\/div>\r\n    <h2>220 Volt Electricity<\/h2>\r\n  <\/div>\r\n    \r\n  <div class=\"ikonoge\">\r\n  <div class=\"ikonogeimg\">\r\n  <img decoding=\"async\" src=\"https:\/\/longosphere.com\/wp-content\/uploads\/2024\/04\/terlik.svg\" alt=\"Slipper\" class=\"ikontitle-img\">\r\n  <\/div>\r\n    <h2>Slipper<\/h2>\r\n  <\/div>\r\n    [\/vc_column_inner][\/vc_row_inner][vc_separator color=&#8221;custom&#8221; accent_color=&#8221;#e1e1e1&#8243; css=&#8221;.vc_custom_1714214822116{margin-top: 40px !important;margin-bottom: 40px !important;}&#8221;]\r\n  <div class=\"ikontitle\">\r\n  <img decoding=\"async\" src=\"https:\/\/longosphere.com\/wp-content\/uploads\/2024\/04\/longodetay.svg\" alt=\"Tent Gallery\" class=\"ikontitle-img\">\r\n    <h2>Tent Gallery<\/h2>\r\n  <\/div>\r\n    \r\n     <div class=\"cadirsl\">\r\n     <div class=\"row\">\r\n\r\n       <div class=\"col-md-4 mb-4\" data-hash=\"urun-1\">\r\n       <a data-fslightbox=\"gallery\" href=\"https:\/\/longosphere.com\/wp-content\/uploads\/2024\/08\/image00010.jpg\">\r\n           <img decoding=\"async\" class=\"img-fluid\" src=\"https:\/\/longosphere.com\/wp-content\/uploads\/2024\/08\/image00010.jpg\" alt=\"\">\r\n       <\/a>\r\n       <\/div>\r\n       \r\n\r\n       <div class=\"col-md-4 mb-4\" data-hash=\"urun-2\">\r\n       <a data-fslightbox=\"gallery\" href=\"https:\/\/longosphere.com\/wp-content\/uploads\/2024\/08\/image00002.jpg\">\r\n           <img decoding=\"async\" class=\"img-fluid\" src=\"https:\/\/longosphere.com\/wp-content\/uploads\/2024\/08\/image00002.jpg\" alt=\"\">\r\n       <\/a>\r\n       <\/div>\r\n       \r\n\r\n       <div class=\"col-md-4 mb-4\" data-hash=\"urun-3\">\r\n       <a data-fslightbox=\"gallery\" href=\"https:\/\/longosphere.com\/wp-content\/uploads\/2024\/04\/4.jpg\">\r\n           <img decoding=\"async\" class=\"img-fluid\" src=\"https:\/\/longosphere.com\/wp-content\/uploads\/2024\/04\/4.jpg\" alt=\"\">\r\n       <\/a>\r\n       <\/div>\r\n       \r\n\r\n       <div class=\"col-md-4 mb-4\" data-hash=\"urun-4\">\r\n       <a data-fslightbox=\"gallery\" href=\"https:\/\/longosphere.com\/wp-content\/uploads\/2024\/08\/image00007.jpg\">\r\n           <img decoding=\"async\" class=\"img-fluid\" src=\"https:\/\/longosphere.com\/wp-content\/uploads\/2024\/08\/image00007.jpg\" alt=\"\">\r\n       <\/a>\r\n       <\/div>\r\n       \r\n\r\n       <div class=\"col-md-4 mb-4\" data-hash=\"urun-5\">\r\n       <a data-fslightbox=\"gallery\" href=\"https:\/\/longosphere.com\/wp-content\/uploads\/2024\/08\/image00005.jpg\">\r\n           <img decoding=\"async\" class=\"img-fluid\" src=\"https:\/\/longosphere.com\/wp-content\/uploads\/2024\/08\/image00005.jpg\" alt=\"\">\r\n       <\/a>\r\n       <\/div>\r\n       \r\n\r\n       <div class=\"col-md-4 mb-4\" data-hash=\"urun-6\">\r\n       <a data-fslightbox=\"gallery\" href=\"https:\/\/longosphere.com\/wp-content\/uploads\/2024\/04\/sincap-long-cadir-7.jpg\">\r\n           <img decoding=\"async\" class=\"img-fluid\" src=\"https:\/\/longosphere.com\/wp-content\/uploads\/2024\/04\/sincap-long-cadir-7.jpg\" alt=\"\">\r\n       <\/a>\r\n       <\/div>\r\n       \r\n\r\n       <div class=\"col-md-4 mb-4\" data-hash=\"urun-7\">\r\n       <a data-fslightbox=\"gallery\" href=\"https:\/\/longosphere.com\/wp-content\/uploads\/2024\/08\/image00009.jpg\">\r\n           <img decoding=\"async\" class=\"img-fluid\" src=\"https:\/\/longosphere.com\/wp-content\/uploads\/2024\/08\/image00009.jpg\" alt=\"\">\r\n       <\/a>\r\n       <\/div>\r\n       \r\n\r\n       <div class=\"col-md-4 mb-4\" data-hash=\"urun-8\">\r\n       <a data-fslightbox=\"gallery\" href=\"https:\/\/longosphere.com\/wp-content\/uploads\/2024\/08\/image00008.jpg\">\r\n           <img decoding=\"async\" class=\"img-fluid\" src=\"https:\/\/longosphere.com\/wp-content\/uploads\/2024\/08\/image00008.jpg\" alt=\"\">\r\n       <\/a>\r\n       <\/div>\r\n       \r\n\r\n       <div class=\"col-md-4 mb-4\" data-hash=\"urun-9\">\r\n       <a data-fslightbox=\"gallery\" href=\"https:\/\/longosphere.com\/wp-content\/uploads\/2024\/08\/image00001.jpg\">\r\n           <img decoding=\"async\" class=\"img-fluid\" src=\"https:\/\/longosphere.com\/wp-content\/uploads\/2024\/08\/image00001.jpg\" alt=\"\">\r\n       <\/a>\r\n       <\/div>\r\n       \r\n\r\n       <div class=\"col-md-4 mb-4\" data-hash=\"urun-10\">\r\n       <a data-fslightbox=\"gallery\" href=\"https:\/\/longosphere.com\/wp-content\/uploads\/2024\/04\/2.jpg\">\r\n           <img decoding=\"async\" class=\"img-fluid\" src=\"https:\/\/longosphere.com\/wp-content\/uploads\/2024\/04\/2.jpg\" alt=\"\">\r\n       <\/a>\r\n       <\/div>\r\n       <\/div><\/div>[vc_separator color=&#8221;custom&#8221; accent_color=&#8221;#e1e1e1&#8243; css=&#8221;.vc_custom_1714214822116{margin-top: 40px !important;margin-bottom: 40px !important;}&#8221;]\r\n  <div class=\"ikontitle\">\r\n  <img decoding=\"async\" src=\"https:\/\/longosphere.com\/wp-content\/uploads\/2024\/04\/longodetay.svg\" alt=\"Notification\" class=\"ikontitle-img\">\r\n    <h2>Notification<\/h2>\r\n  <\/div>\r\n    [vc_column_text css=&#8221;.vc_custom_1725539588415{margin-top: 40px !important;}&#8221;]Dear guests, there is a <strong>+12 age<\/strong> restriction in our Squirrel Long tents. For information and reservations, you can reach us at <a href=\"tel:4445267\">444 5267<\/a>, WhatsApp line <a href=\"https:\/\/wa.me\/905498389321\">+90 0549 838 9321<\/a> or info@longosphere.com.<\/p>\n<p>Since our Squirrel Tents are not suitable for our furry friends, we can accommodate our furry friends in our other tent types.[\/vc_column_text][\/vc_column][vc_column width=&#8221;1\/3&#8243; el_class=&#8221;kdetayright&#8221;]\r\n    <a href=\"https:\/\/longosphere-glamping.elektrabulut.com\/\" class=\"booknow\">\r\n    <span class=\"icon\"> <img decoding=\"async\" src=\"https:\/\/longosphere.com\/wp-content\/uploads\/2024\/04\/concierge-bell-solid.svg\" alt=\"MAKE A RESERVATION\" class=\"ikontitle-img\"><\/span>\r\n    <span class=\"bookname\">MAKE A RESERVATION<\/span>  <\/a>\r\n\r\n\r\n    [vc_column_text css=&#8221;.vc_custom_1725539469526{margin-top: 40px !important;}&#8221;]<strong>Before Reservation;<\/strong><\/p>\n<p>Dear guests, there is a +12 age restriction in our squirrel long tents. For information and reservations, you can reach us at <a href=\"tel:4445267\">444 5267<\/a>, WhatsApp line <a href=\"https:\/\/wa.me\/905498389321\">+90 0549 838 9321<\/a> or <a href=\"mailto:info@longosphere.com\">info@longosphere.com<\/a>.<\/p>\n<p>Since our squirrel tents are not suitable for our furry friends, we can accommodate our furry friends in our other tent types.[\/vc_column_text][vc_row_inner el_class=&#8221;longobanner&#8221;][vc_column_inner][vc_custom_heading text=&#8221;Download Our Longosphere Mobile App&#8221; use_theme_fonts=&#8221;yes&#8221; el_class=&#8221;longobannertitle&#8221;][vc_single_image image=&#8221;871&#8243; img_size=&#8221;full&#8221; onclick=&#8221;custom_link&#8221; img_link_target=&#8221;_blank&#8221; link=&#8221;https:\/\/apps.apple.com\/tr\/app\/longosphere-glamping\/id6467126844&#8243;][vc_single_image image=&#8221;872&#8243; img_size=&#8221;full&#8221; onclick=&#8221;custom_link&#8221; img_link_target=&#8221;_blank&#8221; link=&#8221;https:\/\/play.google.com\/store\/apps\/details?id=com.longosphereglamping.hotelapp&amp;hl=tr&amp;gl=US&#8221;][\/vc_column_inner][\/vc_row_inner][\/vc_column][\/vc_row]<\/p>\n<\/div>","protected":false},"excerpt":{"rendered":"<p>[vc_row el_class=&#8221;row1300&#8243;][vc_column][vc_single_image image=&#8221;1087&#8243; img_size=&#8221;full&#8221; el_class=&#8221;imgradius&#8221; css=&#8221;.vc_custom_1724412939367{margin-bottom: 50px !important;}&#8221;][\/vc_column][\/vc_row][vc_row el_class=&#8221;row1300&#8243;][vc_column width=&#8221;2\/3&#8243;][vc_custom_heading text=&#8221;Squirrel Long Tent&#8221; font_container=&#8221;tag:h2|font_size:50|text_align:left|color:%230a0a0a|line_height:45px&#8221; use_theme_fonts=&#8221;yes&#8221; el_class=&#8221;konaklamamaintitle&#8221;][vc_column_text css=&#8221;.vc_custom_1725539422044{margin-top: 40px !important;}&#8221;]Our 35 SincapLong tents with panoramic glass ceilings in our facility are designed to make your camping experience in nature the most comfortable, and will allow you to feel the purest form of nature thanks to its breathable tent fabric, antibacterial wooden floor and panoramic glass ceiling. Inside our 24m\u00b2 tents; 9000 BTU Air Conditioning Tea and coffee setups 220 Volt electricity Mini bar Clothes hanger Wireless internet Antibacterial wooden floor Shower and toilet Hair dryer and toiletries There is a garden [&hellip;]<\/p>\n","protected":false},"author":1,"featured_media":0,"parent":0,"menu_order":87,"comment_status":"closed","ping_status":"closed","template":"konaklama.php","meta":{"footnotes":""},"class_list":["post-1663","page","type-page","status-publish","hentry"],"yoast_head":"<!-- This site is optimized with the Yoast SEO plugin v23.3 - https:\/\/yoast.com\/wordpress\/plugins\/seo\/ -->\n<title>Squirrel Long Tent - Longosphere Glamping Longoz Ormanlar\u0131 i\u011fneada Otel<\/title>\n<meta name=\"robots\" content=\"index, follow, max-snippet:-1, max-image-preview:large, max-video-preview:-1\" \/>\n<link rel=\"canonical\" href=\"https:\/\/longosphere.com\/en\/squirrel-long-tent\/\" \/>\n<meta property=\"og:locale\" content=\"en_US\" \/>\n<meta property=\"og:type\" content=\"article\" \/>\n<meta property=\"og:title\" content=\"Squirrel Long Tent - Longosphere Glamping Longoz Ormanlar\u0131 i\u011fneada Otel\" \/>\n<meta property=\"og:description\" content=\"[vc_row el_class=&#8221;row1300&#8243;][vc_column][vc_single_image image=&#8221;1087&#8243; img_size=&#8221;full&#8221; el_class=&#8221;imgradius&#8221; css=&#8221;.vc_custom_1724412939367{margin-bottom: 50px !important;}&#8221;][\/vc_column][\/vc_row][vc_row el_class=&#8221;row1300&#8243;][vc_column width=&#8221;2\/3&#8243;][vc_custom_heading text=&#8221;Squirrel Long Tent&#8221; font_container=&#8221;tag:h2|font_size:50|text_align:left|color:%230a0a0a|line_height:45px&#8221; use_theme_fonts=&#8221;yes&#8221; el_class=&#8221;konaklamamaintitle&#8221;][vc_column_text css=&#8221;.vc_custom_1725539422044{margin-top: 40px !important;}&#8221;]Our 35 SincapLong tents with panoramic glass ceilings in our facility are designed to make your camping experience in nature the most comfortable, and will allow you to feel the purest form of nature thanks to its breathable tent fabric, antibacterial wooden floor and panoramic glass ceiling. Inside our 24m\u00b2 tents; 9000 BTU Air Conditioning Tea and coffee setups 220 Volt electricity Mini bar Clothes hanger Wireless internet Antibacterial wooden floor Shower and toilet Hair dryer and toiletries There is a garden [&hellip;]\" \/>\n<meta property=\"og:url\" content=\"https:\/\/longosphere.com\/en\/squirrel-long-tent\/\" \/>\n<meta property=\"og:site_name\" content=\"Longosphere Glamping Longoz Ormanlar\u0131 i\u011fneada Otel\" \/>\n<meta property=\"article:publisher\" content=\"https:\/\/www.instagram.com\/longosphere\" \/>\n<meta property=\"article:modified_time\" content=\"2024-09-05T12:49:01+00:00\" \/>\n<meta name=\"twitter:card\" content=\"summary_large_image\" \/>\n<meta name=\"twitter:label1\" content=\"Est. reading time\" \/>\n\t<meta name=\"twitter:data1\" content=\"7 minutes\" \/>\n<script type=\"application\/ld+json\" class=\"yoast-schema-graph\">{\"@context\":\"https:\/\/schema.org\",\"@graph\":[{\"@type\":\"WebPage\",\"@id\":\"https:\/\/longosphere.com\/en\/squirrel-long-tent\/\",\"url\":\"https:\/\/longosphere.com\/en\/squirrel-long-tent\/\",\"name\":\"Squirrel Long Tent - Longosphere Glamping Longoz Ormanlar\u0131 i\u011fneada Otel\",\"isPartOf\":{\"@id\":\"https:\/\/longosphere.com\/#website\"},\"datePublished\":\"2024-04-27T10:44:51+00:00\",\"dateModified\":\"2024-09-05T12:49:01+00:00\",\"breadcrumb\":{\"@id\":\"https:\/\/longosphere.com\/en\/squirrel-long-tent\/#breadcrumb\"},\"inLanguage\":\"en-US\",\"potentialAction\":[{\"@type\":\"ReadAction\",\"target\":[\"https:\/\/longosphere.com\/en\/squirrel-long-tent\/\"]}]},{\"@type\":\"BreadcrumbList\",\"@id\":\"https:\/\/longosphere.com\/en\/squirrel-long-tent\/#breadcrumb\",\"itemListElement\":[{\"@type\":\"ListItem\",\"position\":1,\"name\":\"\",\"item\":\"https:\/\/longosphere.com\/en\/\"},{\"@type\":\"ListItem\",\"position\":2,\"name\":\"Squirrel Long Tent\"}]},{\"@type\":\"WebSite\",\"@id\":\"https:\/\/longosphere.com\/#website\",\"url\":\"https:\/\/longosphere.com\/\",\"name\":\"Longosphere Glamping Longoz Ormanlar\u0131 \u0130\u011fneada Otel\",\"description\":\"T\u00fcrkiye&#039;nin En  B\u00fcy\u00fck Glamping Tesisi\",\"publisher\":{\"@id\":\"https:\/\/longosphere.com\/#organization\"},\"alternateName\":\"Longosphere Glamping\",\"potentialAction\":[{\"@type\":\"SearchAction\",\"target\":{\"@type\":\"EntryPoint\",\"urlTemplate\":\"https:\/\/longosphere.com\/?s={search_term_string}\"},\"query-input\":\"required name=search_term_string\"}],\"inLanguage\":\"en-US\"},{\"@type\":\"Organization\",\"@id\":\"https:\/\/longosphere.com\/#organization\",\"name\":\"Longosphere Glamping Longoz Ormanlar\u0131 \u0130\u011fneada Otel\",\"alternateName\":\"Longosphere Glamping\",\"url\":\"https:\/\/longosphere.com\/\",\"logo\":{\"@type\":\"ImageObject\",\"inLanguage\":\"en-US\",\"@id\":\"https:\/\/longosphere.com\/#\/schema\/logo\/image\/\",\"url\":\"https:\/\/longosphere.com\/wp-content\/uploads\/2024\/04\/logo-y.svg\",\"contentUrl\":\"https:\/\/longosphere.com\/wp-content\/uploads\/2024\/04\/logo-y.svg\",\"width\":1,\"height\":1,\"caption\":\"Longosphere Glamping Longoz Ormanlar\u0131 \u0130\u011fneada Otel\"},\"image\":{\"@id\":\"https:\/\/longosphere.com\/#\/schema\/logo\/image\/\"},\"sameAs\":[\"https:\/\/www.instagram.com\/longosphere\"]}]}<\/script>\n<!-- \/ Yoast SEO plugin. -->","yoast_head_json":{"title":"Squirrel Long Tent - Longosphere Glamping Longoz Ormanlar\u0131 i\u011fneada Otel","robots":{"index":"index","follow":"follow","max-snippet":"max-snippet:-1","max-image-preview":"max-image-preview:large","max-video-preview":"max-video-preview:-1"},"canonical":"https:\/\/longosphere.com\/en\/squirrel-long-tent\/","og_locale":"en_US","og_type":"article","og_title":"Squirrel Long Tent - Longosphere Glamping Longoz Ormanlar\u0131 i\u011fneada Otel","og_description":"[vc_row el_class=&#8221;row1300&#8243;][vc_column][vc_single_image image=&#8221;1087&#8243; img_size=&#8221;full&#8221; el_class=&#8221;imgradius&#8221; css=&#8221;.vc_custom_1724412939367{margin-bottom: 50px !important;}&#8221;][\/vc_column][\/vc_row][vc_row el_class=&#8221;row1300&#8243;][vc_column width=&#8221;2\/3&#8243;][vc_custom_heading text=&#8221;Squirrel Long Tent&#8221; font_container=&#8221;tag:h2|font_size:50|text_align:left|color:%230a0a0a|line_height:45px&#8221; use_theme_fonts=&#8221;yes&#8221; el_class=&#8221;konaklamamaintitle&#8221;][vc_column_text css=&#8221;.vc_custom_1725539422044{margin-top: 40px !important;}&#8221;]Our 35 SincapLong tents with panoramic glass ceilings in our facility are designed to make your camping experience in nature the most comfortable, and will allow you to feel the purest form of nature thanks to its breathable tent fabric, antibacterial wooden floor and panoramic glass ceiling. Inside our 24m\u00b2 tents; 9000 BTU Air Conditioning Tea and coffee setups 220 Volt electricity Mini bar Clothes hanger Wireless internet Antibacterial wooden floor Shower and toilet Hair dryer and toiletries There is a garden [&hellip;]","og_url":"https:\/\/longosphere.com\/en\/squirrel-long-tent\/","og_site_name":"Longosphere Glamping Longoz Ormanlar\u0131 i\u011fneada Otel","article_publisher":"https:\/\/www.instagram.com\/longosphere","article_modified_time":"2024-09-05T12:49:01+00:00","twitter_card":"summary_large_image","twitter_misc":{"Est. reading time":"7 minutes"},"schema":{"@context":"https:\/\/schema.org","@graph":[{"@type":"WebPage","@id":"https:\/\/longosphere.com\/en\/squirrel-long-tent\/","url":"https:\/\/longosphere.com\/en\/squirrel-long-tent\/","name":"Squirrel Long Tent - Longosphere Glamping Longoz Ormanlar\u0131 i\u011fneada Otel","isPartOf":{"@id":"https:\/\/longosphere.com\/#website"},"datePublished":"2024-04-27T10:44:51+00:00","dateModified":"2024-09-05T12:49:01+00:00","breadcrumb":{"@id":"https:\/\/longosphere.com\/en\/squirrel-long-tent\/#breadcrumb"},"inLanguage":"en-US","potentialAction":[{"@type":"ReadAction","target":["https:\/\/longosphere.com\/en\/squirrel-long-tent\/"]}]},{"@type":"BreadcrumbList","@id":"https:\/\/longosphere.com\/en\/squirrel-long-tent\/#breadcrumb","itemListElement":[{"@type":"ListItem","position":1,"name":"","item":"https:\/\/longosphere.com\/en\/"},{"@type":"ListItem","position":2,"name":"Squirrel Long Tent"}]},{"@type":"WebSite","@id":"https:\/\/longosphere.com\/#website","url":"https:\/\/longosphere.com\/","name":"Longosphere Glamping Longoz Ormanlar\u0131 \u0130\u011fneada Otel","description":"T\u00fcrkiye&#039;nin En  B\u00fcy\u00fck Glamping Tesisi","publisher":{"@id":"https:\/\/longosphere.com\/#organization"},"alternateName":"Longosphere Glamping","potentialAction":[{"@type":"SearchAction","target":{"@type":"EntryPoint","urlTemplate":"https:\/\/longosphere.com\/?s={search_term_string}"},"query-input":"required name=search_term_string"}],"inLanguage":"en-US"},{"@type":"Organization","@id":"https:\/\/longosphere.com\/#organization","name":"Longosphere Glamping Longoz Ormanlar\u0131 \u0130\u011fneada Otel","alternateName":"Longosphere Glamping","url":"https:\/\/longosphere.com\/","logo":{"@type":"ImageObject","inLanguage":"en-US","@id":"https:\/\/longosphere.com\/#\/schema\/logo\/image\/","url":"https:\/\/longosphere.com\/wp-content\/uploads\/2024\/04\/logo-y.svg","contentUrl":"https:\/\/longosphere.com\/wp-content\/uploads\/2024\/04\/logo-y.svg","width":1,"height":1,"caption":"Longosphere Glamping Longoz Ormanlar\u0131 \u0130\u011fneada Otel"},"image":{"@id":"https:\/\/longosphere.com\/#\/schema\/logo\/image\/"},"sameAs":["https:\/\/www.instagram.com\/longosphere"]}]}},"_links":{"self":[{"href":"https:\/\/longosphere.com\/en\/wp-json\/wp\/v2\/pages\/1663"}],"collection":[{"href":"https:\/\/longosphere.com\/en\/wp-json\/wp\/v2\/pages"}],"about":[{"href":"https:\/\/longosphere.com\/en\/wp-json\/wp\/v2\/types\/page"}],"author":[{"embeddable":true,"href":"https:\/\/longosphere.com\/en\/wp-json\/wp\/v2\/users\/1"}],"replies":[{"embeddable":true,"href":"https:\/\/longosphere.com\/en\/wp-json\/wp\/v2\/comments?post=1663"}],"version-history":[{"count":2,"href":"https:\/\/longosphere.com\/en\/wp-json\/wp\/v2\/pages\/1663\/revisions"}],"predecessor-version":[{"id":1737,"href":"https:\/\/longosphere.com\/en\/wp-json\/wp\/v2\/pages\/1663\/revisions\/1737"}],"wp:attachment":[{"href":"https:\/\/longosphere.com\/en\/wp-json\/wp\/v2\/media?parent=1663"}],"curies":[{"name":"wp","href":"https:\/\/api.w.org\/{rel}","templated":true}]}}