{"id":1662,"date":"2024-04-28T22:35:44","date_gmt":"2024-04-28T19:35:44","guid":{"rendered":"https:\/\/longosphere.com\/sincap-cadir\/"},"modified":"2024-09-05T15:48:58","modified_gmt":"2024-09-05T12:48:58","slug":"squirrel-tent","status":"publish","type":"page","link":"https:\/\/longosphere.com\/en\/squirrel-tent\/","title":{"rendered":"Squirrel Tent"},"content":{"rendered":"<div class=\"wpb-content-wrapper\"><p>[vc_row el_class=&#8221;row1300&#8243;][vc_column][vc_single_image image=&#8221;181&#8243; img_size=&#8221;full&#8221; el_class=&#8221;imgradius&#8221; css=&#8221;.vc_custom_1714332888164{margin-bottom: 50px !important;}&#8221;][\/vc_column][\/vc_row][vc_row el_class=&#8221;row1300&#8243;][vc_column width=&#8221;2\/3&#8243;][vc_custom_heading text=&#8221;Squirrel Tent&#8221; font_container=&#8221;tag:h2|font_size:50|text_align:left|color:%230a0a0a|line_height:45px&#8221; use_theme_fonts=&#8221;yes&#8221; el_class=&#8221;konaklamamaintitle&#8221;][vc_column_text css=&#8221;.vc_custom_1725538605334{margin-top: 40px !important;}&#8221;]The Squirrel Tent offers a unique glamping experience that brings comfort and nature together. Ideal for a peaceful stay in the tranquility of nature, this tent has an antibacterial wooden floor and a garden seating group, and your comfort and ease are our priorities during your time spent in touch with nature. Our squirrel tents are suitable for 12+ years of age and can accommodate a maximum of 2 people. They are not suitable for pets. These areas are designed to make the camping experience more comfortable. Thanks to its special fabric, the effects of weather events such as rain, snow and wind are minimized. The convector fan heater inside provides heating up to 20 to 22 degrees and electric blanket support is available for our guests who request it.<\/p>\n<p>Inside our tents, which are in the 20m\u00b2 range;<\/p>\n<p>Convector fan heater (with electric blanket support)<br \/>\n220 Volt electricity<br \/>\nMini bar<br \/>\nClothes hanger<br \/>\nWireless internet<br \/>\nShower and toilet (common area)<br \/>\nHair dryer and toiletries (common area)<br \/>\nThere is a garden table and chair in the living area.<\/p>\n<p>Our squirrel tents are suitable for +12 years old accommodation and can accommodate a maximum of 2 people. They are not suitable for pets.<\/p>\n<p>These areas are designed to make the camping experience more comfortable.<\/p>\n<p>Thanks to its special fabric, the effects of weather events such as rain, snow and wind are minimized.<\/p>\n<p>The convector fan heater inside provides heating up to 20 to 22 degrees and electric blanket support is available for our guests who request it.[\/vc_column_text][vc_separator color=&#8221;custom&#8221; accent_color=&#8221;#e1e1e1&#8243; css=&#8221;.vc_custom_1714214822116{margin-top: 40px !important;margin-bottom: 40px !important;}&#8221;]\r\n  <div class=\"ikontitle\">\r\n  <img decoding=\"async\" src=\"https:\/\/longosphere.com\/wp-content\/uploads\/2024\/04\/longodetay.svg\" alt=\"Facility Features\" class=\"ikontitle-img\">\r\n    <h2>Facility Features<\/h2>\r\n  <\/div>\r\n    [vc_row_inner css=&#8221;.vc_custom_1714215183535{margin-top: 40px !important;}&#8221;][vc_column_inner width=&#8221;1\/2&#8243;]\r\n  <div class=\"ikonoge\">\r\n  <div class=\"ikonogeimg\">\r\n  <img decoding=\"async\" src=\"https:\/\/longosphere.com\/wp-content\/uploads\/2024\/04\/internet.svg\" alt=\"Wireless Internet\" class=\"ikontitle-img\">\r\n  <\/div>\r\n    <h2>Wireless Internet<\/h2>\r\n  <\/div>\r\n    \r\n  <div class=\"ikonoge\">\r\n  <div class=\"ikonogeimg\">\r\n  <img decoding=\"async\" src=\"https:\/\/longosphere.com\/wp-content\/uploads\/2024\/04\/kahve.svg\" alt=\"Tea and Coffee Service\" class=\"ikontitle-img\">\r\n  <\/div>\r\n    <h2>Tea and Coffee Service<\/h2>\r\n  <\/div>\r\n    \r\n  <div class=\"ikonoge\">\r\n  <div class=\"ikonogeimg\">\r\n  <img decoding=\"async\" src=\"https:\/\/longosphere.com\/wp-content\/uploads\/2024\/04\/minibar.svg\" alt=\"Minibar\" class=\"ikontitle-img\">\r\n  <\/div>\r\n    <h2>Minibar<\/h2>\r\n  <\/div>\r\n    \r\n  <div class=\"ikonoge\">\r\n  <div class=\"ikonogeimg\">\r\n  <img decoding=\"async\" src=\"https:\/\/longosphere.com\/wp-content\/uploads\/2024\/04\/zemin.svg\" alt=\"Antibacterial Wooden Floor\" class=\"ikontitle-img\">\r\n  <\/div>\r\n    <h2>Antibacterial Wooden Floor<\/h2>\r\n  <\/div>\r\n    \r\n  <div class=\"ikonoge\">\r\n  <div class=\"ikonogeimg\">\r\n  <img decoding=\"async\" src=\"https:\/\/longosphere.com\/wp-content\/uploads\/2024\/04\/wc.svg\" alt=\"Toilet (Common Area)\" class=\"ikontitle-img\">\r\n  <\/div>\r\n    <h2>Toilet (Common Area)<\/h2>\r\n  <\/div>\r\n    \r\n  <div class=\"ikonoge\">\r\n  <div class=\"ikonogeimg\">\r\n  <img decoding=\"async\" src=\"https:\/\/longosphere.com\/wp-content\/uploads\/2024\/04\/bahce.svg\" alt=\"Garden Seating Group\" class=\"ikontitle-img\">\r\n  <\/div>\r\n    <h2>Garden Seating Group<\/h2>\r\n  <\/div>\r\n    [\/vc_column_inner][vc_column_inner width=&#8221;1\/2&#8243;]\r\n  <div class=\"ikonoge\">\r\n  <div class=\"ikonogeimg\">\r\n  <img decoding=\"async\" src=\"https:\/\/longosphere.com\/wp-content\/uploads\/2024\/04\/klima.svg\" alt=\"Convector fan heater\" class=\"ikontitle-img\">\r\n  <\/div>\r\n    <h2>Convector fan heater<\/h2>\r\n  <\/div>\r\n    \r\n  <div class=\"ikonoge\">\r\n  <div class=\"ikonogeimg\">\r\n  <img decoding=\"async\" src=\"https:\/\/longosphere.com\/wp-content\/uploads\/2024\/04\/dus.svg\" alt=\"Shower (Common Area)\" class=\"ikontitle-img\">\r\n  <\/div>\r\n    <h2>Shower (Common Area)<\/h2>\r\n  <\/div>\r\n    \r\n  <div class=\"ikonoge\">\r\n  <div class=\"ikonogeimg\">\r\n  <img decoding=\"async\" src=\"https:\/\/longosphere.com\/wp-content\/uploads\/2024\/04\/hair_dryer.svg\" alt=\"Hair Dryer (Common Area)\" class=\"ikontitle-img\">\r\n  <\/div>\r\n    <h2>Hair Dryer (Common Area)<\/h2>\r\n  <\/div>\r\n    \r\n  <div class=\"ikonoge\">\r\n  <div class=\"ikonogeimg\">\r\n  <img decoding=\"async\" src=\"https:\/\/longosphere.com\/wp-content\/uploads\/2024\/04\/banyo.svg\" alt=\"Bathroom Amenities (Common Area)\" class=\"ikontitle-img\">\r\n  <\/div>\r\n    <h2>Bathroom Amenities (Common Area)<\/h2>\r\n  <\/div>\r\n    \r\n  <div class=\"ikonoge\">\r\n  <div class=\"ikonogeimg\">\r\n  <img decoding=\"async\" src=\"https:\/\/longosphere.com\/wp-content\/uploads\/2024\/04\/ekeltrik.svg\" alt=\"220 Volt Electricity\" class=\"ikontitle-img\">\r\n  <\/div>\r\n    <h2>220 Volt Electricity<\/h2>\r\n  <\/div>\r\n    \r\n  <div class=\"ikonoge\">\r\n  <div class=\"ikonogeimg\">\r\n  <img decoding=\"async\" src=\"https:\/\/longosphere.com\/wp-content\/uploads\/2024\/04\/terlik.svg\" alt=\"Slipper\" class=\"ikontitle-img\">\r\n  <\/div>\r\n    <h2>Slipper<\/h2>\r\n  <\/div>\r\n    [\/vc_column_inner][\/vc_row_inner][vc_separator color=&#8221;custom&#8221; accent_color=&#8221;#e1e1e1&#8243; css=&#8221;.vc_custom_1714214822116{margin-top: 40px !important;margin-bottom: 40px !important;}&#8221;]\r\n  <div class=\"ikontitle\">\r\n  <img decoding=\"async\" src=\"https:\/\/longosphere.com\/wp-content\/uploads\/2024\/04\/longodetay.svg\" alt=\"Tent Gallery\" class=\"ikontitle-img\">\r\n    <h2>Tent Gallery<\/h2>\r\n  <\/div>\r\n    \r\n     <div class=\"cadirsl\">\r\n     <div class=\"row\">\r\n\r\n       <div class=\"col-md-4 mb-4\" data-hash=\"urun-1\">\r\n       <a data-fslightbox=\"gallery\" href=\"https:\/\/longosphere.com\/wp-content\/uploads\/2024\/04\/1-2.jpg\">\r\n           <img decoding=\"async\" class=\"img-fluid\" src=\"https:\/\/longosphere.com\/wp-content\/uploads\/2024\/04\/1-2.jpg\" alt=\"\">\r\n       <\/a>\r\n       <\/div>\r\n       \r\n\r\n       <div class=\"col-md-4 mb-4\" data-hash=\"urun-2\">\r\n       <a data-fslightbox=\"gallery\" href=\"https:\/\/longosphere.com\/wp-content\/uploads\/2024\/04\/2-2.jpg\">\r\n           <img decoding=\"async\" class=\"img-fluid\" src=\"https:\/\/longosphere.com\/wp-content\/uploads\/2024\/04\/2-2.jpg\" alt=\"\">\r\n       <\/a>\r\n       <\/div>\r\n       \r\n\r\n       <div class=\"col-md-4 mb-4\" data-hash=\"urun-3\">\r\n       <a data-fslightbox=\"gallery\" href=\"https:\/\/longosphere.com\/wp-content\/uploads\/2024\/04\/3-1.jpg\">\r\n           <img decoding=\"async\" class=\"img-fluid\" src=\"https:\/\/longosphere.com\/wp-content\/uploads\/2024\/04\/3-1.jpg\" alt=\"\">\r\n       <\/a>\r\n       <\/div>\r\n       \r\n\r\n       <div class=\"col-md-4 mb-4\" data-hash=\"urun-4\">\r\n       <a data-fslightbox=\"gallery\" href=\"https:\/\/longosphere.com\/wp-content\/uploads\/2024\/04\/6-2.jpg\">\r\n           <img decoding=\"async\" class=\"img-fluid\" src=\"https:\/\/longosphere.com\/wp-content\/uploads\/2024\/04\/6-2.jpg\" alt=\"\">\r\n       <\/a>\r\n       <\/div>\r\n       \r\n\r\n       <div class=\"col-md-4 mb-4\" data-hash=\"urun-5\">\r\n       <a data-fslightbox=\"gallery\" href=\"https:\/\/longosphere.com\/wp-content\/uploads\/2024\/04\/9.jpg\">\r\n           <img decoding=\"async\" class=\"img-fluid\" src=\"https:\/\/longosphere.com\/wp-content\/uploads\/2024\/04\/9.jpg\" alt=\"\">\r\n       <\/a>\r\n       <\/div>\r\n       \r\n\r\n       <div class=\"col-md-4 mb-4\" data-hash=\"urun-6\">\r\n       <a data-fslightbox=\"gallery\" href=\"https:\/\/longosphere.com\/wp-content\/uploads\/2024\/04\/10.jpg\">\r\n           <img decoding=\"async\" class=\"img-fluid\" src=\"https:\/\/longosphere.com\/wp-content\/uploads\/2024\/04\/10.jpg\" alt=\"\">\r\n       <\/a>\r\n       <\/div>\r\n       \r\n\r\n       <div class=\"col-md-4 mb-4\" data-hash=\"urun-7\">\r\n       <a data-fslightbox=\"gallery\" href=\"https:\/\/longosphere.com\/wp-content\/uploads\/2024\/04\/11.jpg\">\r\n           <img decoding=\"async\" class=\"img-fluid\" src=\"https:\/\/longosphere.com\/wp-content\/uploads\/2024\/04\/11.jpg\" alt=\"\">\r\n       <\/a>\r\n       <\/div>\r\n       \r\n\r\n       <div class=\"col-md-4 mb-4\" data-hash=\"urun-8\">\r\n       <a data-fslightbox=\"gallery\" href=\"https:\/\/longosphere.com\/wp-content\/uploads\/2024\/04\/karli-cadir1.png\">\r\n           <img decoding=\"async\" class=\"img-fluid\" src=\"https:\/\/longosphere.com\/wp-content\/uploads\/2024\/04\/karli-cadir1.png\" alt=\"\">\r\n       <\/a>\r\n       <\/div>\r\n       \r\n\r\n       <div class=\"col-md-4 mb-4\" data-hash=\"urun-9\">\r\n       <a data-fslightbox=\"gallery\" href=\"https:\/\/longosphere.com\/wp-content\/uploads\/2024\/04\/karli-sincap.png\">\r\n           <img decoding=\"async\" class=\"img-fluid\" src=\"https:\/\/longosphere.com\/wp-content\/uploads\/2024\/04\/karli-sincap.png\" alt=\"\">\r\n       <\/a>\r\n       <\/div>\r\n       \r\n\r\n       <div class=\"col-md-4 mb-4\" data-hash=\"urun-10\">\r\n       <a data-fslightbox=\"gallery\" href=\"https:\/\/longosphere.com\/wp-content\/uploads\/2024\/04\/sincap-sonbahar.png\">\r\n           <img decoding=\"async\" class=\"img-fluid\" src=\"https:\/\/longosphere.com\/wp-content\/uploads\/2024\/04\/sincap-sonbahar.png\" alt=\"\">\r\n       <\/a>\r\n       <\/div>\r\n       <\/div><\/div>[vc_separator color=&#8221;custom&#8221; accent_color=&#8221;#e1e1e1&#8243; css=&#8221;.vc_custom_1714214822116{margin-top: 40px !important;margin-bottom: 40px !important;}&#8221;]\r\n  <div class=\"ikontitle\">\r\n  <img decoding=\"async\" src=\"https:\/\/longosphere.com\/wp-content\/uploads\/2024\/04\/longodetay.svg\" alt=\"Notification\" class=\"ikontitle-img\">\r\n    <h2>Notification<\/h2>\r\n  <\/div>\r\n    [vc_column_text css=&#8221;.vc_custom_1725539161373{margin-top: 40px !important;}&#8221;]Dear guests, there is a <strong>+12 age<\/strong> restriction in our Squirrel Long tents. For information and reservations, you can reach us at <a href=\"tel:4445267\">444 5267<\/a>, WhatsApp line <a href=\"https:\/\/wa.me\/905498389321\">+90 0549 838 9321<\/a> or info@longosphere.com.<\/p>\n<p>Since our Squirrel Tents are not suitable for our furry friends, we can accommodate our furry friends in our other tent types.[\/vc_column_text][\/vc_column][vc_column width=&#8221;1\/3&#8243; el_class=&#8221;kdetayright&#8221;]\r\n    <a href=\"https:\/\/longosphere-glamping.elektrabulut.com\/\" class=\"booknow\">\r\n    <span class=\"icon\"> <img decoding=\"async\" src=\"https:\/\/longosphere.com\/wp-content\/uploads\/2024\/04\/concierge-bell-solid.svg\" alt=\"MAKE A RESERVATION\" class=\"ikontitle-img\"><\/span>\r\n    <span class=\"bookname\">MAKE A RESERVATION<\/span>  <\/a>\r\n\r\n\r\n    [vc_column_text css=&#8221;.vc_custom_1725539011662{margin-top: 40px !important;}&#8221;]Before Reservation;<\/p>\n<p>Dear guests, there is a +12 age restriction in our squirrel long tents. For information and reservations, you can reach us at <a href=\"tel:4445267\">444 5267<\/a>, WhatsApp line <a href=\"https:\/\/wa.me\/905498389321\">+90 0549 838 9321<\/a> or <a href=\"mailto:info@longosphere.com\">info@longosphere.com<\/a>.<\/p>\n<p>Since our squirrel tents are not suitable for our furry friends, we can accommodate our furry friends in our other tent types.[\/vc_column_text][vc_row_inner el_class=&#8221;longobanner&#8221;][vc_column_inner][vc_custom_heading text=&#8221;Download Our Longosphere Mobile App&#8221; use_theme_fonts=&#8221;yes&#8221; el_class=&#8221;longobannertitle&#8221;][vc_single_image image=&#8221;871&#8243; img_size=&#8221;full&#8221; onclick=&#8221;custom_link&#8221; img_link_target=&#8221;_blank&#8221; link=&#8221;https:\/\/apps.apple.com\/tr\/app\/longosphere-glamping\/id6467126844&#8243;][vc_single_image image=&#8221;872&#8243; img_size=&#8221;full&#8221; onclick=&#8221;custom_link&#8221; img_link_target=&#8221;_blank&#8221; link=&#8221;https:\/\/play.google.com\/store\/apps\/details?id=com.longosphereglamping.hotelapp&amp;hl=tr&amp;gl=US&#8221;][\/vc_column_inner][\/vc_row_inner][\/vc_column][\/vc_row]<\/p>\n<\/div>","protected":false},"excerpt":{"rendered":"<p>[vc_row el_class=&#8221;row1300&#8243;][vc_column][vc_single_image image=&#8221;181&#8243; img_size=&#8221;full&#8221; el_class=&#8221;imgradius&#8221; css=&#8221;.vc_custom_1714332888164{margin-bottom: 50px !important;}&#8221;][\/vc_column][\/vc_row][vc_row el_class=&#8221;row1300&#8243;][vc_column width=&#8221;2\/3&#8243;][vc_custom_heading text=&#8221;Squirrel Tent&#8221; font_container=&#8221;tag:h2|font_size:50|text_align:left|color:%230a0a0a|line_height:45px&#8221; use_theme_fonts=&#8221;yes&#8221; el_class=&#8221;konaklamamaintitle&#8221;][vc_column_text css=&#8221;.vc_custom_1725538605334{margin-top: 40px !important;}&#8221;]The Squirrel Tent offers a unique glamping experience that brings comfort and nature together. Ideal for a peaceful stay in the tranquility of nature, this tent has an antibacterial wooden floor and a garden seating group, and your comfort and ease are our priorities during your time spent in touch with nature. Our squirrel tents are suitable for 12+ years of age and can accommodate a maximum of 2 people. They are not suitable for pets. These areas are designed to make the [&hellip;]<\/p>\n","protected":false},"author":1,"featured_media":0,"parent":0,"menu_order":86,"comment_status":"closed","ping_status":"closed","template":"konaklama.php","meta":{"footnotes":""},"class_list":["post-1662","page","type-page","status-publish","hentry"],"yoast_head":"<!-- This site is optimized with the Yoast SEO plugin v23.3 - https:\/\/yoast.com\/wordpress\/plugins\/seo\/ -->\n<title>Squirrel Tent - Longosphere Glamping Longoz Ormanlar\u0131 i\u011fneada Otel<\/title>\n<meta name=\"robots\" content=\"index, follow, max-snippet:-1, max-image-preview:large, max-video-preview:-1\" \/>\n<link rel=\"canonical\" href=\"https:\/\/longosphere.com\/en\/squirrel-tent\/\" \/>\n<meta property=\"og:locale\" content=\"en_US\" \/>\n<meta property=\"og:type\" content=\"article\" \/>\n<meta property=\"og:title\" content=\"Squirrel Tent - Longosphere Glamping Longoz Ormanlar\u0131 i\u011fneada Otel\" \/>\n<meta property=\"og:description\" content=\"[vc_row el_class=&#8221;row1300&#8243;][vc_column][vc_single_image image=&#8221;181&#8243; img_size=&#8221;full&#8221; el_class=&#8221;imgradius&#8221; css=&#8221;.vc_custom_1714332888164{margin-bottom: 50px !important;}&#8221;][\/vc_column][\/vc_row][vc_row el_class=&#8221;row1300&#8243;][vc_column width=&#8221;2\/3&#8243;][vc_custom_heading text=&#8221;Squirrel Tent&#8221; font_container=&#8221;tag:h2|font_size:50|text_align:left|color:%230a0a0a|line_height:45px&#8221; use_theme_fonts=&#8221;yes&#8221; el_class=&#8221;konaklamamaintitle&#8221;][vc_column_text css=&#8221;.vc_custom_1725538605334{margin-top: 40px !important;}&#8221;]The Squirrel Tent offers a unique glamping experience that brings comfort and nature together. Ideal for a peaceful stay in the tranquility of nature, this tent has an antibacterial wooden floor and a garden seating group, and your comfort and ease are our priorities during your time spent in touch with nature. Our squirrel tents are suitable for 12+ years of age and can accommodate a maximum of 2 people. They are not suitable for pets. These areas are designed to make the [&hellip;]\" \/>\n<meta property=\"og:url\" content=\"https:\/\/longosphere.com\/en\/squirrel-tent\/\" \/>\n<meta property=\"og:site_name\" content=\"Longosphere Glamping Longoz Ormanlar\u0131 i\u011fneada Otel\" \/>\n<meta property=\"article:publisher\" content=\"https:\/\/www.instagram.com\/longosphere\" \/>\n<meta property=\"article:modified_time\" content=\"2024-09-05T12:48:58+00:00\" \/>\n<meta name=\"twitter:card\" content=\"summary_large_image\" \/>\n<meta name=\"twitter:label1\" content=\"Est. reading time\" \/>\n\t<meta name=\"twitter:data1\" content=\"7 minutes\" \/>\n<script type=\"application\/ld+json\" class=\"yoast-schema-graph\">{\"@context\":\"https:\/\/schema.org\",\"@graph\":[{\"@type\":\"WebPage\",\"@id\":\"https:\/\/longosphere.com\/en\/squirrel-tent\/\",\"url\":\"https:\/\/longosphere.com\/en\/squirrel-tent\/\",\"name\":\"Squirrel Tent - Longosphere Glamping Longoz Ormanlar\u0131 i\u011fneada Otel\",\"isPartOf\":{\"@id\":\"https:\/\/longosphere.com\/#website\"},\"datePublished\":\"2024-04-28T19:35:44+00:00\",\"dateModified\":\"2024-09-05T12:48:58+00:00\",\"breadcrumb\":{\"@id\":\"https:\/\/longosphere.com\/en\/squirrel-tent\/#breadcrumb\"},\"inLanguage\":\"en-US\",\"potentialAction\":[{\"@type\":\"ReadAction\",\"target\":[\"https:\/\/longosphere.com\/en\/squirrel-tent\/\"]}]},{\"@type\":\"BreadcrumbList\",\"@id\":\"https:\/\/longosphere.com\/en\/squirrel-tent\/#breadcrumb\",\"itemListElement\":[{\"@type\":\"ListItem\",\"position\":1,\"name\":\"\",\"item\":\"https:\/\/longosphere.com\/en\/\"},{\"@type\":\"ListItem\",\"position\":2,\"name\":\"Squirrel Tent\"}]},{\"@type\":\"WebSite\",\"@id\":\"https:\/\/longosphere.com\/#website\",\"url\":\"https:\/\/longosphere.com\/\",\"name\":\"Longosphere Glamping Longoz Ormanlar\u0131 \u0130\u011fneada Otel\",\"description\":\"T\u00fcrkiye&#039;nin En  B\u00fcy\u00fck Glamping Tesisi\",\"publisher\":{\"@id\":\"https:\/\/longosphere.com\/#organization\"},\"alternateName\":\"Longosphere Glamping\",\"potentialAction\":[{\"@type\":\"SearchAction\",\"target\":{\"@type\":\"EntryPoint\",\"urlTemplate\":\"https:\/\/longosphere.com\/?s={search_term_string}\"},\"query-input\":\"required name=search_term_string\"}],\"inLanguage\":\"en-US\"},{\"@type\":\"Organization\",\"@id\":\"https:\/\/longosphere.com\/#organization\",\"name\":\"Longosphere Glamping Longoz Ormanlar\u0131 \u0130\u011fneada Otel\",\"alternateName\":\"Longosphere Glamping\",\"url\":\"https:\/\/longosphere.com\/\",\"logo\":{\"@type\":\"ImageObject\",\"inLanguage\":\"en-US\",\"@id\":\"https:\/\/longosphere.com\/#\/schema\/logo\/image\/\",\"url\":\"https:\/\/longosphere.com\/wp-content\/uploads\/2024\/04\/logo-y.svg\",\"contentUrl\":\"https:\/\/longosphere.com\/wp-content\/uploads\/2024\/04\/logo-y.svg\",\"width\":1,\"height\":1,\"caption\":\"Longosphere Glamping Longoz Ormanlar\u0131 \u0130\u011fneada Otel\"},\"image\":{\"@id\":\"https:\/\/longosphere.com\/#\/schema\/logo\/image\/\"},\"sameAs\":[\"https:\/\/www.instagram.com\/longosphere\"]}]}<\/script>\n<!-- \/ Yoast SEO plugin. -->","yoast_head_json":{"title":"Squirrel Tent - Longosphere Glamping Longoz Ormanlar\u0131 i\u011fneada Otel","robots":{"index":"index","follow":"follow","max-snippet":"max-snippet:-1","max-image-preview":"max-image-preview:large","max-video-preview":"max-video-preview:-1"},"canonical":"https:\/\/longosphere.com\/en\/squirrel-tent\/","og_locale":"en_US","og_type":"article","og_title":"Squirrel Tent - Longosphere Glamping Longoz Ormanlar\u0131 i\u011fneada Otel","og_description":"[vc_row el_class=&#8221;row1300&#8243;][vc_column][vc_single_image image=&#8221;181&#8243; img_size=&#8221;full&#8221; el_class=&#8221;imgradius&#8221; css=&#8221;.vc_custom_1714332888164{margin-bottom: 50px !important;}&#8221;][\/vc_column][\/vc_row][vc_row el_class=&#8221;row1300&#8243;][vc_column width=&#8221;2\/3&#8243;][vc_custom_heading text=&#8221;Squirrel Tent&#8221; font_container=&#8221;tag:h2|font_size:50|text_align:left|color:%230a0a0a|line_height:45px&#8221; use_theme_fonts=&#8221;yes&#8221; el_class=&#8221;konaklamamaintitle&#8221;][vc_column_text css=&#8221;.vc_custom_1725538605334{margin-top: 40px !important;}&#8221;]The Squirrel Tent offers a unique glamping experience that brings comfort and nature together. Ideal for a peaceful stay in the tranquility of nature, this tent has an antibacterial wooden floor and a garden seating group, and your comfort and ease are our priorities during your time spent in touch with nature. Our squirrel tents are suitable for 12+ years of age and can accommodate a maximum of 2 people. They are not suitable for pets. These areas are designed to make the [&hellip;]","og_url":"https:\/\/longosphere.com\/en\/squirrel-tent\/","og_site_name":"Longosphere Glamping Longoz Ormanlar\u0131 i\u011fneada Otel","article_publisher":"https:\/\/www.instagram.com\/longosphere","article_modified_time":"2024-09-05T12:48:58+00:00","twitter_card":"summary_large_image","twitter_misc":{"Est. reading time":"7 minutes"},"schema":{"@context":"https:\/\/schema.org","@graph":[{"@type":"WebPage","@id":"https:\/\/longosphere.com\/en\/squirrel-tent\/","url":"https:\/\/longosphere.com\/en\/squirrel-tent\/","name":"Squirrel Tent - Longosphere Glamping Longoz Ormanlar\u0131 i\u011fneada Otel","isPartOf":{"@id":"https:\/\/longosphere.com\/#website"},"datePublished":"2024-04-28T19:35:44+00:00","dateModified":"2024-09-05T12:48:58+00:00","breadcrumb":{"@id":"https:\/\/longosphere.com\/en\/squirrel-tent\/#breadcrumb"},"inLanguage":"en-US","potentialAction":[{"@type":"ReadAction","target":["https:\/\/longosphere.com\/en\/squirrel-tent\/"]}]},{"@type":"BreadcrumbList","@id":"https:\/\/longosphere.com\/en\/squirrel-tent\/#breadcrumb","itemListElement":[{"@type":"ListItem","position":1,"name":"","item":"https:\/\/longosphere.com\/en\/"},{"@type":"ListItem","position":2,"name":"Squirrel Tent"}]},{"@type":"WebSite","@id":"https:\/\/longosphere.com\/#website","url":"https:\/\/longosphere.com\/","name":"Longosphere Glamping Longoz Ormanlar\u0131 \u0130\u011fneada Otel","description":"T\u00fcrkiye&#039;nin En  B\u00fcy\u00fck Glamping Tesisi","publisher":{"@id":"https:\/\/longosphere.com\/#organization"},"alternateName":"Longosphere Glamping","potentialAction":[{"@type":"SearchAction","target":{"@type":"EntryPoint","urlTemplate":"https:\/\/longosphere.com\/?s={search_term_string}"},"query-input":"required name=search_term_string"}],"inLanguage":"en-US"},{"@type":"Organization","@id":"https:\/\/longosphere.com\/#organization","name":"Longosphere Glamping Longoz Ormanlar\u0131 \u0130\u011fneada Otel","alternateName":"Longosphere Glamping","url":"https:\/\/longosphere.com\/","logo":{"@type":"ImageObject","inLanguage":"en-US","@id":"https:\/\/longosphere.com\/#\/schema\/logo\/image\/","url":"https:\/\/longosphere.com\/wp-content\/uploads\/2024\/04\/logo-y.svg","contentUrl":"https:\/\/longosphere.com\/wp-content\/uploads\/2024\/04\/logo-y.svg","width":1,"height":1,"caption":"Longosphere Glamping Longoz Ormanlar\u0131 \u0130\u011fneada Otel"},"image":{"@id":"https:\/\/longosphere.com\/#\/schema\/logo\/image\/"},"sameAs":["https:\/\/www.instagram.com\/longosphere"]}]}},"_links":{"self":[{"href":"https:\/\/longosphere.com\/en\/wp-json\/wp\/v2\/pages\/1662"}],"collection":[{"href":"https:\/\/longosphere.com\/en\/wp-json\/wp\/v2\/pages"}],"about":[{"href":"https:\/\/longosphere.com\/en\/wp-json\/wp\/v2\/types\/page"}],"author":[{"embeddable":true,"href":"https:\/\/longosphere.com\/en\/wp-json\/wp\/v2\/users\/1"}],"replies":[{"embeddable":true,"href":"https:\/\/longosphere.com\/en\/wp-json\/wp\/v2\/comments?post=1662"}],"version-history":[{"count":5,"href":"https:\/\/longosphere.com\/en\/wp-json\/wp\/v2\/pages\/1662\/revisions"}],"predecessor-version":[{"id":1726,"href":"https:\/\/longosphere.com\/en\/wp-json\/wp\/v2\/pages\/1662\/revisions\/1726"}],"wp:attachment":[{"href":"https:\/\/longosphere.com\/en\/wp-json\/wp\/v2\/media?parent=1662"}],"curies":[{"name":"wp","href":"https:\/\/api.w.org\/{rel}","templated":true}]}}