{"id":1660,"date":"2024-04-28T22:40:48","date_gmt":"2024-04-28T19:40:48","guid":{"rendered":"https:\/\/longosphere.com\/kaplumbaga-plus-cadir\/"},"modified":"2024-09-05T15:47:56","modified_gmt":"2024-09-05T12:47:56","slug":"turtle-plus-tent","status":"publish","type":"page","link":"https:\/\/longosphere.com\/en\/turtle-plus-tent\/","title":{"rendered":"Turtle Plus Tent"},"content":{"rendered":"<div class=\"wpb-content-wrapper\"><p>[vc_row el_class=&#8221;row1300&#8243;][vc_column][vc_single_image image=&#8221;208&#8243; img_size=&#8221;full&#8221; el_class=&#8221;imgradius&#8221; css=&#8221;.vc_custom_1714333241115{margin-bottom: 50px !important;}&#8221;][\/vc_column][\/vc_row][vc_row el_class=&#8221;row1300&#8243;][vc_column width=&#8221;2\/3&#8243;][vc_custom_heading text=&#8221;Turtle Plus Tent&#8221; font_container=&#8221;tag:h2|font_size:50|text_align:left|color:%230a0a0a|line_height:45px&#8221; use_theme_fonts=&#8221;yes&#8221; el_class=&#8221;konaklamamaintitle&#8221;][vc_column_text css=&#8221;.vc_custom_1725539249796{margin-top: 40px !important;}&#8221;]Our Turtle Plus tents, which are 21 in our facility, offer you the most natural experience with their special concept that brings natural life and comfort together.<\/p>\n<p>Our 29m\u00b2 tents include;<\/p>\n<p>12,000 BTU air conditioning<br \/>\n220 volt electricity<br \/>\nSafe box<br \/>\nClothing closet<br \/>\nSofa bed<br \/>\nWireless internet<br \/>\nTea and coffee setups<br \/>\nMini bar<br \/>\nVeranda<br \/>\nGarden seating group<br \/>\nWork desk<br \/>\nAntibacterial wooden floor<br \/>\nCoffee table<br \/>\nFloor lamp<br \/>\nShower and toilet<br \/>\nBathroom supplies and toiletries.<\/p>\n<p>Our Turtle Plus tents can accommodate pets for an additional fee and are suitable for 4-person accommodation in 3+1 format. (3 adults, 1 child between the ages of 0-11) These areas are among the most comfortable areas of our facility and the tent fabrics used are special breathable fabrics that provide heat and sound insulation, allowing you to experience every state of nature flawlessly. These areas, which also allow you to enjoy the pleasure of a veranda in the forest, are designed for you to enjoy nature in the comfort of your home.[\/vc_column_text][vc_separator color=&#8221;custom&#8221; accent_color=&#8221;#e1e1e1&#8243; css=&#8221;.vc_custom_1714214822116{margin-top: 40px !important;margin-bottom: 40px !important;}&#8221;]\r\n  <div class=\"ikontitle\">\r\n  <img decoding=\"async\" src=\"https:\/\/longosphere.com\/wp-content\/uploads\/2024\/04\/longodetay.svg\" alt=\"Facility Features\" class=\"ikontitle-img\">\r\n    <h2>Facility Features<\/h2>\r\n  <\/div>\r\n    [vc_row_inner css=&#8221;.vc_custom_1714215183535{margin-top: 40px !important;}&#8221;][vc_column_inner width=&#8221;1\/2&#8243;]\r\n  <div class=\"ikonoge\">\r\n  <div class=\"ikonogeimg\">\r\n  <img decoding=\"async\" src=\"https:\/\/longosphere.com\/wp-content\/uploads\/2024\/04\/internet.svg\" alt=\"Wireless Internet\" class=\"ikontitle-img\">\r\n  <\/div>\r\n    <h2>Wireless Internet<\/h2>\r\n  <\/div>\r\n    \r\n  <div class=\"ikonoge\">\r\n  <div class=\"ikonogeimg\">\r\n  <img decoding=\"async\" src=\"https:\/\/longosphere.com\/wp-content\/uploads\/2024\/04\/kahve.svg\" alt=\"Tea and Coffee Service\" class=\"ikontitle-img\">\r\n  <\/div>\r\n    <h2>Tea and Coffee Service<\/h2>\r\n  <\/div>\r\n    \r\n  <div class=\"ikonoge\">\r\n  <div class=\"ikonogeimg\">\r\n  <img decoding=\"async\" src=\"https:\/\/longosphere.com\/wp-content\/uploads\/2024\/04\/minibar.svg\" alt=\"Mini bar\" class=\"ikontitle-img\">\r\n  <\/div>\r\n    <h2>Mini bar<\/h2>\r\n  <\/div>\r\n    \r\n  <div class=\"ikonoge\">\r\n  <div class=\"ikonogeimg\">\r\n  <img decoding=\"async\" src=\"https:\/\/longosphere.com\/wp-content\/uploads\/2024\/04\/zemin.svg\" alt=\"Antibacterial Wooden Floor\" class=\"ikontitle-img\">\r\n  <\/div>\r\n    <h2>Antibacterial Wooden Floor<\/h2>\r\n  <\/div>\r\n    \r\n  <div class=\"ikonoge\">\r\n  <div class=\"ikonogeimg\">\r\n  <img decoding=\"async\" src=\"https:\/\/longosphere.com\/wp-content\/uploads\/2024\/04\/wc.svg\" alt=\"Toilet\" class=\"ikontitle-img\">\r\n  <\/div>\r\n    <h2>Toilet<\/h2>\r\n  <\/div>\r\n    \r\n  <div class=\"ikonoge\">\r\n  <div class=\"ikonogeimg\">\r\n  <img decoding=\"async\" src=\"https:\/\/longosphere.com\/wp-content\/uploads\/2024\/04\/bahce.svg\" alt=\"Garden Seating Group\" class=\"ikontitle-img\">\r\n  <\/div>\r\n    <h2>Garden Seating Group<\/h2>\r\n  <\/div>\r\n    [\/vc_column_inner][vc_column_inner width=&#8221;1\/2&#8243;]\r\n  <div class=\"ikonoge\">\r\n  <div class=\"ikonogeimg\">\r\n  <img decoding=\"async\" src=\"https:\/\/longosphere.com\/wp-content\/uploads\/2024\/04\/klima.svg\" alt=\"12.000 BTU Klima\" class=\"ikontitle-img\">\r\n  <\/div>\r\n    <h2>12.000 BTU Klima<\/h2>\r\n  <\/div>\r\n    \r\n  <div class=\"ikonoge\">\r\n  <div class=\"ikonogeimg\">\r\n  <img decoding=\"async\" src=\"https:\/\/longosphere.com\/wp-content\/uploads\/2024\/04\/dus.svg\" alt=\"Shower\" class=\"ikontitle-img\">\r\n  <\/div>\r\n    <h2>Shower<\/h2>\r\n  <\/div>\r\n    \r\n  <div class=\"ikonoge\">\r\n  <div class=\"ikonogeimg\">\r\n  <img decoding=\"async\" src=\"https:\/\/longosphere.com\/wp-content\/uploads\/2024\/04\/hair_dryer.svg\" alt=\"Hair dryer\" class=\"ikontitle-img\">\r\n  <\/div>\r\n    <h2>Hair dryer<\/h2>\r\n  <\/div>\r\n    \r\n  <div class=\"ikonoge\">\r\n  <div class=\"ikonogeimg\">\r\n  <img decoding=\"async\" src=\"https:\/\/longosphere.com\/wp-content\/uploads\/2024\/04\/banyo.svg\" alt=\"Bathroom Supplies\" class=\"ikontitle-img\">\r\n  <\/div>\r\n    <h2>Bathroom Supplies<\/h2>\r\n  <\/div>\r\n    \r\n  <div class=\"ikonoge\">\r\n  <div class=\"ikonogeimg\">\r\n  <img decoding=\"async\" src=\"https:\/\/longosphere.com\/wp-content\/uploads\/2024\/04\/ekeltrik.svg\" alt=\"220 Volt Electricity\" class=\"ikontitle-img\">\r\n  <\/div>\r\n    <h2>220 Volt Electricity<\/h2>\r\n  <\/div>\r\n    \r\n  <div class=\"ikonoge\">\r\n  <div class=\"ikonogeimg\">\r\n  <img decoding=\"async\" src=\"https:\/\/longosphere.com\/wp-content\/uploads\/2024\/04\/terlik.svg\" alt=\"Slipper\" class=\"ikontitle-img\">\r\n  <\/div>\r\n    <h2>Slipper<\/h2>\r\n  <\/div>\r\n    [\/vc_column_inner][\/vc_row_inner][vc_separator color=&#8221;custom&#8221; accent_color=&#8221;#e1e1e1&#8243; css=&#8221;.vc_custom_1714214822116{margin-top: 40px !important;margin-bottom: 40px !important;}&#8221;]\r\n  <div class=\"ikontitle\">\r\n  <img decoding=\"async\" src=\"https:\/\/longosphere.com\/wp-content\/uploads\/2024\/04\/longodetay.svg\" alt=\"Tent Gallery\" class=\"ikontitle-img\">\r\n    <h2>Tent Gallery<\/h2>\r\n  <\/div>\r\n    \r\n     <div class=\"cadirsl\">\r\n     <div class=\"row\">\r\n\r\n       <div class=\"col-md-4 mb-4\" data-hash=\"urun-1\">\r\n       <a data-fslightbox=\"gallery\" href=\"\">\r\n           <img decoding=\"async\" class=\"img-fluid\" src=\"\" alt=\"\">\r\n       <\/a>\r\n       <\/div>\r\n       <\/div><\/div>[vc_separator color=&#8221;custom&#8221; accent_color=&#8221;#e1e1e1&#8243; css=&#8221;.vc_custom_1714214822116{margin-top: 40px !important;margin-bottom: 40px !important;}&#8221;]\r\n  <div class=\"ikontitle\">\r\n  <img decoding=\"async\" src=\"https:\/\/longosphere.com\/wp-content\/uploads\/2024\/04\/longodetay.svg\" alt=\"Notification\" class=\"ikontitle-img\">\r\n    <h2>Notification<\/h2>\r\n  <\/div>\r\n    [vc_column_text css=&#8221;.vc_custom_1725539353750{margin-top: 40px !important;}&#8221;]For information and reservations, you can reach us at <a href=\"tel:4445267\">444 5267<\/a>, WhatsApp line <a href=\"https:\/\/wa.me\/905498389321\">+90 0549 838 9321<\/a> or info@longosphere.com.[\/vc_column_text][\/vc_column][vc_column width=&#8221;1\/3&#8243; el_class=&#8221;kdetayright&#8221;]\r\n    <a href=\"https:\/\/longosphere-glamping.elektrabulut.com\/\" class=\"booknow\">\r\n    <span class=\"icon\"> <img decoding=\"async\" src=\"https:\/\/longosphere.com\/wp-content\/uploads\/2024\/04\/concierge-bell-solid.svg\" alt=\"MAKE A RESERVATION\" class=\"ikontitle-img\"><\/span>\r\n    <span class=\"bookname\">MAKE A RESERVATION<\/span>  <\/a>\r\n\r\n\r\n    [vc_column_text css=&#8221;.vc_custom_1725539366876{margin-top: 40px !important;}&#8221;]<strong>Before Reservation;<\/strong><\/p>\n<p>Dear guests, For information and reservations, you can reach us at <a href=\"tel:4445267\">444 5267<\/a>, WhatsApp line <a href=\"https:\/\/wa.me\/905498389321\">+90 0549 838 9321<\/a> or <a href=\"mailto:info@longosphere.com\">info@longosphere.com<\/a>.[\/vc_column_text][vc_row_inner el_class=&#8221;longobanner&#8221;][vc_column_inner][vc_custom_heading text=&#8221;Download Our Longosphere Mobile App&#8221; use_theme_fonts=&#8221;yes&#8221; el_class=&#8221;longobannertitle&#8221;][vc_single_image image=&#8221;871&#8243; img_size=&#8221;full&#8221; onclick=&#8221;custom_link&#8221; img_link_target=&#8221;_blank&#8221; link=&#8221;https:\/\/apps.apple.com\/tr\/app\/longosphere-glamping\/id6467126844&#8243;][vc_single_image image=&#8221;872&#8243; img_size=&#8221;full&#8221; onclick=&#8221;custom_link&#8221; img_link_target=&#8221;_blank&#8221; link=&#8221;https:\/\/play.google.com\/store\/apps\/details?id=com.longosphereglamping.hotelapp&amp;hl=tr&amp;gl=US&#8221;][\/vc_column_inner][\/vc_row_inner][\/vc_column][\/vc_row]<\/p>\n<\/div>","protected":false},"excerpt":{"rendered":"<p>[vc_row el_class=&#8221;row1300&#8243;][vc_column][vc_single_image image=&#8221;208&#8243; img_size=&#8221;full&#8221; el_class=&#8221;imgradius&#8221; css=&#8221;.vc_custom_1714333241115{margin-bottom: 50px !important;}&#8221;][\/vc_column][\/vc_row][vc_row el_class=&#8221;row1300&#8243;][vc_column width=&#8221;2\/3&#8243;][vc_custom_heading text=&#8221;Turtle Plus Tent&#8221; font_container=&#8221;tag:h2|font_size:50|text_align:left|color:%230a0a0a|line_height:45px&#8221; use_theme_fonts=&#8221;yes&#8221; el_class=&#8221;konaklamamaintitle&#8221;][vc_column_text css=&#8221;.vc_custom_1725539249796{margin-top: 40px !important;}&#8221;]Our Turtle Plus tents, which are 21 in our facility, offer you the most natural experience with their special concept that brings natural life and comfort together. Our 29m\u00b2 tents include; 12,000 BTU air conditioning 220 volt electricity Safe box Clothing closet Sofa bed Wireless internet Tea and coffee setups Mini bar Veranda Garden seating group Work desk Antibacterial wooden floor Coffee table Floor lamp Shower and toilet Bathroom supplies and toiletries. Our Turtle Plus tents can accommodate pets for an additional [&hellip;]<\/p>\n","protected":false},"author":1,"featured_media":0,"parent":0,"menu_order":55,"comment_status":"closed","ping_status":"closed","template":"konaklama.php","meta":{"footnotes":""},"class_list":["post-1660","page","type-page","status-publish","hentry"],"yoast_head":"<!-- This site is optimized with the Yoast SEO plugin v23.3 - https:\/\/yoast.com\/wordpress\/plugins\/seo\/ -->\n<title>Turtle Plus Tent - Longosphere Glamping Longoz Ormanlar\u0131 i\u011fneada Otel<\/title>\n<meta name=\"robots\" content=\"index, follow, max-snippet:-1, max-image-preview:large, max-video-preview:-1\" \/>\n<link rel=\"canonical\" href=\"https:\/\/longosphere.com\/en\/turtle-plus-tent\/\" \/>\n<meta property=\"og:locale\" content=\"en_US\" \/>\n<meta property=\"og:type\" content=\"article\" \/>\n<meta property=\"og:title\" content=\"Turtle Plus Tent - Longosphere Glamping Longoz Ormanlar\u0131 i\u011fneada Otel\" \/>\n<meta property=\"og:description\" content=\"[vc_row el_class=&#8221;row1300&#8243;][vc_column][vc_single_image image=&#8221;208&#8243; img_size=&#8221;full&#8221; el_class=&#8221;imgradius&#8221; css=&#8221;.vc_custom_1714333241115{margin-bottom: 50px !important;}&#8221;][\/vc_column][\/vc_row][vc_row el_class=&#8221;row1300&#8243;][vc_column width=&#8221;2\/3&#8243;][vc_custom_heading text=&#8221;Turtle Plus Tent&#8221; font_container=&#8221;tag:h2|font_size:50|text_align:left|color:%230a0a0a|line_height:45px&#8221; use_theme_fonts=&#8221;yes&#8221; el_class=&#8221;konaklamamaintitle&#8221;][vc_column_text css=&#8221;.vc_custom_1725539249796{margin-top: 40px !important;}&#8221;]Our Turtle Plus tents, which are 21 in our facility, offer you the most natural experience with their special concept that brings natural life and comfort together. Our 29m\u00b2 tents include; 12,000 BTU air conditioning 220 volt electricity Safe box Clothing closet Sofa bed Wireless internet Tea and coffee setups Mini bar Veranda Garden seating group Work desk Antibacterial wooden floor Coffee table Floor lamp Shower and toilet Bathroom supplies and toiletries. Our Turtle Plus tents can accommodate pets for an additional [&hellip;]\" \/>\n<meta property=\"og:url\" content=\"https:\/\/longosphere.com\/en\/turtle-plus-tent\/\" \/>\n<meta property=\"og:site_name\" content=\"Longosphere Glamping Longoz Ormanlar\u0131 i\u011fneada Otel\" \/>\n<meta property=\"article:publisher\" content=\"https:\/\/www.instagram.com\/longosphere\" \/>\n<meta property=\"article:modified_time\" content=\"2024-09-05T12:47:56+00:00\" \/>\n<meta name=\"twitter:card\" content=\"summary_large_image\" \/>\n<meta name=\"twitter:label1\" content=\"Est. reading time\" \/>\n\t<meta name=\"twitter:data1\" content=\"6 minutes\" \/>\n<script type=\"application\/ld+json\" class=\"yoast-schema-graph\">{\"@context\":\"https:\/\/schema.org\",\"@graph\":[{\"@type\":\"WebPage\",\"@id\":\"https:\/\/longosphere.com\/en\/turtle-plus-tent\/\",\"url\":\"https:\/\/longosphere.com\/en\/turtle-plus-tent\/\",\"name\":\"Turtle Plus Tent - Longosphere Glamping Longoz Ormanlar\u0131 i\u011fneada Otel\",\"isPartOf\":{\"@id\":\"https:\/\/longosphere.com\/#website\"},\"datePublished\":\"2024-04-28T19:40:48+00:00\",\"dateModified\":\"2024-09-05T12:47:56+00:00\",\"breadcrumb\":{\"@id\":\"https:\/\/longosphere.com\/en\/turtle-plus-tent\/#breadcrumb\"},\"inLanguage\":\"en-US\",\"potentialAction\":[{\"@type\":\"ReadAction\",\"target\":[\"https:\/\/longosphere.com\/en\/turtle-plus-tent\/\"]}]},{\"@type\":\"BreadcrumbList\",\"@id\":\"https:\/\/longosphere.com\/en\/turtle-plus-tent\/#breadcrumb\",\"itemListElement\":[{\"@type\":\"ListItem\",\"position\":1,\"name\":\"\",\"item\":\"https:\/\/longosphere.com\/en\/\"},{\"@type\":\"ListItem\",\"position\":2,\"name\":\"Turtle Plus Tent\"}]},{\"@type\":\"WebSite\",\"@id\":\"https:\/\/longosphere.com\/#website\",\"url\":\"https:\/\/longosphere.com\/\",\"name\":\"Longosphere Glamping Longoz Ormanlar\u0131 \u0130\u011fneada Otel\",\"description\":\"T\u00fcrkiye&#039;nin En  B\u00fcy\u00fck Glamping Tesisi\",\"publisher\":{\"@id\":\"https:\/\/longosphere.com\/#organization\"},\"alternateName\":\"Longosphere Glamping\",\"potentialAction\":[{\"@type\":\"SearchAction\",\"target\":{\"@type\":\"EntryPoint\",\"urlTemplate\":\"https:\/\/longosphere.com\/?s={search_term_string}\"},\"query-input\":\"required name=search_term_string\"}],\"inLanguage\":\"en-US\"},{\"@type\":\"Organization\",\"@id\":\"https:\/\/longosphere.com\/#organization\",\"name\":\"Longosphere Glamping Longoz Ormanlar\u0131 \u0130\u011fneada Otel\",\"alternateName\":\"Longosphere Glamping\",\"url\":\"https:\/\/longosphere.com\/\",\"logo\":{\"@type\":\"ImageObject\",\"inLanguage\":\"en-US\",\"@id\":\"https:\/\/longosphere.com\/#\/schema\/logo\/image\/\",\"url\":\"https:\/\/longosphere.com\/wp-content\/uploads\/2024\/04\/logo-y.svg\",\"contentUrl\":\"https:\/\/longosphere.com\/wp-content\/uploads\/2024\/04\/logo-y.svg\",\"width\":1,\"height\":1,\"caption\":\"Longosphere Glamping Longoz Ormanlar\u0131 \u0130\u011fneada Otel\"},\"image\":{\"@id\":\"https:\/\/longosphere.com\/#\/schema\/logo\/image\/\"},\"sameAs\":[\"https:\/\/www.instagram.com\/longosphere\"]}]}<\/script>\n<!-- \/ Yoast SEO plugin. -->","yoast_head_json":{"title":"Turtle Plus Tent - Longosphere Glamping Longoz Ormanlar\u0131 i\u011fneada Otel","robots":{"index":"index","follow":"follow","max-snippet":"max-snippet:-1","max-image-preview":"max-image-preview:large","max-video-preview":"max-video-preview:-1"},"canonical":"https:\/\/longosphere.com\/en\/turtle-plus-tent\/","og_locale":"en_US","og_type":"article","og_title":"Turtle Plus Tent - Longosphere Glamping Longoz Ormanlar\u0131 i\u011fneada Otel","og_description":"[vc_row el_class=&#8221;row1300&#8243;][vc_column][vc_single_image image=&#8221;208&#8243; img_size=&#8221;full&#8221; el_class=&#8221;imgradius&#8221; css=&#8221;.vc_custom_1714333241115{margin-bottom: 50px !important;}&#8221;][\/vc_column][\/vc_row][vc_row el_class=&#8221;row1300&#8243;][vc_column width=&#8221;2\/3&#8243;][vc_custom_heading text=&#8221;Turtle Plus Tent&#8221; font_container=&#8221;tag:h2|font_size:50|text_align:left|color:%230a0a0a|line_height:45px&#8221; use_theme_fonts=&#8221;yes&#8221; el_class=&#8221;konaklamamaintitle&#8221;][vc_column_text css=&#8221;.vc_custom_1725539249796{margin-top: 40px !important;}&#8221;]Our Turtle Plus tents, which are 21 in our facility, offer you the most natural experience with their special concept that brings natural life and comfort together. Our 29m\u00b2 tents include; 12,000 BTU air conditioning 220 volt electricity Safe box Clothing closet Sofa bed Wireless internet Tea and coffee setups Mini bar Veranda Garden seating group Work desk Antibacterial wooden floor Coffee table Floor lamp Shower and toilet Bathroom supplies and toiletries. Our Turtle Plus tents can accommodate pets for an additional [&hellip;]","og_url":"https:\/\/longosphere.com\/en\/turtle-plus-tent\/","og_site_name":"Longosphere Glamping Longoz Ormanlar\u0131 i\u011fneada Otel","article_publisher":"https:\/\/www.instagram.com\/longosphere","article_modified_time":"2024-09-05T12:47:56+00:00","twitter_card":"summary_large_image","twitter_misc":{"Est. reading time":"6 minutes"},"schema":{"@context":"https:\/\/schema.org","@graph":[{"@type":"WebPage","@id":"https:\/\/longosphere.com\/en\/turtle-plus-tent\/","url":"https:\/\/longosphere.com\/en\/turtle-plus-tent\/","name":"Turtle Plus Tent - Longosphere Glamping Longoz Ormanlar\u0131 i\u011fneada Otel","isPartOf":{"@id":"https:\/\/longosphere.com\/#website"},"datePublished":"2024-04-28T19:40:48+00:00","dateModified":"2024-09-05T12:47:56+00:00","breadcrumb":{"@id":"https:\/\/longosphere.com\/en\/turtle-plus-tent\/#breadcrumb"},"inLanguage":"en-US","potentialAction":[{"@type":"ReadAction","target":["https:\/\/longosphere.com\/en\/turtle-plus-tent\/"]}]},{"@type":"BreadcrumbList","@id":"https:\/\/longosphere.com\/en\/turtle-plus-tent\/#breadcrumb","itemListElement":[{"@type":"ListItem","position":1,"name":"","item":"https:\/\/longosphere.com\/en\/"},{"@type":"ListItem","position":2,"name":"Turtle Plus Tent"}]},{"@type":"WebSite","@id":"https:\/\/longosphere.com\/#website","url":"https:\/\/longosphere.com\/","name":"Longosphere Glamping Longoz Ormanlar\u0131 \u0130\u011fneada Otel","description":"T\u00fcrkiye&#039;nin En  B\u00fcy\u00fck Glamping Tesisi","publisher":{"@id":"https:\/\/longosphere.com\/#organization"},"alternateName":"Longosphere Glamping","potentialAction":[{"@type":"SearchAction","target":{"@type":"EntryPoint","urlTemplate":"https:\/\/longosphere.com\/?s={search_term_string}"},"query-input":"required name=search_term_string"}],"inLanguage":"en-US"},{"@type":"Organization","@id":"https:\/\/longosphere.com\/#organization","name":"Longosphere Glamping Longoz Ormanlar\u0131 \u0130\u011fneada Otel","alternateName":"Longosphere Glamping","url":"https:\/\/longosphere.com\/","logo":{"@type":"ImageObject","inLanguage":"en-US","@id":"https:\/\/longosphere.com\/#\/schema\/logo\/image\/","url":"https:\/\/longosphere.com\/wp-content\/uploads\/2024\/04\/logo-y.svg","contentUrl":"https:\/\/longosphere.com\/wp-content\/uploads\/2024\/04\/logo-y.svg","width":1,"height":1,"caption":"Longosphere Glamping Longoz Ormanlar\u0131 \u0130\u011fneada Otel"},"image":{"@id":"https:\/\/longosphere.com\/#\/schema\/logo\/image\/"},"sameAs":["https:\/\/www.instagram.com\/longosphere"]}]}},"_links":{"self":[{"href":"https:\/\/longosphere.com\/en\/wp-json\/wp\/v2\/pages\/1660"}],"collection":[{"href":"https:\/\/longosphere.com\/en\/wp-json\/wp\/v2\/pages"}],"about":[{"href":"https:\/\/longosphere.com\/en\/wp-json\/wp\/v2\/types\/page"}],"author":[{"embeddable":true,"href":"https:\/\/longosphere.com\/en\/wp-json\/wp\/v2\/users\/1"}],"replies":[{"embeddable":true,"href":"https:\/\/longosphere.com\/en\/wp-json\/wp\/v2\/comments?post=1660"}],"version-history":[{"count":2,"href":"https:\/\/longosphere.com\/en\/wp-json\/wp\/v2\/pages\/1660\/revisions"}],"predecessor-version":[{"id":1735,"href":"https:\/\/longosphere.com\/en\/wp-json\/wp\/v2\/pages\/1660\/revisions\/1735"}],"wp:attachment":[{"href":"https:\/\/longosphere.com\/en\/wp-json\/wp\/v2\/media?parent=1660"}],"curies":[{"name":"wp","href":"https:\/\/api.w.org\/{rel}","templated":true}]}}