{"id":1655,"date":"2024-04-30T14:30:08","date_gmt":"2024-04-30T11:30:08","guid":{"rendered":"https:\/\/longosphere.com\/sikca-sorulan-sorular\/"},"modified":"2024-09-05T15:16:19","modified_gmt":"2024-09-05T12:16:19","slug":"faq","status":"publish","type":"page","link":"https:\/\/longosphere.com\/en\/faq\/","title":{"rendered":"FAQ"},"content":{"rendered":"<div class=\"wpb-content-wrapper\"><p>[vc_row css=&#8221;.vc_custom_1714476847171{margin-bottom: 100px !important;}&#8221;][vc_column][vc_tta_accordion][vc_tta_section title=&#8221;How do I get to Longosphere?&#8221; tab_id=&#8221;1714476543837-f5dbd2e3-6d8a&#8221;][vc_column_text]You can come to our facility by searching for Longosphere Glamping on location applications such as Google Maps.<\/p>\n<p>You can also easily come by following the route specified in the Guest Guide PDF sent to you the day before your stay.<\/p>\n<p>We will meet our guests who will be using public transportation when they arrive at the \u0130\u011fneada bus station.<\/p>\n<h3>Directions<\/h3>\n<h5><a href=\"https:\/\/www.google.com\/maps?gs_lcrp=EgZjaHJvbWUqBggAEEUYOzIGCAAQRRg7MgYIARBFGDwyBggCEEUYOzIGCAMQRRg7MgYIBBBFGDsyBggFEEUYPDIGCAYQRRg80gEHMTAzajBqNKgCALACAQ&amp;um=1&amp;ie=UTF-8&amp;fb=1&amp;gl=tr&amp;sa=X&amp;geocode=KWv-mO6C6aBAMa7ehA0RfBby&amp;daddr=Yeni+Mh,+Sislioba+Yolu+No:8,+39650+%C4%B0%C4%9Fneada\/Demirk%C3%B6y\/K%C4%B1rklareli\" target=\"_blank\" rel=\"noopener\">Click to get directions now!<\/a><\/h5>\n<p>[\/vc_column_text][\/vc_tta_section][vc_tta_section title=&#8221;2. How are Longosphere tents heated for a comfortable stay in cold weather?&#8221; tab_id=&#8221;1714476543844-a7649ed1-41c9&#8243;][vc_column_text]Thanks to our Glamping fabrics, which are specially supplied from Germany and the Netherlands, the thermal insulation balance in our tents is suitable for all weather conditions. Thanks to the special breathable fabrics, even if the air outside has dropped to 5-7 degrees, the air conditioners in our tents can keep the temperature level in the room stable and make it suitable for use in summer and winter.[\/vc_column_text][\/vc_tta_section][vc_tta_section title=&#8221;3. How many people can stay in your tents?&#8221; tab_id=&#8221;1714476591986-2f2380e4-dee3&#8243;][vc_column_text]Our Squirrel and Squirrel Long tents can accommodate a maximum of 2 people<\/p>\n<p>Our Turtle tents can accommodate a maximum of 3 people<\/p>\n<p>Our Turtle Plus tents can accommodate 3+1 (1 child between the ages of 0-11).[\/vc_column_text][\/vc_tta_section][vc_tta_section title=&#8221;4. How can we access the necessary information during our Longosphere stay?&#8221; tab_id=&#8221;1714476623714-23289dec-8fed&#8221;][vc_column_text]All necessary information is provided to you before and after your stay in our facility via e-mail and telephone. You can reach our call center by calling 444 5267 to access the information.[\/vc_column_text][\/vc_tta_section][vc_tta_section title=&#8221;5. Are there any restrictions on bringing pets to the facility?&#8221; tab_id=&#8221;1714476644501-4a7f6b36-b1e5&#8243;][vc_column_text]You can stay in our Turtle and Turtle Plus tents with your pets up to medium breeds, except for dogs whose keeping is prohibited by law.[\/vc_column_text][\/vc_tta_section][vc_tta_section title=&#8221;6. How many days can I stay at Longosphere on special days and weekends?&#8221; tab_id=&#8221;1714476680887-452f4853-c658&#8243;][vc_column_text]You can stay for at least 2 nights during special periods (New Year&#8217;s, holidays, etc.) and on weekends, and for one night on weekdays.[\/vc_column_text][\/vc_tta_section][\/vc_tta_accordion][\/vc_column][\/vc_row]<\/p>\n<\/div>","protected":false},"excerpt":{"rendered":"<p>[vc_row css=&#8221;.vc_custom_1714476847171{margin-bottom: 100px !important;}&#8221;][vc_column][vc_tta_accordion][vc_tta_section title=&#8221;How do I get to Longosphere?&#8221; tab_id=&#8221;1714476543837-f5dbd2e3-6d8a&#8221;][vc_column_text]You can come to our facility by searching for Longosphere Glamping on location applications such as Google Maps. You can also easily come by following the route specified in the Guest Guide PDF sent to you the day before your stay. We will meet our guests who will be using public transportation when they arrive at the \u0130\u011fneada bus station. Directions Click to get directions now! [\/vc_column_text][\/vc_tta_section][vc_tta_section title=&#8221;2. How are Longosphere tents heated for a comfortable stay in cold weather?&#8221; tab_id=&#8221;1714476543844-a7649ed1-41c9&#8243;][vc_column_text]Thanks to our Glamping fabrics, which are specially supplied from [&hellip;]<\/p>\n","protected":false},"author":1,"featured_media":0,"parent":0,"menu_order":79,"comment_status":"closed","ping_status":"closed","template":"","meta":{"footnotes":""},"class_list":["post-1655","page","type-page","status-publish","hentry"],"yoast_head":"<!-- This site is optimized with the Yoast SEO plugin v23.3 - https:\/\/yoast.com\/wordpress\/plugins\/seo\/ -->\n<title>FAQ - Longosphere Glamping Longoz Ormanlar\u0131 i\u011fneada Otel<\/title>\n<meta name=\"robots\" content=\"index, follow, max-snippet:-1, max-image-preview:large, max-video-preview:-1\" \/>\n<link rel=\"canonical\" href=\"https:\/\/longosphere.com\/en\/faq\/\" \/>\n<meta property=\"og:locale\" content=\"en_US\" \/>\n<meta property=\"og:type\" content=\"article\" \/>\n<meta property=\"og:title\" content=\"FAQ - Longosphere Glamping Longoz Ormanlar\u0131 i\u011fneada Otel\" \/>\n<meta property=\"og:description\" content=\"[vc_row css=&#8221;.vc_custom_1714476847171{margin-bottom: 100px !important;}&#8221;][vc_column][vc_tta_accordion][vc_tta_section title=&#8221;How do I get to Longosphere?&#8221; tab_id=&#8221;1714476543837-f5dbd2e3-6d8a&#8221;][vc_column_text]You can come to our facility by searching for Longosphere Glamping on location applications such as Google Maps. You can also easily come by following the route specified in the Guest Guide PDF sent to you the day before your stay. We will meet our guests who will be using public transportation when they arrive at the \u0130\u011fneada bus station. Directions Click to get directions now! [\/vc_column_text][\/vc_tta_section][vc_tta_section title=&#8221;2. How are Longosphere tents heated for a comfortable stay in cold weather?&#8221; tab_id=&#8221;1714476543844-a7649ed1-41c9&#8243;][vc_column_text]Thanks to our Glamping fabrics, which are specially supplied from [&hellip;]\" \/>\n<meta property=\"og:url\" content=\"https:\/\/longosphere.com\/en\/faq\/\" \/>\n<meta property=\"og:site_name\" content=\"Longosphere Glamping Longoz Ormanlar\u0131 i\u011fneada Otel\" \/>\n<meta property=\"article:publisher\" content=\"https:\/\/www.instagram.com\/longosphere\" \/>\n<meta property=\"article:modified_time\" content=\"2024-09-05T12:16:19+00:00\" \/>\n<meta name=\"twitter:card\" content=\"summary_large_image\" \/>\n<meta name=\"twitter:label1\" content=\"Est. reading time\" \/>\n\t<meta name=\"twitter:data1\" content=\"2 minutes\" \/>\n<script type=\"application\/ld+json\" class=\"yoast-schema-graph\">{\"@context\":\"https:\/\/schema.org\",\"@graph\":[{\"@type\":\"WebPage\",\"@id\":\"https:\/\/longosphere.com\/en\/faq\/\",\"url\":\"https:\/\/longosphere.com\/en\/faq\/\",\"name\":\"FAQ - Longosphere Glamping Longoz Ormanlar\u0131 i\u011fneada Otel\",\"isPartOf\":{\"@id\":\"https:\/\/longosphere.com\/#website\"},\"datePublished\":\"2024-04-30T11:30:08+00:00\",\"dateModified\":\"2024-09-05T12:16:19+00:00\",\"breadcrumb\":{\"@id\":\"https:\/\/longosphere.com\/en\/faq\/#breadcrumb\"},\"inLanguage\":\"en-US\",\"potentialAction\":[{\"@type\":\"ReadAction\",\"target\":[\"https:\/\/longosphere.com\/en\/faq\/\"]}]},{\"@type\":\"BreadcrumbList\",\"@id\":\"https:\/\/longosphere.com\/en\/faq\/#breadcrumb\",\"itemListElement\":[{\"@type\":\"ListItem\",\"position\":1,\"name\":\"\",\"item\":\"https:\/\/longosphere.com\/en\/\"},{\"@type\":\"ListItem\",\"position\":2,\"name\":\"FAQ\"}]},{\"@type\":\"WebSite\",\"@id\":\"https:\/\/longosphere.com\/#website\",\"url\":\"https:\/\/longosphere.com\/\",\"name\":\"Longosphere Glamping Longoz Ormanlar\u0131 \u0130\u011fneada Otel\",\"description\":\"T\u00fcrkiye&#039;nin En  B\u00fcy\u00fck Glamping Tesisi\",\"publisher\":{\"@id\":\"https:\/\/longosphere.com\/#organization\"},\"alternateName\":\"Longosphere Glamping\",\"potentialAction\":[{\"@type\":\"SearchAction\",\"target\":{\"@type\":\"EntryPoint\",\"urlTemplate\":\"https:\/\/longosphere.com\/?s={search_term_string}\"},\"query-input\":\"required name=search_term_string\"}],\"inLanguage\":\"en-US\"},{\"@type\":\"Organization\",\"@id\":\"https:\/\/longosphere.com\/#organization\",\"name\":\"Longosphere Glamping Longoz Ormanlar\u0131 \u0130\u011fneada Otel\",\"alternateName\":\"Longosphere Glamping\",\"url\":\"https:\/\/longosphere.com\/\",\"logo\":{\"@type\":\"ImageObject\",\"inLanguage\":\"en-US\",\"@id\":\"https:\/\/longosphere.com\/#\/schema\/logo\/image\/\",\"url\":\"https:\/\/longosphere.com\/wp-content\/uploads\/2024\/04\/logo-y.svg\",\"contentUrl\":\"https:\/\/longosphere.com\/wp-content\/uploads\/2024\/04\/logo-y.svg\",\"width\":1,\"height\":1,\"caption\":\"Longosphere Glamping Longoz Ormanlar\u0131 \u0130\u011fneada Otel\"},\"image\":{\"@id\":\"https:\/\/longosphere.com\/#\/schema\/logo\/image\/\"},\"sameAs\":[\"https:\/\/www.instagram.com\/longosphere\"]}]}<\/script>\n<!-- \/ Yoast SEO plugin. -->","yoast_head_json":{"title":"FAQ - Longosphere Glamping Longoz Ormanlar\u0131 i\u011fneada Otel","robots":{"index":"index","follow":"follow","max-snippet":"max-snippet:-1","max-image-preview":"max-image-preview:large","max-video-preview":"max-video-preview:-1"},"canonical":"https:\/\/longosphere.com\/en\/faq\/","og_locale":"en_US","og_type":"article","og_title":"FAQ - Longosphere Glamping Longoz Ormanlar\u0131 i\u011fneada Otel","og_description":"[vc_row css=&#8221;.vc_custom_1714476847171{margin-bottom: 100px !important;}&#8221;][vc_column][vc_tta_accordion][vc_tta_section title=&#8221;How do I get to Longosphere?&#8221; tab_id=&#8221;1714476543837-f5dbd2e3-6d8a&#8221;][vc_column_text]You can come to our facility by searching for Longosphere Glamping on location applications such as Google Maps. You can also easily come by following the route specified in the Guest Guide PDF sent to you the day before your stay. We will meet our guests who will be using public transportation when they arrive at the \u0130\u011fneada bus station. Directions Click to get directions now! [\/vc_column_text][\/vc_tta_section][vc_tta_section title=&#8221;2. How are Longosphere tents heated for a comfortable stay in cold weather?&#8221; tab_id=&#8221;1714476543844-a7649ed1-41c9&#8243;][vc_column_text]Thanks to our Glamping fabrics, which are specially supplied from [&hellip;]","og_url":"https:\/\/longosphere.com\/en\/faq\/","og_site_name":"Longosphere Glamping Longoz Ormanlar\u0131 i\u011fneada Otel","article_publisher":"https:\/\/www.instagram.com\/longosphere","article_modified_time":"2024-09-05T12:16:19+00:00","twitter_card":"summary_large_image","twitter_misc":{"Est. reading time":"2 minutes"},"schema":{"@context":"https:\/\/schema.org","@graph":[{"@type":"WebPage","@id":"https:\/\/longosphere.com\/en\/faq\/","url":"https:\/\/longosphere.com\/en\/faq\/","name":"FAQ - Longosphere Glamping Longoz Ormanlar\u0131 i\u011fneada Otel","isPartOf":{"@id":"https:\/\/longosphere.com\/#website"},"datePublished":"2024-04-30T11:30:08+00:00","dateModified":"2024-09-05T12:16:19+00:00","breadcrumb":{"@id":"https:\/\/longosphere.com\/en\/faq\/#breadcrumb"},"inLanguage":"en-US","potentialAction":[{"@type":"ReadAction","target":["https:\/\/longosphere.com\/en\/faq\/"]}]},{"@type":"BreadcrumbList","@id":"https:\/\/longosphere.com\/en\/faq\/#breadcrumb","itemListElement":[{"@type":"ListItem","position":1,"name":"","item":"https:\/\/longosphere.com\/en\/"},{"@type":"ListItem","position":2,"name":"FAQ"}]},{"@type":"WebSite","@id":"https:\/\/longosphere.com\/#website","url":"https:\/\/longosphere.com\/","name":"Longosphere Glamping Longoz Ormanlar\u0131 \u0130\u011fneada Otel","description":"T\u00fcrkiye&#039;nin En  B\u00fcy\u00fck Glamping Tesisi","publisher":{"@id":"https:\/\/longosphere.com\/#organization"},"alternateName":"Longosphere Glamping","potentialAction":[{"@type":"SearchAction","target":{"@type":"EntryPoint","urlTemplate":"https:\/\/longosphere.com\/?s={search_term_string}"},"query-input":"required name=search_term_string"}],"inLanguage":"en-US"},{"@type":"Organization","@id":"https:\/\/longosphere.com\/#organization","name":"Longosphere Glamping Longoz Ormanlar\u0131 \u0130\u011fneada Otel","alternateName":"Longosphere Glamping","url":"https:\/\/longosphere.com\/","logo":{"@type":"ImageObject","inLanguage":"en-US","@id":"https:\/\/longosphere.com\/#\/schema\/logo\/image\/","url":"https:\/\/longosphere.com\/wp-content\/uploads\/2024\/04\/logo-y.svg","contentUrl":"https:\/\/longosphere.com\/wp-content\/uploads\/2024\/04\/logo-y.svg","width":1,"height":1,"caption":"Longosphere Glamping Longoz Ormanlar\u0131 \u0130\u011fneada Otel"},"image":{"@id":"https:\/\/longosphere.com\/#\/schema\/logo\/image\/"},"sameAs":["https:\/\/www.instagram.com\/longosphere"]}]}},"_links":{"self":[{"href":"https:\/\/longosphere.com\/en\/wp-json\/wp\/v2\/pages\/1655"}],"collection":[{"href":"https:\/\/longosphere.com\/en\/wp-json\/wp\/v2\/pages"}],"about":[{"href":"https:\/\/longosphere.com\/en\/wp-json\/wp\/v2\/types\/page"}],"author":[{"embeddable":true,"href":"https:\/\/longosphere.com\/en\/wp-json\/wp\/v2\/users\/1"}],"replies":[{"embeddable":true,"href":"https:\/\/longosphere.com\/en\/wp-json\/wp\/v2\/comments?post=1655"}],"version-history":[{"count":2,"href":"https:\/\/longosphere.com\/en\/wp-json\/wp\/v2\/pages\/1655\/revisions"}],"predecessor-version":[{"id":1725,"href":"https:\/\/longosphere.com\/en\/wp-json\/wp\/v2\/pages\/1655\/revisions\/1725"}],"wp:attachment":[{"href":"https:\/\/longosphere.com\/en\/wp-json\/wp\/v2\/media?parent=1655"}],"curies":[{"name":"wp","href":"https:\/\/api.w.org\/{rel}","templated":true}]}}