{"id":1642,"date":"2024-05-13T14:17:39","date_gmt":"2024-05-13T11:17:39","guid":{"rendered":"https:\/\/longosphere.com\/kozalak-cafe-2\/"},"modified":"2024-09-05T15:49:25","modified_gmt":"2024-09-05T12:49:25","slug":"kozalak-cafe","status":"publish","type":"page","link":"https:\/\/longosphere.com\/en\/food-and-drink\/kozalak-cafe\/","title":{"rendered":"Kozalak Cafe"},"content":{"rendered":"<div class=\"wpb-content-wrapper\"><p>[vc_row el_class=&#8221;kasabarow mobiltoplon&#8221; el_id=&#8221;kozalak&#8221; css=&#8221;.vc_custom_1717685897473{padding-top: 0px !important;padding-bottom: 60px !important;}&#8221;][vc_column css_animation=&#8221;fadeInLeft&#8221; width=&#8221;1\/2&#8243;]\r\n    <div class=\"owl-carousel owl-theme slidegaleri\">\r\n    <div class=\"item\" data-hash=\"hash-368\">\r\n    <img decoding=\"async\" class=\"img-fluid\" src=\"https:\/\/longosphere.com\/wp-content\/uploads\/2024\/04\/Kozalak-Cafe-500x500.png\" alt=\"\">\r\n    <\/div>\r\n    \r\n    <div class=\"item\" data-hash=\"hash-369\">\r\n    <img decoding=\"async\" class=\"img-fluid\" src=\"https:\/\/longosphere.com\/wp-content\/uploads\/2024\/04\/DSC07729-500x500.jpg\" alt=\"\">\r\n    <\/div>\r\n    \r\n    <div class=\"item\" data-hash=\"hash-370\">\r\n    <img decoding=\"async\" class=\"img-fluid\" src=\"https:\/\/longosphere.com\/wp-content\/uploads\/2024\/04\/kozalakcafe-500x500.png\" alt=\"\">\r\n    <\/div>\r\n    <\/div><div class=\"thumbowl\">\r\n     <a class=\"button secondary url\" href=\"#hash-368\">\r\n      <img decoding=\"async\" class=\"img-fluid\" src=\"https:\/\/longosphere.com\/wp-content\/uploads\/2024\/04\/Kozalak-Cafe-150x150.png\" alt=\"\">\r\n     <\/a>   \r\n     <a class=\"button secondary url\" href=\"#hash-369\">\r\n      <img decoding=\"async\" class=\"img-fluid\" src=\"https:\/\/longosphere.com\/wp-content\/uploads\/2024\/04\/DSC07729-150x150.jpg\" alt=\"\">\r\n     <\/a>   \r\n     <a class=\"button secondary url\" href=\"#hash-370\">\r\n      <img decoding=\"async\" class=\"img-fluid\" src=\"https:\/\/longosphere.com\/wp-content\/uploads\/2024\/04\/kozalakcafe-150x150.png\" alt=\"\">\r\n     <\/a>   <\/div>[\/vc_column][vc_column css_animation=&#8221;fadeInRight&#8221; width=&#8221;1\/2&#8243;]\r\n  <div class=\"ikontitle\">\r\n  <img decoding=\"async\" src=\"https:\/\/longosphere.com\/wp-content\/uploads\/2024\/04\/longodetay.svg\" alt=\"Kozalak Cafe\" class=\"ikontitle-img\">\r\n    <h2>Kozalak Cafe<\/h2>\r\n  <\/div>\r\n    [vc_column_text el_class=&#8221;kasaba-p&#8221;]Our opening and closing hours vary according to the season and day.<\/p>\n<p>Our opening and closing hours during the summer are Monday, Tuesday, Wednesday, Thursday and Sunday 09:00 \u2013 21:00, Friday and Saturday 09:00 \u2013 22:00.<\/p>\n<p>Our opening and closing hours during the winter are different during the week and weekend.<\/p>\n<p>At Kozalak Cafe, we offer our visitors delicious coffee, tea, light ayran, cold coffee varieties, cold drinks, herbal teas, toast varieties and dessert varieties.<\/p>\n<p>There is no price difference for visitors staying at Longosphere and day visitors.<\/p>\n<p>You can take a pleasant break in nature while sipping your coffee at Kozalak Cafe, accompanied by the sounds of birds and wind.[\/vc_column_text][\/vc_column][\/vc_row]<\/p>\n<\/div>","protected":false},"excerpt":{"rendered":"<p>[vc_row el_class=&#8221;kasabarow mobiltoplon&#8221; el_id=&#8221;kozalak&#8221; css=&#8221;.vc_custom_1717685897473{padding-top: 0px !important;padding-bottom: 60px !important;}&#8221;][vc_column css_animation=&#8221;fadeInLeft&#8221; width=&#8221;1\/2&#8243;][\/vc_column][vc_column css_animation=&#8221;fadeInRight&#8221; width=&#8221;1\/2&#8243;][vc_column_text el_class=&#8221;kasaba-p&#8221;]Our opening and closing hours vary according to the season and day. Our opening and closing hours during the summer are Monday, Tuesday, Wednesday, Thursday and Sunday 09:00 \u2013 21:00, Friday and Saturday 09:00 \u2013 22:00. Our opening and closing hours during the winter are different during the week and weekend. At Kozalak Cafe, we offer our visitors delicious coffee, tea, light ayran, cold coffee varieties, cold drinks, herbal teas, toast varieties and dessert varieties. There is no price difference for visitors staying at Longosphere and day [&hellip;]<\/p>\n","protected":false},"author":1,"featured_media":0,"parent":1657,"menu_order":97,"comment_status":"closed","ping_status":"closed","template":"","meta":{"footnotes":""},"class_list":["post-1642","page","type-page","status-publish","hentry"],"yoast_head":"<!-- This site is optimized with the Yoast SEO plugin v23.3 - https:\/\/yoast.com\/wordpress\/plugins\/seo\/ -->\n<title>Kozalak Cafe - Longosphere Glamping Longoz Ormanlar\u0131 i\u011fneada Otel<\/title>\n<meta name=\"robots\" content=\"index, follow, max-snippet:-1, max-image-preview:large, max-video-preview:-1\" \/>\n<link rel=\"canonical\" href=\"https:\/\/longosphere.com\/yeme-ve-icme\/kozalak-cafe-2\/\" \/>\n<meta property=\"og:locale\" content=\"en_US\" \/>\n<meta property=\"og:type\" content=\"article\" \/>\n<meta property=\"og:title\" content=\"Kozalak Cafe - Longosphere Glamping Longoz Ormanlar\u0131 i\u011fneada Otel\" \/>\n<meta property=\"og:description\" content=\"[vc_row el_class=&#8221;kasabarow mobiltoplon&#8221; el_id=&#8221;kozalak&#8221; css=&#8221;.vc_custom_1717685897473{padding-top: 0px !important;padding-bottom: 60px !important;}&#8221;][vc_column css_animation=&#8221;fadeInLeft&#8221; width=&#8221;1\/2&#8243;][\/vc_column][vc_column css_animation=&#8221;fadeInRight&#8221; width=&#8221;1\/2&#8243;][vc_column_text el_class=&#8221;kasaba-p&#8221;]Our opening and closing hours vary according to the season and day. Our opening and closing hours during the summer are Monday, Tuesday, Wednesday, Thursday and Sunday 09:00 \u2013 21:00, Friday and Saturday 09:00 \u2013 22:00. Our opening and closing hours during the winter are different during the week and weekend. At Kozalak Cafe, we offer our visitors delicious coffee, tea, light ayran, cold coffee varieties, cold drinks, herbal teas, toast varieties and dessert varieties. There is no price difference for visitors staying at Longosphere and day [&hellip;]\" \/>\n<meta property=\"og:url\" content=\"https:\/\/longosphere.com\/yeme-ve-icme\/kozalak-cafe-2\/\" \/>\n<meta property=\"og:site_name\" content=\"Longosphere Glamping Longoz Ormanlar\u0131 i\u011fneada Otel\" \/>\n<meta property=\"article:publisher\" content=\"https:\/\/www.instagram.com\/longosphere\" \/>\n<meta property=\"article:modified_time\" content=\"2024-09-05T12:49:25+00:00\" \/>\n<meta name=\"twitter:card\" content=\"summary_large_image\" \/>\n<meta name=\"twitter:label1\" content=\"Est. reading time\" \/>\n\t<meta name=\"twitter:data1\" content=\"2 minutes\" \/>\n<script type=\"application\/ld+json\" class=\"yoast-schema-graph\">{\"@context\":\"https:\/\/schema.org\",\"@graph\":[{\"@type\":\"WebPage\",\"@id\":\"https:\/\/longosphere.com\/yeme-ve-icme\/kozalak-cafe-2\/\",\"url\":\"https:\/\/longosphere.com\/yeme-ve-icme\/kozalak-cafe-2\/\",\"name\":\"Kozalak Cafe - Longosphere Glamping Longoz Ormanlar\u0131 i\u011fneada Otel\",\"isPartOf\":{\"@id\":\"https:\/\/longosphere.com\/#website\"},\"datePublished\":\"2024-05-13T11:17:39+00:00\",\"dateModified\":\"2024-09-05T12:49:25+00:00\",\"breadcrumb\":{\"@id\":\"https:\/\/longosphere.com\/yeme-ve-icme\/kozalak-cafe-2\/#breadcrumb\"},\"inLanguage\":\"en-US\",\"potentialAction\":[{\"@type\":\"ReadAction\",\"target\":[\"https:\/\/longosphere.com\/yeme-ve-icme\/kozalak-cafe-2\/\"]}]},{\"@type\":\"BreadcrumbList\",\"@id\":\"https:\/\/longosphere.com\/yeme-ve-icme\/kozalak-cafe-2\/#breadcrumb\",\"itemListElement\":[{\"@type\":\"ListItem\",\"position\":1,\"name\":\"\",\"item\":\"https:\/\/longosphere.com\/en\/\"},{\"@type\":\"ListItem\",\"position\":2,\"name\":\"Food and Drink\",\"item\":\"https:\/\/longosphere.com\/yeme-ve-icme\/\"},{\"@type\":\"ListItem\",\"position\":3,\"name\":\"Kozalak Cafe\"}]},{\"@type\":\"WebSite\",\"@id\":\"https:\/\/longosphere.com\/#website\",\"url\":\"https:\/\/longosphere.com\/\",\"name\":\"Longosphere Glamping Longoz Ormanlar\u0131 \u0130\u011fneada Otel\",\"description\":\"T\u00fcrkiye&#039;nin En  B\u00fcy\u00fck Glamping Tesisi\",\"publisher\":{\"@id\":\"https:\/\/longosphere.com\/#organization\"},\"alternateName\":\"Longosphere Glamping\",\"potentialAction\":[{\"@type\":\"SearchAction\",\"target\":{\"@type\":\"EntryPoint\",\"urlTemplate\":\"https:\/\/longosphere.com\/?s={search_term_string}\"},\"query-input\":\"required name=search_term_string\"}],\"inLanguage\":\"en-US\"},{\"@type\":\"Organization\",\"@id\":\"https:\/\/longosphere.com\/#organization\",\"name\":\"Longosphere Glamping Longoz Ormanlar\u0131 \u0130\u011fneada Otel\",\"alternateName\":\"Longosphere Glamping\",\"url\":\"https:\/\/longosphere.com\/\",\"logo\":{\"@type\":\"ImageObject\",\"inLanguage\":\"en-US\",\"@id\":\"https:\/\/longosphere.com\/#\/schema\/logo\/image\/\",\"url\":\"https:\/\/longosphere.com\/wp-content\/uploads\/2024\/04\/logo-y.svg\",\"contentUrl\":\"https:\/\/longosphere.com\/wp-content\/uploads\/2024\/04\/logo-y.svg\",\"width\":1,\"height\":1,\"caption\":\"Longosphere Glamping Longoz Ormanlar\u0131 \u0130\u011fneada Otel\"},\"image\":{\"@id\":\"https:\/\/longosphere.com\/#\/schema\/logo\/image\/\"},\"sameAs\":[\"https:\/\/www.instagram.com\/longosphere\"]}]}<\/script>\n<!-- \/ Yoast SEO plugin. -->","yoast_head_json":{"title":"Kozalak Cafe - Longosphere Glamping Longoz Ormanlar\u0131 i\u011fneada Otel","robots":{"index":"index","follow":"follow","max-snippet":"max-snippet:-1","max-image-preview":"max-image-preview:large","max-video-preview":"max-video-preview:-1"},"canonical":"https:\/\/longosphere.com\/yeme-ve-icme\/kozalak-cafe-2\/","og_locale":"en_US","og_type":"article","og_title":"Kozalak Cafe - Longosphere Glamping Longoz Ormanlar\u0131 i\u011fneada Otel","og_description":"[vc_row el_class=&#8221;kasabarow mobiltoplon&#8221; el_id=&#8221;kozalak&#8221; css=&#8221;.vc_custom_1717685897473{padding-top: 0px !important;padding-bottom: 60px !important;}&#8221;][vc_column css_animation=&#8221;fadeInLeft&#8221; width=&#8221;1\/2&#8243;][\/vc_column][vc_column css_animation=&#8221;fadeInRight&#8221; width=&#8221;1\/2&#8243;][vc_column_text el_class=&#8221;kasaba-p&#8221;]Our opening and closing hours vary according to the season and day. Our opening and closing hours during the summer are Monday, Tuesday, Wednesday, Thursday and Sunday 09:00 \u2013 21:00, Friday and Saturday 09:00 \u2013 22:00. Our opening and closing hours during the winter are different during the week and weekend. At Kozalak Cafe, we offer our visitors delicious coffee, tea, light ayran, cold coffee varieties, cold drinks, herbal teas, toast varieties and dessert varieties. There is no price difference for visitors staying at Longosphere and day [&hellip;]","og_url":"https:\/\/longosphere.com\/yeme-ve-icme\/kozalak-cafe-2\/","og_site_name":"Longosphere Glamping Longoz Ormanlar\u0131 i\u011fneada Otel","article_publisher":"https:\/\/www.instagram.com\/longosphere","article_modified_time":"2024-09-05T12:49:25+00:00","twitter_card":"summary_large_image","twitter_misc":{"Est. reading time":"2 minutes"},"schema":{"@context":"https:\/\/schema.org","@graph":[{"@type":"WebPage","@id":"https:\/\/longosphere.com\/yeme-ve-icme\/kozalak-cafe-2\/","url":"https:\/\/longosphere.com\/yeme-ve-icme\/kozalak-cafe-2\/","name":"Kozalak Cafe - Longosphere Glamping Longoz Ormanlar\u0131 i\u011fneada Otel","isPartOf":{"@id":"https:\/\/longosphere.com\/#website"},"datePublished":"2024-05-13T11:17:39+00:00","dateModified":"2024-09-05T12:49:25+00:00","breadcrumb":{"@id":"https:\/\/longosphere.com\/yeme-ve-icme\/kozalak-cafe-2\/#breadcrumb"},"inLanguage":"en-US","potentialAction":[{"@type":"ReadAction","target":["https:\/\/longosphere.com\/yeme-ve-icme\/kozalak-cafe-2\/"]}]},{"@type":"BreadcrumbList","@id":"https:\/\/longosphere.com\/yeme-ve-icme\/kozalak-cafe-2\/#breadcrumb","itemListElement":[{"@type":"ListItem","position":1,"name":"","item":"https:\/\/longosphere.com\/en\/"},{"@type":"ListItem","position":2,"name":"Food and Drink","item":"https:\/\/longosphere.com\/yeme-ve-icme\/"},{"@type":"ListItem","position":3,"name":"Kozalak Cafe"}]},{"@type":"WebSite","@id":"https:\/\/longosphere.com\/#website","url":"https:\/\/longosphere.com\/","name":"Longosphere Glamping Longoz Ormanlar\u0131 \u0130\u011fneada Otel","description":"T\u00fcrkiye&#039;nin En  B\u00fcy\u00fck Glamping Tesisi","publisher":{"@id":"https:\/\/longosphere.com\/#organization"},"alternateName":"Longosphere Glamping","potentialAction":[{"@type":"SearchAction","target":{"@type":"EntryPoint","urlTemplate":"https:\/\/longosphere.com\/?s={search_term_string}"},"query-input":"required name=search_term_string"}],"inLanguage":"en-US"},{"@type":"Organization","@id":"https:\/\/longosphere.com\/#organization","name":"Longosphere Glamping Longoz Ormanlar\u0131 \u0130\u011fneada Otel","alternateName":"Longosphere Glamping","url":"https:\/\/longosphere.com\/","logo":{"@type":"ImageObject","inLanguage":"en-US","@id":"https:\/\/longosphere.com\/#\/schema\/logo\/image\/","url":"https:\/\/longosphere.com\/wp-content\/uploads\/2024\/04\/logo-y.svg","contentUrl":"https:\/\/longosphere.com\/wp-content\/uploads\/2024\/04\/logo-y.svg","width":1,"height":1,"caption":"Longosphere Glamping Longoz Ormanlar\u0131 \u0130\u011fneada Otel"},"image":{"@id":"https:\/\/longosphere.com\/#\/schema\/logo\/image\/"},"sameAs":["https:\/\/www.instagram.com\/longosphere"]}]}},"_links":{"self":[{"href":"https:\/\/longosphere.com\/en\/wp-json\/wp\/v2\/pages\/1642"}],"collection":[{"href":"https:\/\/longosphere.com\/en\/wp-json\/wp\/v2\/pages"}],"about":[{"href":"https:\/\/longosphere.com\/en\/wp-json\/wp\/v2\/types\/page"}],"author":[{"embeddable":true,"href":"https:\/\/longosphere.com\/en\/wp-json\/wp\/v2\/users\/1"}],"replies":[{"embeddable":true,"href":"https:\/\/longosphere.com\/en\/wp-json\/wp\/v2\/comments?post=1642"}],"version-history":[{"count":1,"href":"https:\/\/longosphere.com\/en\/wp-json\/wp\/v2\/pages\/1642\/revisions"}],"predecessor-version":[{"id":1746,"href":"https:\/\/longosphere.com\/en\/wp-json\/wp\/v2\/pages\/1642\/revisions\/1746"}],"up":[{"embeddable":true,"href":"https:\/\/longosphere.com\/en\/wp-json\/wp\/v2\/pages\/1657"}],"wp:attachment":[{"href":"https:\/\/longosphere.com\/en\/wp-json\/wp\/v2\/media?parent=1642"}],"curies":[{"name":"wp","href":"https:\/\/api.w.org\/{rel}","templated":true}]}}