{"id":1640,"date":"2024-05-13T14:19:59","date_gmt":"2024-05-13T11:19:59","guid":{"rendered":"https:\/\/longosphere.com\/barbeku-alani\/"},"modified":"2024-09-05T15:49:14","modified_gmt":"2024-09-05T12:49:14","slug":"barbecue-area","status":"publish","type":"page","link":"https:\/\/longosphere.com\/en\/food-and-drink\/barbecue-area\/","title":{"rendered":"Barbecue Area"},"content":{"rendered":"<div class=\"wpb-content-wrapper\"><p>[vc_row el_class=&#8221;kasabarow mobiltoplon&#8221; el_id=&#8221;barbeku&#8221; css=&#8221;.vc_custom_1715599197950{padding-top: 60px !important;padding-bottom: 60px !important;}&#8221;][vc_column css_animation=&#8221;fadeInLeft&#8221; width=&#8221;1\/2&#8243;]\r\n    <div class=\"owl-carousel owl-theme slidegaleri\">\r\n    <div class=\"item\" data-hash=\"hash-378\">\r\n    <img decoding=\"async\" class=\"img-fluid\" src=\"https:\/\/longosphere.com\/wp-content\/uploads\/2024\/04\/1-6-500x500.jpg\" alt=\"\">\r\n    <\/div>\r\n    \r\n    <div class=\"item\" data-hash=\"hash-376\">\r\n    <img decoding=\"async\" class=\"img-fluid\" src=\"https:\/\/longosphere.com\/wp-content\/uploads\/2024\/04\/3-4-500x500.jpg\" alt=\"\">\r\n    <\/div>\r\n    \r\n    <div class=\"item\" data-hash=\"hash-377\">\r\n    <img decoding=\"async\" class=\"img-fluid\" src=\"https:\/\/longosphere.com\/wp-content\/uploads\/2024\/04\/MG_1621-500x500.jpg\" alt=\"\">\r\n    <\/div>\r\n    \r\n    <div class=\"item\" data-hash=\"hash-379\">\r\n    <img decoding=\"async\" class=\"img-fluid\" src=\"https:\/\/longosphere.com\/wp-content\/uploads\/2024\/04\/2-5-500x500.jpg\" alt=\"\">\r\n    <\/div>\r\n    <\/div><div class=\"thumbowl\">\r\n     <a class=\"button secondary url\" href=\"#hash-378\">\r\n      <img decoding=\"async\" class=\"img-fluid\" src=\"https:\/\/longosphere.com\/wp-content\/uploads\/2024\/04\/1-6-150x150.jpg\" alt=\"\">\r\n     <\/a>   \r\n     <a class=\"button secondary url\" href=\"#hash-376\">\r\n      <img decoding=\"async\" class=\"img-fluid\" src=\"https:\/\/longosphere.com\/wp-content\/uploads\/2024\/04\/3-4-150x150.jpg\" alt=\"\">\r\n     <\/a>   \r\n     <a class=\"button secondary url\" href=\"#hash-377\">\r\n      <img decoding=\"async\" class=\"img-fluid\" src=\"https:\/\/longosphere.com\/wp-content\/uploads\/2024\/04\/MG_1621-150x150.jpg\" alt=\"\">\r\n     <\/a>   \r\n     <a class=\"button secondary url\" href=\"#hash-379\">\r\n      <img decoding=\"async\" class=\"img-fluid\" src=\"https:\/\/longosphere.com\/wp-content\/uploads\/2024\/04\/2-5-150x150.jpg\" alt=\"\">\r\n     <\/a>   <\/div>[\/vc_column][vc_column css_animation=&#8221;fadeInRight&#8221; width=&#8221;1\/2&#8243;]\r\n  <div class=\"ikontitle\">\r\n  <img decoding=\"async\" src=\"https:\/\/longosphere.com\/wp-content\/uploads\/2024\/04\/longodetay.svg\" alt=\"Barbecue Area\" class=\"ikontitle-img\">\r\n    <h2>Barbecue Area<\/h2>\r\n  <\/div>\r\n    [vc_column_text el_class=&#8221;kasaba-p&#8221;]For our guests who want to grill their own, taste and pleasure come together at Longosphere! You can meet your needs for grilling at our Glamping facility on Kasaba Street, and cook the meat you buy from Usta Kasap with the specially designed chimney system in the Barbecue and Grill Area. You can enjoy the smokeless grill under the Longoz Forests.<\/p>\n<p>What are the opening and closing hours of the barbecue and grill areas?<br \/>\n&#8211;11.00 \u2013 20.00 (Hours change in winter.)<\/p>\n<p>It is not accepted to bring food and drinks from outside. All the food and equipment necessary for your barbecue pleasure are available on Kasaba Street.[\/vc_column_text][\/vc_column][\/vc_row]<\/p>\n<\/div>","protected":false},"excerpt":{"rendered":"<p>[vc_row el_class=&#8221;kasabarow mobiltoplon&#8221; el_id=&#8221;barbeku&#8221; css=&#8221;.vc_custom_1715599197950{padding-top: 60px !important;padding-bottom: 60px !important;}&#8221;][vc_column css_animation=&#8221;fadeInLeft&#8221; width=&#8221;1\/2&#8243;][\/vc_column][vc_column css_animation=&#8221;fadeInRight&#8221; width=&#8221;1\/2&#8243;][vc_column_text el_class=&#8221;kasaba-p&#8221;]For our guests who want to grill their own, taste and pleasure come together at Longosphere! You can meet your needs for grilling at our Glamping facility on Kasaba Street, and cook the meat you buy from Usta Kasap with the specially designed chimney system in the Barbecue and Grill Area. You can enjoy the smokeless grill under the Longoz Forests. What are the opening and closing hours of the barbecue and grill areas? &#8211;11.00 \u2013 20.00 (Hours change in winter.) It is not accepted to bring [&hellip;]<\/p>\n","protected":false},"author":1,"featured_media":0,"parent":1657,"menu_order":92,"comment_status":"closed","ping_status":"closed","template":"","meta":{"footnotes":""},"class_list":["post-1640","page","type-page","status-publish","hentry"],"yoast_head":"<!-- This site is optimized with the Yoast SEO plugin v23.3 - https:\/\/yoast.com\/wordpress\/plugins\/seo\/ -->\n<title>Barbecue Area - Longosphere Glamping Longoz Ormanlar\u0131 i\u011fneada Otel<\/title>\n<meta name=\"robots\" content=\"index, follow, max-snippet:-1, max-image-preview:large, max-video-preview:-1\" \/>\n<link rel=\"canonical\" href=\"https:\/\/longosphere.com\/yeme-ve-icme\/barbeku-alani\/\" \/>\n<meta property=\"og:locale\" content=\"en_US\" \/>\n<meta property=\"og:type\" content=\"article\" \/>\n<meta property=\"og:title\" content=\"Barbecue Area - Longosphere Glamping Longoz Ormanlar\u0131 i\u011fneada Otel\" \/>\n<meta property=\"og:description\" content=\"[vc_row el_class=&#8221;kasabarow mobiltoplon&#8221; el_id=&#8221;barbeku&#8221; css=&#8221;.vc_custom_1715599197950{padding-top: 60px !important;padding-bottom: 60px !important;}&#8221;][vc_column css_animation=&#8221;fadeInLeft&#8221; width=&#8221;1\/2&#8243;][\/vc_column][vc_column css_animation=&#8221;fadeInRight&#8221; width=&#8221;1\/2&#8243;][vc_column_text el_class=&#8221;kasaba-p&#8221;]For our guests who want to grill their own, taste and pleasure come together at Longosphere! You can meet your needs for grilling at our Glamping facility on Kasaba Street, and cook the meat you buy from Usta Kasap with the specially designed chimney system in the Barbecue and Grill Area. You can enjoy the smokeless grill under the Longoz Forests. What are the opening and closing hours of the barbecue and grill areas? &#8211;11.00 \u2013 20.00 (Hours change in winter.) It is not accepted to bring [&hellip;]\" \/>\n<meta property=\"og:url\" content=\"https:\/\/longosphere.com\/yeme-ve-icme\/barbeku-alani\/\" \/>\n<meta property=\"og:site_name\" content=\"Longosphere Glamping Longoz Ormanlar\u0131 i\u011fneada Otel\" \/>\n<meta property=\"article:publisher\" content=\"https:\/\/www.instagram.com\/longosphere\" \/>\n<meta property=\"article:modified_time\" content=\"2024-09-05T12:49:14+00:00\" \/>\n<meta name=\"twitter:card\" content=\"summary_large_image\" \/>\n<meta name=\"twitter:label1\" content=\"Est. reading time\" \/>\n\t<meta name=\"twitter:data1\" content=\"2 minutes\" \/>\n<script type=\"application\/ld+json\" class=\"yoast-schema-graph\">{\"@context\":\"https:\/\/schema.org\",\"@graph\":[{\"@type\":\"WebPage\",\"@id\":\"https:\/\/longosphere.com\/yeme-ve-icme\/barbeku-alani\/\",\"url\":\"https:\/\/longosphere.com\/yeme-ve-icme\/barbeku-alani\/\",\"name\":\"Barbecue Area - Longosphere Glamping Longoz Ormanlar\u0131 i\u011fneada Otel\",\"isPartOf\":{\"@id\":\"https:\/\/longosphere.com\/#website\"},\"datePublished\":\"2024-05-13T11:19:59+00:00\",\"dateModified\":\"2024-09-05T12:49:14+00:00\",\"breadcrumb\":{\"@id\":\"https:\/\/longosphere.com\/yeme-ve-icme\/barbeku-alani\/#breadcrumb\"},\"inLanguage\":\"en-US\",\"potentialAction\":[{\"@type\":\"ReadAction\",\"target\":[\"https:\/\/longosphere.com\/yeme-ve-icme\/barbeku-alani\/\"]}]},{\"@type\":\"BreadcrumbList\",\"@id\":\"https:\/\/longosphere.com\/yeme-ve-icme\/barbeku-alani\/#breadcrumb\",\"itemListElement\":[{\"@type\":\"ListItem\",\"position\":1,\"name\":\"\",\"item\":\"https:\/\/longosphere.com\/en\/\"},{\"@type\":\"ListItem\",\"position\":2,\"name\":\"Food and Drink\",\"item\":\"https:\/\/longosphere.com\/yeme-ve-icme\/\"},{\"@type\":\"ListItem\",\"position\":3,\"name\":\"Barbecue Area\"}]},{\"@type\":\"WebSite\",\"@id\":\"https:\/\/longosphere.com\/#website\",\"url\":\"https:\/\/longosphere.com\/\",\"name\":\"Longosphere Glamping Longoz Ormanlar\u0131 \u0130\u011fneada Otel\",\"description\":\"T\u00fcrkiye&#039;nin En  B\u00fcy\u00fck Glamping Tesisi\",\"publisher\":{\"@id\":\"https:\/\/longosphere.com\/#organization\"},\"alternateName\":\"Longosphere Glamping\",\"potentialAction\":[{\"@type\":\"SearchAction\",\"target\":{\"@type\":\"EntryPoint\",\"urlTemplate\":\"https:\/\/longosphere.com\/?s={search_term_string}\"},\"query-input\":\"required name=search_term_string\"}],\"inLanguage\":\"en-US\"},{\"@type\":\"Organization\",\"@id\":\"https:\/\/longosphere.com\/#organization\",\"name\":\"Longosphere Glamping Longoz Ormanlar\u0131 \u0130\u011fneada Otel\",\"alternateName\":\"Longosphere Glamping\",\"url\":\"https:\/\/longosphere.com\/\",\"logo\":{\"@type\":\"ImageObject\",\"inLanguage\":\"en-US\",\"@id\":\"https:\/\/longosphere.com\/#\/schema\/logo\/image\/\",\"url\":\"https:\/\/longosphere.com\/wp-content\/uploads\/2024\/04\/logo-y.svg\",\"contentUrl\":\"https:\/\/longosphere.com\/wp-content\/uploads\/2024\/04\/logo-y.svg\",\"width\":1,\"height\":1,\"caption\":\"Longosphere Glamping Longoz Ormanlar\u0131 \u0130\u011fneada Otel\"},\"image\":{\"@id\":\"https:\/\/longosphere.com\/#\/schema\/logo\/image\/\"},\"sameAs\":[\"https:\/\/www.instagram.com\/longosphere\"]}]}<\/script>\n<!-- \/ Yoast SEO plugin. -->","yoast_head_json":{"title":"Barbecue Area - Longosphere Glamping Longoz Ormanlar\u0131 i\u011fneada Otel","robots":{"index":"index","follow":"follow","max-snippet":"max-snippet:-1","max-image-preview":"max-image-preview:large","max-video-preview":"max-video-preview:-1"},"canonical":"https:\/\/longosphere.com\/yeme-ve-icme\/barbeku-alani\/","og_locale":"en_US","og_type":"article","og_title":"Barbecue Area - Longosphere Glamping Longoz Ormanlar\u0131 i\u011fneada Otel","og_description":"[vc_row el_class=&#8221;kasabarow mobiltoplon&#8221; el_id=&#8221;barbeku&#8221; css=&#8221;.vc_custom_1715599197950{padding-top: 60px !important;padding-bottom: 60px !important;}&#8221;][vc_column css_animation=&#8221;fadeInLeft&#8221; width=&#8221;1\/2&#8243;][\/vc_column][vc_column css_animation=&#8221;fadeInRight&#8221; width=&#8221;1\/2&#8243;][vc_column_text el_class=&#8221;kasaba-p&#8221;]For our guests who want to grill their own, taste and pleasure come together at Longosphere! You can meet your needs for grilling at our Glamping facility on Kasaba Street, and cook the meat you buy from Usta Kasap with the specially designed chimney system in the Barbecue and Grill Area. You can enjoy the smokeless grill under the Longoz Forests. What are the opening and closing hours of the barbecue and grill areas? &#8211;11.00 \u2013 20.00 (Hours change in winter.) It is not accepted to bring [&hellip;]","og_url":"https:\/\/longosphere.com\/yeme-ve-icme\/barbeku-alani\/","og_site_name":"Longosphere Glamping Longoz Ormanlar\u0131 i\u011fneada Otel","article_publisher":"https:\/\/www.instagram.com\/longosphere","article_modified_time":"2024-09-05T12:49:14+00:00","twitter_card":"summary_large_image","twitter_misc":{"Est. reading time":"2 minutes"},"schema":{"@context":"https:\/\/schema.org","@graph":[{"@type":"WebPage","@id":"https:\/\/longosphere.com\/yeme-ve-icme\/barbeku-alani\/","url":"https:\/\/longosphere.com\/yeme-ve-icme\/barbeku-alani\/","name":"Barbecue Area - Longosphere Glamping Longoz Ormanlar\u0131 i\u011fneada Otel","isPartOf":{"@id":"https:\/\/longosphere.com\/#website"},"datePublished":"2024-05-13T11:19:59+00:00","dateModified":"2024-09-05T12:49:14+00:00","breadcrumb":{"@id":"https:\/\/longosphere.com\/yeme-ve-icme\/barbeku-alani\/#breadcrumb"},"inLanguage":"en-US","potentialAction":[{"@type":"ReadAction","target":["https:\/\/longosphere.com\/yeme-ve-icme\/barbeku-alani\/"]}]},{"@type":"BreadcrumbList","@id":"https:\/\/longosphere.com\/yeme-ve-icme\/barbeku-alani\/#breadcrumb","itemListElement":[{"@type":"ListItem","position":1,"name":"","item":"https:\/\/longosphere.com\/en\/"},{"@type":"ListItem","position":2,"name":"Food and Drink","item":"https:\/\/longosphere.com\/yeme-ve-icme\/"},{"@type":"ListItem","position":3,"name":"Barbecue Area"}]},{"@type":"WebSite","@id":"https:\/\/longosphere.com\/#website","url":"https:\/\/longosphere.com\/","name":"Longosphere Glamping Longoz Ormanlar\u0131 \u0130\u011fneada Otel","description":"T\u00fcrkiye&#039;nin En  B\u00fcy\u00fck Glamping Tesisi","publisher":{"@id":"https:\/\/longosphere.com\/#organization"},"alternateName":"Longosphere Glamping","potentialAction":[{"@type":"SearchAction","target":{"@type":"EntryPoint","urlTemplate":"https:\/\/longosphere.com\/?s={search_term_string}"},"query-input":"required name=search_term_string"}],"inLanguage":"en-US"},{"@type":"Organization","@id":"https:\/\/longosphere.com\/#organization","name":"Longosphere Glamping Longoz Ormanlar\u0131 \u0130\u011fneada Otel","alternateName":"Longosphere Glamping","url":"https:\/\/longosphere.com\/","logo":{"@type":"ImageObject","inLanguage":"en-US","@id":"https:\/\/longosphere.com\/#\/schema\/logo\/image\/","url":"https:\/\/longosphere.com\/wp-content\/uploads\/2024\/04\/logo-y.svg","contentUrl":"https:\/\/longosphere.com\/wp-content\/uploads\/2024\/04\/logo-y.svg","width":1,"height":1,"caption":"Longosphere Glamping Longoz Ormanlar\u0131 \u0130\u011fneada Otel"},"image":{"@id":"https:\/\/longosphere.com\/#\/schema\/logo\/image\/"},"sameAs":["https:\/\/www.instagram.com\/longosphere"]}]}},"_links":{"self":[{"href":"https:\/\/longosphere.com\/en\/wp-json\/wp\/v2\/pages\/1640"}],"collection":[{"href":"https:\/\/longosphere.com\/en\/wp-json\/wp\/v2\/pages"}],"about":[{"href":"https:\/\/longosphere.com\/en\/wp-json\/wp\/v2\/types\/page"}],"author":[{"embeddable":true,"href":"https:\/\/longosphere.com\/en\/wp-json\/wp\/v2\/users\/1"}],"replies":[{"embeddable":true,"href":"https:\/\/longosphere.com\/en\/wp-json\/wp\/v2\/comments?post=1640"}],"version-history":[{"count":1,"href":"https:\/\/longosphere.com\/en\/wp-json\/wp\/v2\/pages\/1640\/revisions"}],"predecessor-version":[{"id":1744,"href":"https:\/\/longosphere.com\/en\/wp-json\/wp\/v2\/pages\/1640\/revisions\/1744"}],"up":[{"embeddable":true,"href":"https:\/\/longosphere.com\/en\/wp-json\/wp\/v2\/pages\/1657"}],"wp:attachment":[{"href":"https:\/\/longosphere.com\/en\/wp-json\/wp\/v2\/media?parent=1640"}],"curies":[{"name":"wp","href":"https:\/\/api.w.org\/{rel}","templated":true}]}}