{"id":1636,"date":"2024-05-13T14:30:18","date_gmt":"2024-05-13T11:30:18","guid":{"rendered":"https:\/\/longosphere.com\/outdoor-shop\/"},"modified":"2024-09-05T15:09:27","modified_gmt":"2024-09-05T12:09:27","slug":"outdoor-shop","status":"publish","type":"page","link":"https:\/\/longosphere.com\/en\/town-street\/outdoor-shop\/","title":{"rendered":"Outdoor Shop"},"content":{"rendered":"<div class=\"wpb-content-wrapper\"><p>[vc_row el_class=&#8221;kasabarow&#8221; el_id=&#8221;concept&#8221; css=&#8221;.vc_custom_1715599623227{padding-top: 60px !important;padding-bottom: 60px !important;}&#8221;][vc_column css_animation=&#8221;fadeInLeft&#8221; width=&#8221;1\/2&#8243;]\r\n    <div class=\"owl-carousel owl-theme slidegaleri\">\r\n    <div class=\"item\" data-hash=\"hash-946\">\r\n    <img decoding=\"async\" class=\"img-fluid\" src=\"https:\/\/longosphere.com\/wp-content\/uploads\/2024\/07\/outdoor2-500x500.jpg\" alt=\"\">\r\n    <\/div>\r\n    \r\n    <div class=\"item\" data-hash=\"hash-947\">\r\n    <img decoding=\"async\" class=\"img-fluid\" src=\"https:\/\/longosphere.com\/wp-content\/uploads\/2024\/07\/ourdoor-1-500x500.jpg\" alt=\"\">\r\n    <\/div>\r\n    \r\n    <div class=\"item\" data-hash=\"hash-948\">\r\n    <img decoding=\"async\" class=\"img-fluid\" src=\"https:\/\/longosphere.com\/wp-content\/uploads\/2024\/07\/outdoor3-500x500.jpg\" alt=\"\">\r\n    <\/div>\r\n    \r\n    <div class=\"item\" data-hash=\"hash-642\">\r\n    <img decoding=\"async\" class=\"img-fluid\" src=\"https:\/\/longosphere.com\/wp-content\/uploads\/2024\/05\/DSC-3-500x500.jpg\" alt=\"\">\r\n    <\/div>\r\n    \r\n    <div class=\"item\" data-hash=\"hash-643\">\r\n    <img decoding=\"async\" class=\"img-fluid\" src=\"https:\/\/longosphere.com\/wp-content\/uploads\/2024\/05\/DSC-1-500x500.jpg\" alt=\"\">\r\n    <\/div>\r\n    \r\n    <div class=\"item\" data-hash=\"hash-644\">\r\n    <img decoding=\"async\" class=\"img-fluid\" src=\"https:\/\/longosphere.com\/wp-content\/uploads\/2024\/05\/DSC-2-500x500.jpg\" alt=\"\">\r\n    <\/div>\r\n    <\/div><div class=\"thumbowl\">\r\n     <a class=\"button secondary url\" href=\"#hash-946\">\r\n      <img decoding=\"async\" class=\"img-fluid\" src=\"https:\/\/longosphere.com\/wp-content\/uploads\/2024\/07\/outdoor2-150x150.jpg\" alt=\"\">\r\n     <\/a>   \r\n     <a class=\"button secondary url\" href=\"#hash-947\">\r\n      <img decoding=\"async\" class=\"img-fluid\" src=\"https:\/\/longosphere.com\/wp-content\/uploads\/2024\/07\/ourdoor-1-150x150.jpg\" alt=\"\">\r\n     <\/a>   \r\n     <a class=\"button secondary url\" href=\"#hash-948\">\r\n      <img decoding=\"async\" class=\"img-fluid\" src=\"https:\/\/longosphere.com\/wp-content\/uploads\/2024\/07\/outdoor3-150x150.jpg\" alt=\"\">\r\n     <\/a>   \r\n     <a class=\"button secondary url\" href=\"#hash-642\">\r\n      <img decoding=\"async\" class=\"img-fluid\" src=\"https:\/\/longosphere.com\/wp-content\/uploads\/2024\/05\/DSC-3-150x150.jpg\" alt=\"\">\r\n     <\/a>   \r\n     <a class=\"button secondary url\" href=\"#hash-643\">\r\n      <img decoding=\"async\" class=\"img-fluid\" src=\"https:\/\/longosphere.com\/wp-content\/uploads\/2024\/05\/DSC-1-150x150.jpg\" alt=\"\">\r\n     <\/a>   \r\n     <a class=\"button secondary url\" href=\"#hash-644\">\r\n      <img decoding=\"async\" class=\"img-fluid\" src=\"https:\/\/longosphere.com\/wp-content\/uploads\/2024\/05\/DSC-2-150x150.jpg\" alt=\"\">\r\n     <\/a>   <\/div>[\/vc_column][vc_column css_animation=&#8221;fadeInRight&#8221; width=&#8221;1\/2&#8243;]\r\n  <div class=\"ikontitle\">\r\n  <img decoding=\"async\" src=\"https:\/\/longosphere.com\/wp-content\/uploads\/2024\/04\/longodetay.svg\" alt=\"Outdoor Shop\" class=\"ikontitle-img\">\r\n    <h2>Outdoor Shop<\/h2>\r\n  <\/div>\r\n    [vc_column_text el_class=&#8221;kasaba-p&#8221;]Our opening and closing hours vary depending on the day and season.<\/p>\n<p>The summer season is Monday, Tuesday, Wednesday, Thursday and Sunday, 09:00 \u2013 22:00, Friday and Saturday 09:00 \u2013 23:00.<\/p>\n<p>In the winter season, our opening and closing hours are 09:00 \u2013 21:00.<\/p>\n<p>In the outdoor shop, we offer many comfortable textile products that you can buy for yourself and your loved ones with clothing textiles.<\/p>\n<p>There is no price difference for accommodation in Longosphere and for day visitors.[\/vc_column_text][\/vc_column][\/vc_row]<\/p>\n<\/div>","protected":false},"excerpt":{"rendered":"<p>[vc_row el_class=&#8221;kasabarow&#8221; el_id=&#8221;concept&#8221; css=&#8221;.vc_custom_1715599623227{padding-top: 60px !important;padding-bottom: 60px !important;}&#8221;][vc_column css_animation=&#8221;fadeInLeft&#8221; width=&#8221;1\/2&#8243;][\/vc_column][vc_column css_animation=&#8221;fadeInRight&#8221; width=&#8221;1\/2&#8243;][vc_column_text el_class=&#8221;kasaba-p&#8221;]Our opening and closing hours vary depending on the day and season. The summer season is Monday, Tuesday, Wednesday, Thursday and Sunday, 09:00 \u2013 22:00, Friday and Saturday 09:00 \u2013 23:00. In the winter season, our opening and closing hours are 09:00 \u2013 21:00. In the outdoor shop, we offer many comfortable textile products that you can buy for yourself and your loved ones with clothing textiles. There is no price difference for accommodation in Longosphere and for day visitors.[\/vc_column_text][\/vc_column][\/vc_row]<\/p>\n","protected":false},"author":1,"featured_media":0,"parent":1658,"menu_order":69,"comment_status":"closed","ping_status":"closed","template":"","meta":{"footnotes":""},"class_list":["post-1636","page","type-page","status-publish","hentry"],"yoast_head":"<!-- This site is optimized with the Yoast SEO plugin v23.3 - https:\/\/yoast.com\/wordpress\/plugins\/seo\/ -->\n<title>Outdoor Shop - Longosphere Glamping Longoz Ormanlar\u0131 i\u011fneada Otel<\/title>\n<meta name=\"robots\" content=\"index, follow, max-snippet:-1, max-image-preview:large, max-video-preview:-1\" \/>\n<link rel=\"canonical\" href=\"https:\/\/longosphere.com\/kasaba-sokagi\/outdoor-shop\/\" \/>\n<meta property=\"og:locale\" content=\"en_US\" \/>\n<meta property=\"og:type\" content=\"article\" \/>\n<meta property=\"og:title\" content=\"Outdoor Shop - Longosphere Glamping Longoz Ormanlar\u0131 i\u011fneada Otel\" \/>\n<meta property=\"og:description\" content=\"[vc_row el_class=&#8221;kasabarow&#8221; el_id=&#8221;concept&#8221; css=&#8221;.vc_custom_1715599623227{padding-top: 60px !important;padding-bottom: 60px !important;}&#8221;][vc_column css_animation=&#8221;fadeInLeft&#8221; width=&#8221;1\/2&#8243;][\/vc_column][vc_column css_animation=&#8221;fadeInRight&#8221; width=&#8221;1\/2&#8243;][vc_column_text el_class=&#8221;kasaba-p&#8221;]Our opening and closing hours vary depending on the day and season. The summer season is Monday, Tuesday, Wednesday, Thursday and Sunday, 09:00 \u2013 22:00, Friday and Saturday 09:00 \u2013 23:00. In the winter season, our opening and closing hours are 09:00 \u2013 21:00. In the outdoor shop, we offer many comfortable textile products that you can buy for yourself and your loved ones with clothing textiles. There is no price difference for accommodation in Longosphere and for day visitors.[\/vc_column_text][\/vc_column][\/vc_row]\" \/>\n<meta property=\"og:url\" content=\"https:\/\/longosphere.com\/kasaba-sokagi\/outdoor-shop\/\" \/>\n<meta property=\"og:site_name\" content=\"Longosphere Glamping Longoz Ormanlar\u0131 i\u011fneada Otel\" \/>\n<meta property=\"article:publisher\" content=\"https:\/\/www.instagram.com\/longosphere\" \/>\n<meta property=\"article:modified_time\" content=\"2024-09-05T12:09:27+00:00\" \/>\n<meta name=\"twitter:card\" content=\"summary_large_image\" \/>\n<meta name=\"twitter:label1\" content=\"Est. reading time\" \/>\n\t<meta name=\"twitter:data1\" content=\"1 minute\" \/>\n<script type=\"application\/ld+json\" class=\"yoast-schema-graph\">{\"@context\":\"https:\/\/schema.org\",\"@graph\":[{\"@type\":\"WebPage\",\"@id\":\"https:\/\/longosphere.com\/kasaba-sokagi\/outdoor-shop\/\",\"url\":\"https:\/\/longosphere.com\/kasaba-sokagi\/outdoor-shop\/\",\"name\":\"Outdoor Shop - Longosphere Glamping Longoz Ormanlar\u0131 i\u011fneada Otel\",\"isPartOf\":{\"@id\":\"https:\/\/longosphere.com\/#website\"},\"datePublished\":\"2024-05-13T11:30:18+00:00\",\"dateModified\":\"2024-09-05T12:09:27+00:00\",\"breadcrumb\":{\"@id\":\"https:\/\/longosphere.com\/kasaba-sokagi\/outdoor-shop\/#breadcrumb\"},\"inLanguage\":\"en-US\",\"potentialAction\":[{\"@type\":\"ReadAction\",\"target\":[\"https:\/\/longosphere.com\/kasaba-sokagi\/outdoor-shop\/\"]}]},{\"@type\":\"BreadcrumbList\",\"@id\":\"https:\/\/longosphere.com\/kasaba-sokagi\/outdoor-shop\/#breadcrumb\",\"itemListElement\":[{\"@type\":\"ListItem\",\"position\":1,\"name\":\"\",\"item\":\"https:\/\/longosphere.com\/en\/\"},{\"@type\":\"ListItem\",\"position\":2,\"name\":\"Town Street\",\"item\":\"https:\/\/longosphere.com\/kasaba-sokagi\/\"},{\"@type\":\"ListItem\",\"position\":3,\"name\":\"Outdoor Shop\"}]},{\"@type\":\"WebSite\",\"@id\":\"https:\/\/longosphere.com\/#website\",\"url\":\"https:\/\/longosphere.com\/\",\"name\":\"Longosphere Glamping Longoz Ormanlar\u0131 \u0130\u011fneada Otel\",\"description\":\"T\u00fcrkiye&#039;nin En  B\u00fcy\u00fck Glamping Tesisi\",\"publisher\":{\"@id\":\"https:\/\/longosphere.com\/#organization\"},\"alternateName\":\"Longosphere Glamping\",\"potentialAction\":[{\"@type\":\"SearchAction\",\"target\":{\"@type\":\"EntryPoint\",\"urlTemplate\":\"https:\/\/longosphere.com\/?s={search_term_string}\"},\"query-input\":\"required name=search_term_string\"}],\"inLanguage\":\"en-US\"},{\"@type\":\"Organization\",\"@id\":\"https:\/\/longosphere.com\/#organization\",\"name\":\"Longosphere Glamping Longoz Ormanlar\u0131 \u0130\u011fneada Otel\",\"alternateName\":\"Longosphere Glamping\",\"url\":\"https:\/\/longosphere.com\/\",\"logo\":{\"@type\":\"ImageObject\",\"inLanguage\":\"en-US\",\"@id\":\"https:\/\/longosphere.com\/#\/schema\/logo\/image\/\",\"url\":\"https:\/\/longosphere.com\/wp-content\/uploads\/2024\/04\/logo-y.svg\",\"contentUrl\":\"https:\/\/longosphere.com\/wp-content\/uploads\/2024\/04\/logo-y.svg\",\"width\":1,\"height\":1,\"caption\":\"Longosphere Glamping Longoz Ormanlar\u0131 \u0130\u011fneada Otel\"},\"image\":{\"@id\":\"https:\/\/longosphere.com\/#\/schema\/logo\/image\/\"},\"sameAs\":[\"https:\/\/www.instagram.com\/longosphere\"]}]}<\/script>\n<!-- \/ Yoast SEO plugin. -->","yoast_head_json":{"title":"Outdoor Shop - Longosphere Glamping Longoz Ormanlar\u0131 i\u011fneada Otel","robots":{"index":"index","follow":"follow","max-snippet":"max-snippet:-1","max-image-preview":"max-image-preview:large","max-video-preview":"max-video-preview:-1"},"canonical":"https:\/\/longosphere.com\/kasaba-sokagi\/outdoor-shop\/","og_locale":"en_US","og_type":"article","og_title":"Outdoor Shop - Longosphere Glamping Longoz Ormanlar\u0131 i\u011fneada Otel","og_description":"[vc_row el_class=&#8221;kasabarow&#8221; el_id=&#8221;concept&#8221; css=&#8221;.vc_custom_1715599623227{padding-top: 60px !important;padding-bottom: 60px !important;}&#8221;][vc_column css_animation=&#8221;fadeInLeft&#8221; width=&#8221;1\/2&#8243;][\/vc_column][vc_column css_animation=&#8221;fadeInRight&#8221; width=&#8221;1\/2&#8243;][vc_column_text el_class=&#8221;kasaba-p&#8221;]Our opening and closing hours vary depending on the day and season. The summer season is Monday, Tuesday, Wednesday, Thursday and Sunday, 09:00 \u2013 22:00, Friday and Saturday 09:00 \u2013 23:00. In the winter season, our opening and closing hours are 09:00 \u2013 21:00. In the outdoor shop, we offer many comfortable textile products that you can buy for yourself and your loved ones with clothing textiles. There is no price difference for accommodation in Longosphere and for day visitors.[\/vc_column_text][\/vc_column][\/vc_row]","og_url":"https:\/\/longosphere.com\/kasaba-sokagi\/outdoor-shop\/","og_site_name":"Longosphere Glamping Longoz Ormanlar\u0131 i\u011fneada Otel","article_publisher":"https:\/\/www.instagram.com\/longosphere","article_modified_time":"2024-09-05T12:09:27+00:00","twitter_card":"summary_large_image","twitter_misc":{"Est. reading time":"1 minute"},"schema":{"@context":"https:\/\/schema.org","@graph":[{"@type":"WebPage","@id":"https:\/\/longosphere.com\/kasaba-sokagi\/outdoor-shop\/","url":"https:\/\/longosphere.com\/kasaba-sokagi\/outdoor-shop\/","name":"Outdoor Shop - Longosphere Glamping Longoz Ormanlar\u0131 i\u011fneada Otel","isPartOf":{"@id":"https:\/\/longosphere.com\/#website"},"datePublished":"2024-05-13T11:30:18+00:00","dateModified":"2024-09-05T12:09:27+00:00","breadcrumb":{"@id":"https:\/\/longosphere.com\/kasaba-sokagi\/outdoor-shop\/#breadcrumb"},"inLanguage":"en-US","potentialAction":[{"@type":"ReadAction","target":["https:\/\/longosphere.com\/kasaba-sokagi\/outdoor-shop\/"]}]},{"@type":"BreadcrumbList","@id":"https:\/\/longosphere.com\/kasaba-sokagi\/outdoor-shop\/#breadcrumb","itemListElement":[{"@type":"ListItem","position":1,"name":"","item":"https:\/\/longosphere.com\/en\/"},{"@type":"ListItem","position":2,"name":"Town Street","item":"https:\/\/longosphere.com\/kasaba-sokagi\/"},{"@type":"ListItem","position":3,"name":"Outdoor Shop"}]},{"@type":"WebSite","@id":"https:\/\/longosphere.com\/#website","url":"https:\/\/longosphere.com\/","name":"Longosphere Glamping Longoz Ormanlar\u0131 \u0130\u011fneada Otel","description":"T\u00fcrkiye&#039;nin En  B\u00fcy\u00fck Glamping Tesisi","publisher":{"@id":"https:\/\/longosphere.com\/#organization"},"alternateName":"Longosphere Glamping","potentialAction":[{"@type":"SearchAction","target":{"@type":"EntryPoint","urlTemplate":"https:\/\/longosphere.com\/?s={search_term_string}"},"query-input":"required name=search_term_string"}],"inLanguage":"en-US"},{"@type":"Organization","@id":"https:\/\/longosphere.com\/#organization","name":"Longosphere Glamping Longoz Ormanlar\u0131 \u0130\u011fneada Otel","alternateName":"Longosphere Glamping","url":"https:\/\/longosphere.com\/","logo":{"@type":"ImageObject","inLanguage":"en-US","@id":"https:\/\/longosphere.com\/#\/schema\/logo\/image\/","url":"https:\/\/longosphere.com\/wp-content\/uploads\/2024\/04\/logo-y.svg","contentUrl":"https:\/\/longosphere.com\/wp-content\/uploads\/2024\/04\/logo-y.svg","width":1,"height":1,"caption":"Longosphere Glamping Longoz Ormanlar\u0131 \u0130\u011fneada Otel"},"image":{"@id":"https:\/\/longosphere.com\/#\/schema\/logo\/image\/"},"sameAs":["https:\/\/www.instagram.com\/longosphere"]}]}},"_links":{"self":[{"href":"https:\/\/longosphere.com\/en\/wp-json\/wp\/v2\/pages\/1636"}],"collection":[{"href":"https:\/\/longosphere.com\/en\/wp-json\/wp\/v2\/pages"}],"about":[{"href":"https:\/\/longosphere.com\/en\/wp-json\/wp\/v2\/types\/page"}],"author":[{"embeddable":true,"href":"https:\/\/longosphere.com\/en\/wp-json\/wp\/v2\/users\/1"}],"replies":[{"embeddable":true,"href":"https:\/\/longosphere.com\/en\/wp-json\/wp\/v2\/comments?post=1636"}],"version-history":[{"count":1,"href":"https:\/\/longosphere.com\/en\/wp-json\/wp\/v2\/pages\/1636\/revisions"}],"predecessor-version":[{"id":1717,"href":"https:\/\/longosphere.com\/en\/wp-json\/wp\/v2\/pages\/1636\/revisions\/1717"}],"up":[{"embeddable":true,"href":"https:\/\/longosphere.com\/en\/wp-json\/wp\/v2\/pages\/1658"}],"wp:attachment":[{"href":"https:\/\/longosphere.com\/en\/wp-json\/wp\/v2\/media?parent=1636"}],"curies":[{"name":"wp","href":"https:\/\/api.w.org\/{rel}","templated":true}]}}