{"id":1635,"date":"2024-05-13T14:31:08","date_gmt":"2024-05-13T11:31:08","guid":{"rendered":"https:\/\/longosphere.com\/usta-kasap\/"},"modified":"2024-09-05T15:48:43","modified_gmt":"2024-09-05T12:48:43","slug":"usta-butcher","status":"publish","type":"page","link":"https:\/\/longosphere.com\/en\/town-street\/usta-butcher\/","title":{"rendered":"Usta Butcher"},"content":{"rendered":"<div class=\"wpb-content-wrapper\"><p>[vc_row el_class=&#8221;kasabarow mobreverse&#8221; el_id=&#8221;kasap&#8221; css=&#8221;.vc_custom_1715599867201{padding-top: 60px !important;padding-bottom: 60px !important;}&#8221;][vc_column css_animation=&#8221;fadeInLeft&#8221; width=&#8221;1\/2&#8243;]\r\n  <div class=\"ikontitle\">\r\n  <img decoding=\"async\" src=\"https:\/\/longosphere.com\/wp-content\/uploads\/2024\/04\/longodetay.svg\" alt=\"Usta Butcher\" class=\"ikontitle-img\">\r\n    <h2>Usta Butcher<\/h2>\r\n  <\/div>\r\n    [vc_column_text el_class=&#8221;kasaba-p&#8221;]Usta Kasap&#8217;s opening and closing hours vary depending on the day and season.<\/p>\n<p>In the summer, weekdays are Monday, Tuesday, Wednesday, Thursday and Sunday 09:00 &#8211; 20:00, Friday and Saturday 09:00 &#8211; 20:00.<\/p>\n<p>In the winter, our opening and closing hours vary depending on the day.<\/p>\n<p>At Usta Kasap, we offer our visitors delicious meat varieties, barbecue package and fire-lighting service. Before moving to the grill area, you can buy our barbecue package and have your fire prepared and cook in the specially designed chimney system in the barbecue and grill area.<\/p>\n<p>There is no price difference for day visitors who stay at Longosphere.<\/p>\n<p>Usta Kasap, where meats cut in accordance with the standards are sold in hygienic environments, always offers fresh and quality products. You can cook the meats you buy from Usta Kasap in the barbecue and grill area as you wish.[\/vc_column_text][\/vc_column][vc_column css_animation=&#8221;fadeInRight&#8221; width=&#8221;1\/2&#8243;]\r\n    <div class=\"owl-carousel owl-theme slidegaleri\">\r\n    <div class=\"item\" data-hash=\"hash-304\">\r\n    <img decoding=\"async\" class=\"img-fluid\" src=\"https:\/\/longosphere.com\/wp-content\/uploads\/2024\/04\/kasap-500x500.jpg\" alt=\"\">\r\n    <\/div>\r\n    \r\n    <div class=\"item\" data-hash=\"hash-305\">\r\n    <img decoding=\"async\" class=\"img-fluid\" src=\"https:\/\/longosphere.com\/wp-content\/uploads\/2024\/04\/kasap2-500x500.jpg\" alt=\"\">\r\n    <\/div>\r\n    <\/div><div class=\"thumbowl\">\r\n     <a class=\"button secondary url\" href=\"#hash-304\">\r\n      <img decoding=\"async\" class=\"img-fluid\" src=\"https:\/\/longosphere.com\/wp-content\/uploads\/2024\/04\/kasap-150x150.jpg\" alt=\"\">\r\n     <\/a>   \r\n     <a class=\"button secondary url\" href=\"#hash-305\">\r\n      <img decoding=\"async\" class=\"img-fluid\" src=\"https:\/\/longosphere.com\/wp-content\/uploads\/2024\/04\/kasap2-150x150.jpg\" alt=\"\">\r\n     <\/a>   <\/div>[\/vc_column][\/vc_row]<\/p>\n<\/div>","protected":false},"excerpt":{"rendered":"<p>[vc_row el_class=&#8221;kasabarow mobreverse&#8221; el_id=&#8221;kasap&#8221; css=&#8221;.vc_custom_1715599867201{padding-top: 60px !important;padding-bottom: 60px !important;}&#8221;][vc_column css_animation=&#8221;fadeInLeft&#8221; width=&#8221;1\/2&#8243;][vc_column_text el_class=&#8221;kasaba-p&#8221;]Usta Kasap&#8217;s opening and closing hours vary depending on the day and season. In the summer, weekdays are Monday, Tuesday, Wednesday, Thursday and Sunday 09:00 &#8211; 20:00, Friday and Saturday 09:00 &#8211; 20:00. In the winter, our opening and closing hours vary depending on the day. At Usta Kasap, we offer our visitors delicious meat varieties, barbecue package and fire-lighting service. Before moving to the grill area, you can buy our barbecue package and have your fire prepared and cook in the specially designed chimney system in the barbecue [&hellip;]<\/p>\n","protected":false},"author":1,"featured_media":0,"parent":1658,"menu_order":78,"comment_status":"closed","ping_status":"closed","template":"","meta":{"footnotes":""},"class_list":["post-1635","page","type-page","status-publish","hentry"],"yoast_head":"<!-- This site is optimized with the Yoast SEO plugin v23.3 - https:\/\/yoast.com\/wordpress\/plugins\/seo\/ -->\n<title>Usta Butcher - Longosphere Glamping Longoz Ormanlar\u0131 i\u011fneada Otel<\/title>\n<meta name=\"robots\" content=\"index, follow, max-snippet:-1, max-image-preview:large, max-video-preview:-1\" \/>\n<link rel=\"canonical\" href=\"https:\/\/longosphere.com\/kasaba-sokagi\/usta-kasap\/\" \/>\n<meta property=\"og:locale\" content=\"en_US\" \/>\n<meta property=\"og:type\" content=\"article\" \/>\n<meta property=\"og:title\" content=\"Usta Butcher - Longosphere Glamping Longoz Ormanlar\u0131 i\u011fneada Otel\" \/>\n<meta property=\"og:description\" content=\"[vc_row el_class=&#8221;kasabarow mobreverse&#8221; el_id=&#8221;kasap&#8221; css=&#8221;.vc_custom_1715599867201{padding-top: 60px !important;padding-bottom: 60px !important;}&#8221;][vc_column css_animation=&#8221;fadeInLeft&#8221; width=&#8221;1\/2&#8243;][vc_column_text el_class=&#8221;kasaba-p&#8221;]Usta Kasap&#8217;s opening and closing hours vary depending on the day and season. In the summer, weekdays are Monday, Tuesday, Wednesday, Thursday and Sunday 09:00 &#8211; 20:00, Friday and Saturday 09:00 &#8211; 20:00. In the winter, our opening and closing hours vary depending on the day. At Usta Kasap, we offer our visitors delicious meat varieties, barbecue package and fire-lighting service. Before moving to the grill area, you can buy our barbecue package and have your fire prepared and cook in the specially designed chimney system in the barbecue [&hellip;]\" \/>\n<meta property=\"og:url\" content=\"https:\/\/longosphere.com\/kasaba-sokagi\/usta-kasap\/\" \/>\n<meta property=\"og:site_name\" content=\"Longosphere Glamping Longoz Ormanlar\u0131 i\u011fneada Otel\" \/>\n<meta property=\"article:publisher\" content=\"https:\/\/www.instagram.com\/longosphere\" \/>\n<meta property=\"article:modified_time\" content=\"2024-09-05T12:48:43+00:00\" \/>\n<meta name=\"twitter:card\" content=\"summary_large_image\" \/>\n<meta name=\"twitter:label1\" content=\"Est. reading time\" \/>\n\t<meta name=\"twitter:data1\" content=\"2 minutes\" \/>\n<script type=\"application\/ld+json\" class=\"yoast-schema-graph\">{\"@context\":\"https:\/\/schema.org\",\"@graph\":[{\"@type\":\"WebPage\",\"@id\":\"https:\/\/longosphere.com\/kasaba-sokagi\/usta-kasap\/\",\"url\":\"https:\/\/longosphere.com\/kasaba-sokagi\/usta-kasap\/\",\"name\":\"Usta Butcher - Longosphere Glamping Longoz Ormanlar\u0131 i\u011fneada Otel\",\"isPartOf\":{\"@id\":\"https:\/\/longosphere.com\/#website\"},\"datePublished\":\"2024-05-13T11:31:08+00:00\",\"dateModified\":\"2024-09-05T12:48:43+00:00\",\"breadcrumb\":{\"@id\":\"https:\/\/longosphere.com\/kasaba-sokagi\/usta-kasap\/#breadcrumb\"},\"inLanguage\":\"en-US\",\"potentialAction\":[{\"@type\":\"ReadAction\",\"target\":[\"https:\/\/longosphere.com\/kasaba-sokagi\/usta-kasap\/\"]}]},{\"@type\":\"BreadcrumbList\",\"@id\":\"https:\/\/longosphere.com\/kasaba-sokagi\/usta-kasap\/#breadcrumb\",\"itemListElement\":[{\"@type\":\"ListItem\",\"position\":1,\"name\":\"\",\"item\":\"https:\/\/longosphere.com\/en\/\"},{\"@type\":\"ListItem\",\"position\":2,\"name\":\"Town Street\",\"item\":\"https:\/\/longosphere.com\/kasaba-sokagi\/\"},{\"@type\":\"ListItem\",\"position\":3,\"name\":\"Usta Butcher\"}]},{\"@type\":\"WebSite\",\"@id\":\"https:\/\/longosphere.com\/#website\",\"url\":\"https:\/\/longosphere.com\/\",\"name\":\"Longosphere Glamping Longoz Ormanlar\u0131 \u0130\u011fneada Otel\",\"description\":\"T\u00fcrkiye&#039;nin En  B\u00fcy\u00fck Glamping Tesisi\",\"publisher\":{\"@id\":\"https:\/\/longosphere.com\/#organization\"},\"alternateName\":\"Longosphere Glamping\",\"potentialAction\":[{\"@type\":\"SearchAction\",\"target\":{\"@type\":\"EntryPoint\",\"urlTemplate\":\"https:\/\/longosphere.com\/?s={search_term_string}\"},\"query-input\":\"required name=search_term_string\"}],\"inLanguage\":\"en-US\"},{\"@type\":\"Organization\",\"@id\":\"https:\/\/longosphere.com\/#organization\",\"name\":\"Longosphere Glamping Longoz Ormanlar\u0131 \u0130\u011fneada Otel\",\"alternateName\":\"Longosphere Glamping\",\"url\":\"https:\/\/longosphere.com\/\",\"logo\":{\"@type\":\"ImageObject\",\"inLanguage\":\"en-US\",\"@id\":\"https:\/\/longosphere.com\/#\/schema\/logo\/image\/\",\"url\":\"https:\/\/longosphere.com\/wp-content\/uploads\/2024\/04\/logo-y.svg\",\"contentUrl\":\"https:\/\/longosphere.com\/wp-content\/uploads\/2024\/04\/logo-y.svg\",\"width\":1,\"height\":1,\"caption\":\"Longosphere Glamping Longoz Ormanlar\u0131 \u0130\u011fneada Otel\"},\"image\":{\"@id\":\"https:\/\/longosphere.com\/#\/schema\/logo\/image\/\"},\"sameAs\":[\"https:\/\/www.instagram.com\/longosphere\"]}]}<\/script>\n<!-- \/ Yoast SEO plugin. -->","yoast_head_json":{"title":"Usta Butcher - Longosphere Glamping Longoz Ormanlar\u0131 i\u011fneada Otel","robots":{"index":"index","follow":"follow","max-snippet":"max-snippet:-1","max-image-preview":"max-image-preview:large","max-video-preview":"max-video-preview:-1"},"canonical":"https:\/\/longosphere.com\/kasaba-sokagi\/usta-kasap\/","og_locale":"en_US","og_type":"article","og_title":"Usta Butcher - Longosphere Glamping Longoz Ormanlar\u0131 i\u011fneada Otel","og_description":"[vc_row el_class=&#8221;kasabarow mobreverse&#8221; el_id=&#8221;kasap&#8221; css=&#8221;.vc_custom_1715599867201{padding-top: 60px !important;padding-bottom: 60px !important;}&#8221;][vc_column css_animation=&#8221;fadeInLeft&#8221; width=&#8221;1\/2&#8243;][vc_column_text el_class=&#8221;kasaba-p&#8221;]Usta Kasap&#8217;s opening and closing hours vary depending on the day and season. In the summer, weekdays are Monday, Tuesday, Wednesday, Thursday and Sunday 09:00 &#8211; 20:00, Friday and Saturday 09:00 &#8211; 20:00. In the winter, our opening and closing hours vary depending on the day. At Usta Kasap, we offer our visitors delicious meat varieties, barbecue package and fire-lighting service. Before moving to the grill area, you can buy our barbecue package and have your fire prepared and cook in the specially designed chimney system in the barbecue [&hellip;]","og_url":"https:\/\/longosphere.com\/kasaba-sokagi\/usta-kasap\/","og_site_name":"Longosphere Glamping Longoz Ormanlar\u0131 i\u011fneada Otel","article_publisher":"https:\/\/www.instagram.com\/longosphere","article_modified_time":"2024-09-05T12:48:43+00:00","twitter_card":"summary_large_image","twitter_misc":{"Est. reading time":"2 minutes"},"schema":{"@context":"https:\/\/schema.org","@graph":[{"@type":"WebPage","@id":"https:\/\/longosphere.com\/kasaba-sokagi\/usta-kasap\/","url":"https:\/\/longosphere.com\/kasaba-sokagi\/usta-kasap\/","name":"Usta Butcher - Longosphere Glamping Longoz Ormanlar\u0131 i\u011fneada Otel","isPartOf":{"@id":"https:\/\/longosphere.com\/#website"},"datePublished":"2024-05-13T11:31:08+00:00","dateModified":"2024-09-05T12:48:43+00:00","breadcrumb":{"@id":"https:\/\/longosphere.com\/kasaba-sokagi\/usta-kasap\/#breadcrumb"},"inLanguage":"en-US","potentialAction":[{"@type":"ReadAction","target":["https:\/\/longosphere.com\/kasaba-sokagi\/usta-kasap\/"]}]},{"@type":"BreadcrumbList","@id":"https:\/\/longosphere.com\/kasaba-sokagi\/usta-kasap\/#breadcrumb","itemListElement":[{"@type":"ListItem","position":1,"name":"","item":"https:\/\/longosphere.com\/en\/"},{"@type":"ListItem","position":2,"name":"Town Street","item":"https:\/\/longosphere.com\/kasaba-sokagi\/"},{"@type":"ListItem","position":3,"name":"Usta Butcher"}]},{"@type":"WebSite","@id":"https:\/\/longosphere.com\/#website","url":"https:\/\/longosphere.com\/","name":"Longosphere Glamping Longoz Ormanlar\u0131 \u0130\u011fneada Otel","description":"T\u00fcrkiye&#039;nin En  B\u00fcy\u00fck Glamping Tesisi","publisher":{"@id":"https:\/\/longosphere.com\/#organization"},"alternateName":"Longosphere Glamping","potentialAction":[{"@type":"SearchAction","target":{"@type":"EntryPoint","urlTemplate":"https:\/\/longosphere.com\/?s={search_term_string}"},"query-input":"required name=search_term_string"}],"inLanguage":"en-US"},{"@type":"Organization","@id":"https:\/\/longosphere.com\/#organization","name":"Longosphere Glamping Longoz Ormanlar\u0131 \u0130\u011fneada Otel","alternateName":"Longosphere Glamping","url":"https:\/\/longosphere.com\/","logo":{"@type":"ImageObject","inLanguage":"en-US","@id":"https:\/\/longosphere.com\/#\/schema\/logo\/image\/","url":"https:\/\/longosphere.com\/wp-content\/uploads\/2024\/04\/logo-y.svg","contentUrl":"https:\/\/longosphere.com\/wp-content\/uploads\/2024\/04\/logo-y.svg","width":1,"height":1,"caption":"Longosphere Glamping Longoz Ormanlar\u0131 \u0130\u011fneada Otel"},"image":{"@id":"https:\/\/longosphere.com\/#\/schema\/logo\/image\/"},"sameAs":["https:\/\/www.instagram.com\/longosphere"]}]}},"_links":{"self":[{"href":"https:\/\/longosphere.com\/en\/wp-json\/wp\/v2\/pages\/1635"}],"collection":[{"href":"https:\/\/longosphere.com\/en\/wp-json\/wp\/v2\/pages"}],"about":[{"href":"https:\/\/longosphere.com\/en\/wp-json\/wp\/v2\/types\/page"}],"author":[{"embeddable":true,"href":"https:\/\/longosphere.com\/en\/wp-json\/wp\/v2\/users\/1"}],"replies":[{"embeddable":true,"href":"https:\/\/longosphere.com\/en\/wp-json\/wp\/v2\/comments?post=1635"}],"version-history":[{"count":1,"href":"https:\/\/longosphere.com\/en\/wp-json\/wp\/v2\/pages\/1635\/revisions"}],"predecessor-version":[{"id":1720,"href":"https:\/\/longosphere.com\/en\/wp-json\/wp\/v2\/pages\/1635\/revisions\/1720"}],"up":[{"embeddable":true,"href":"https:\/\/longosphere.com\/en\/wp-json\/wp\/v2\/pages\/1658"}],"wp:attachment":[{"href":"https:\/\/longosphere.com\/en\/wp-json\/wp\/v2\/media?parent=1635"}],"curies":[{"name":"wp","href":"https:\/\/api.w.org\/{rel}","templated":true}]}}