{"id":1634,"date":"2024-05-13T14:32:43","date_gmt":"2024-05-13T11:32:43","guid":{"rendered":"https:\/\/longosphere.com\/upcycle-shop\/"},"modified":"2024-09-05T15:09:58","modified_gmt":"2024-09-05T12:09:58","slug":"upcycle-shop","status":"publish","type":"page","link":"https:\/\/longosphere.com\/en\/town-street\/upcycle-shop\/","title":{"rendered":"Upcycle Shop"},"content":{"rendered":"<div class=\"wpb-content-wrapper\"><p>[vc_row el_class=&#8221;kasabarow&#8221; el_id=&#8221;concept&#8221; css=&#8221;.vc_custom_1715599953792{padding-top: 60px !important;padding-bottom: 60px !important;}&#8221;][vc_column css_animation=&#8221;fadeInLeft&#8221; width=&#8221;1\/2&#8243;]\r\n    <div class=\"owl-carousel owl-theme slidegaleri\">\r\n    <div class=\"item\" data-hash=\"hash-888\">\r\n    <img decoding=\"async\" class=\"img-fluid\" src=\"https:\/\/longosphere.com\/wp-content\/uploads\/2024\/06\/Upcyle-1-500x500.jpg\" alt=\"\">\r\n    <\/div>\r\n    \r\n    <div class=\"item\" data-hash=\"hash-889\">\r\n    <img decoding=\"async\" class=\"img-fluid\" src=\"https:\/\/longosphere.com\/wp-content\/uploads\/2024\/06\/Upcyle-2-500x500.jpg\" alt=\"\">\r\n    <\/div>\r\n    \r\n    <div class=\"item\" data-hash=\"hash-890\">\r\n    <img decoding=\"async\" class=\"img-fluid\" src=\"https:\/\/longosphere.com\/wp-content\/uploads\/2024\/06\/Upcyle-3-500x500.jpg\" alt=\"\">\r\n    <\/div>\r\n    \r\n    <div class=\"item\" data-hash=\"hash-891\">\r\n    <img decoding=\"async\" class=\"img-fluid\" src=\"https:\/\/longosphere.com\/wp-content\/uploads\/2024\/06\/Upcyle-4-500x500.jpg\" alt=\"\">\r\n    <\/div>\r\n    \r\n    <div class=\"item\" data-hash=\"hash-892\">\r\n    <img decoding=\"async\" class=\"img-fluid\" src=\"https:\/\/longosphere.com\/wp-content\/uploads\/2024\/06\/Upcyle-5-500x500.jpg\" alt=\"\">\r\n    <\/div>\r\n    \r\n    <div class=\"item\" data-hash=\"hash-893\">\r\n    <img decoding=\"async\" class=\"img-fluid\" src=\"https:\/\/longosphere.com\/wp-content\/uploads\/2024\/06\/Upcyle-6-500x500.jpg\" alt=\"\">\r\n    <\/div>\r\n    \r\n    <div class=\"item\" data-hash=\"hash-894\">\r\n    <img decoding=\"async\" class=\"img-fluid\" src=\"https:\/\/longosphere.com\/wp-content\/uploads\/2024\/06\/Upcyle-7-500x500.jpg\" alt=\"\">\r\n    <\/div>\r\n    \r\n    <div class=\"item\" data-hash=\"hash-895\">\r\n    <img decoding=\"async\" class=\"img-fluid\" src=\"https:\/\/longosphere.com\/wp-content\/uploads\/2024\/06\/Upcyle-8-500x500.jpg\" alt=\"\">\r\n    <\/div>\r\n    <\/div><div class=\"thumbowl\">\r\n     <a class=\"button secondary url\" href=\"#hash-888\">\r\n      <img decoding=\"async\" class=\"img-fluid\" src=\"https:\/\/longosphere.com\/wp-content\/uploads\/2024\/06\/Upcyle-1-150x150.jpg\" alt=\"\">\r\n     <\/a>   \r\n     <a class=\"button secondary url\" href=\"#hash-889\">\r\n      <img decoding=\"async\" class=\"img-fluid\" src=\"https:\/\/longosphere.com\/wp-content\/uploads\/2024\/06\/Upcyle-2-150x150.jpg\" alt=\"\">\r\n     <\/a>   \r\n     <a class=\"button secondary url\" href=\"#hash-890\">\r\n      <img decoding=\"async\" class=\"img-fluid\" src=\"https:\/\/longosphere.com\/wp-content\/uploads\/2024\/06\/Upcyle-3-150x150.jpg\" alt=\"\">\r\n     <\/a>   \r\n     <a class=\"button secondary url\" href=\"#hash-891\">\r\n      <img decoding=\"async\" class=\"img-fluid\" src=\"https:\/\/longosphere.com\/wp-content\/uploads\/2024\/06\/Upcyle-4-150x150.jpg\" alt=\"\">\r\n     <\/a>   \r\n     <a class=\"button secondary url\" href=\"#hash-892\">\r\n      <img decoding=\"async\" class=\"img-fluid\" src=\"https:\/\/longosphere.com\/wp-content\/uploads\/2024\/06\/Upcyle-5-150x150.jpg\" alt=\"\">\r\n     <\/a>   \r\n     <a class=\"button secondary url\" href=\"#hash-893\">\r\n      <img decoding=\"async\" class=\"img-fluid\" src=\"https:\/\/longosphere.com\/wp-content\/uploads\/2024\/06\/Upcyle-6-150x150.jpg\" alt=\"\">\r\n     <\/a>   \r\n     <a class=\"button secondary url\" href=\"#hash-894\">\r\n      <img decoding=\"async\" class=\"img-fluid\" src=\"https:\/\/longosphere.com\/wp-content\/uploads\/2024\/06\/Upcyle-7-150x150.jpg\" alt=\"\">\r\n     <\/a>   \r\n     <a class=\"button secondary url\" href=\"#hash-895\">\r\n      <img decoding=\"async\" class=\"img-fluid\" src=\"https:\/\/longosphere.com\/wp-content\/uploads\/2024\/06\/Upcyle-8-150x150.jpg\" alt=\"\">\r\n     <\/a>   <\/div>[\/vc_column][vc_column css_animation=&#8221;fadeInRight&#8221; width=&#8221;1\/2&#8243;]\r\n  <div class=\"ikontitle\">\r\n  <img decoding=\"async\" src=\"https:\/\/longosphere.com\/wp-content\/uploads\/2024\/04\/longodetay.svg\" alt=\"Upcycle Shop\" class=\"ikontitle-img\">\r\n    <h2>Upcycle Shop<\/h2>\r\n  <\/div>\r\n    [vc_column_text el_class=&#8221;kasaba-p&#8221;]Our opening and closing hours vary according to the days and seasons.<\/p>\n<p>Our summer weekday and weekend hours are 09:00 &#8211; 20:00. In the winter season, our opening and closing hours vary according to the days.<\/p>\n<p>Our product group includes Healing Drinks prepared with non-medicated vegetables from \u00d6te \u00c7iftlik Field, Plant-based Milks, Endemic Herbal Teas from Longoz Forests, Salts prepared with Endemics collected from Longoz Forests, Creams with Cantrons collected from Longoz Forests, \u00d6te \u00c7iftlik Manav Healthy Snacks<\/p>\n<p>We do not have a price difference for day visitors who stay in Longosphere.<\/p>\n<p>For those who want to bring the magnificent atmosphere of Longoz forests to their loved ones, different seasonal flavors are at the Upcyle Shop.[\/vc_column_text][\/vc_column][\/vc_row]<\/p>\n<\/div>","protected":false},"excerpt":{"rendered":"<p>[vc_row el_class=&#8221;kasabarow&#8221; el_id=&#8221;concept&#8221; css=&#8221;.vc_custom_1715599953792{padding-top: 60px !important;padding-bottom: 60px !important;}&#8221;][vc_column css_animation=&#8221;fadeInLeft&#8221; width=&#8221;1\/2&#8243;][\/vc_column][vc_column css_animation=&#8221;fadeInRight&#8221; width=&#8221;1\/2&#8243;][vc_column_text el_class=&#8221;kasaba-p&#8221;]Our opening and closing hours vary according to the days and seasons. Our summer weekday and weekend hours are 09:00 &#8211; 20:00. In the winter season, our opening and closing hours vary according to the days. Our product group includes Healing Drinks prepared with non-medicated vegetables from \u00d6te \u00c7iftlik Field, Plant-based Milks, Endemic Herbal Teas from Longoz Forests, Salts prepared with Endemics collected from Longoz Forests, Creams with Cantrons collected from Longoz Forests, \u00d6te \u00c7iftlik Manav Healthy Snacks We do not have a price difference for day visitors [&hellip;]<\/p>\n","protected":false},"author":1,"featured_media":1480,"parent":1658,"menu_order":72,"comment_status":"closed","ping_status":"closed","template":"","meta":{"footnotes":""},"class_list":["post-1634","page","type-page","status-publish","has-post-thumbnail","hentry"],"yoast_head":"<!-- This site is optimized with the Yoast SEO plugin v23.3 - https:\/\/yoast.com\/wordpress\/plugins\/seo\/ -->\n<title>Upcycle Shop - Longosphere Glamping Longoz Ormanlar\u0131 i\u011fneada Otel<\/title>\n<meta name=\"robots\" content=\"index, follow, max-snippet:-1, max-image-preview:large, max-video-preview:-1\" \/>\n<link rel=\"canonical\" href=\"https:\/\/longosphere.com\/kasaba-sokagi\/upcycle-shop\/\" \/>\n<meta property=\"og:locale\" content=\"en_US\" \/>\n<meta property=\"og:type\" content=\"article\" \/>\n<meta property=\"og:title\" content=\"Upcycle Shop - Longosphere Glamping Longoz Ormanlar\u0131 i\u011fneada Otel\" \/>\n<meta property=\"og:description\" content=\"[vc_row el_class=&#8221;kasabarow&#8221; el_id=&#8221;concept&#8221; css=&#8221;.vc_custom_1715599953792{padding-top: 60px !important;padding-bottom: 60px !important;}&#8221;][vc_column css_animation=&#8221;fadeInLeft&#8221; width=&#8221;1\/2&#8243;][\/vc_column][vc_column css_animation=&#8221;fadeInRight&#8221; width=&#8221;1\/2&#8243;][vc_column_text el_class=&#8221;kasaba-p&#8221;]Our opening and closing hours vary according to the days and seasons. Our summer weekday and weekend hours are 09:00 &#8211; 20:00. In the winter season, our opening and closing hours vary according to the days. Our product group includes Healing Drinks prepared with non-medicated vegetables from \u00d6te \u00c7iftlik Field, Plant-based Milks, Endemic Herbal Teas from Longoz Forests, Salts prepared with Endemics collected from Longoz Forests, Creams with Cantrons collected from Longoz Forests, \u00d6te \u00c7iftlik Manav Healthy Snacks We do not have a price difference for day visitors [&hellip;]\" \/>\n<meta property=\"og:url\" content=\"https:\/\/longosphere.com\/kasaba-sokagi\/upcycle-shop\/\" \/>\n<meta property=\"og:site_name\" content=\"Longosphere Glamping Longoz Ormanlar\u0131 i\u011fneada Otel\" \/>\n<meta property=\"article:publisher\" content=\"https:\/\/www.instagram.com\/longosphere\" \/>\n<meta property=\"article:modified_time\" content=\"2024-09-05T12:09:58+00:00\" \/>\n<meta property=\"og:image\" content=\"https:\/\/longosphere.com\/wp-content\/uploads\/2024\/06\/Upcyle-1.jpg\" \/>\n\t<meta property=\"og:image:width\" content=\"1027\" \/>\n\t<meta property=\"og:image:height\" content=\"731\" \/>\n\t<meta property=\"og:image:type\" content=\"image\/jpeg\" \/>\n<meta name=\"twitter:card\" content=\"summary_large_image\" \/>\n<meta name=\"twitter:label1\" content=\"Est. reading time\" \/>\n\t<meta name=\"twitter:data1\" content=\"3 minutes\" \/>\n<script type=\"application\/ld+json\" class=\"yoast-schema-graph\">{\"@context\":\"https:\/\/schema.org\",\"@graph\":[{\"@type\":\"WebPage\",\"@id\":\"https:\/\/longosphere.com\/kasaba-sokagi\/upcycle-shop\/\",\"url\":\"https:\/\/longosphere.com\/kasaba-sokagi\/upcycle-shop\/\",\"name\":\"Upcycle Shop - Longosphere Glamping Longoz Ormanlar\u0131 i\u011fneada Otel\",\"isPartOf\":{\"@id\":\"https:\/\/longosphere.com\/#website\"},\"primaryImageOfPage\":{\"@id\":\"https:\/\/longosphere.com\/kasaba-sokagi\/upcycle-shop\/#primaryimage\"},\"image\":{\"@id\":\"https:\/\/longosphere.com\/kasaba-sokagi\/upcycle-shop\/#primaryimage\"},\"thumbnailUrl\":\"https:\/\/longosphere.com\/wp-content\/uploads\/2024\/06\/Upcyle-1.jpg\",\"datePublished\":\"2024-05-13T11:32:43+00:00\",\"dateModified\":\"2024-09-05T12:09:58+00:00\",\"breadcrumb\":{\"@id\":\"https:\/\/longosphere.com\/kasaba-sokagi\/upcycle-shop\/#breadcrumb\"},\"inLanguage\":\"en-US\",\"potentialAction\":[{\"@type\":\"ReadAction\",\"target\":[\"https:\/\/longosphere.com\/kasaba-sokagi\/upcycle-shop\/\"]}]},{\"@type\":\"ImageObject\",\"inLanguage\":\"en-US\",\"@id\":\"https:\/\/longosphere.com\/kasaba-sokagi\/upcycle-shop\/#primaryimage\",\"url\":\"https:\/\/longosphere.com\/wp-content\/uploads\/2024\/06\/Upcyle-1.jpg\",\"contentUrl\":\"https:\/\/longosphere.com\/wp-content\/uploads\/2024\/06\/Upcyle-1.jpg\",\"width\":1027,\"height\":731},{\"@type\":\"BreadcrumbList\",\"@id\":\"https:\/\/longosphere.com\/kasaba-sokagi\/upcycle-shop\/#breadcrumb\",\"itemListElement\":[{\"@type\":\"ListItem\",\"position\":1,\"name\":\"\",\"item\":\"https:\/\/longosphere.com\/en\/\"},{\"@type\":\"ListItem\",\"position\":2,\"name\":\"Town Street\",\"item\":\"https:\/\/longosphere.com\/kasaba-sokagi\/\"},{\"@type\":\"ListItem\",\"position\":3,\"name\":\"Upcycle Shop\"}]},{\"@type\":\"WebSite\",\"@id\":\"https:\/\/longosphere.com\/#website\",\"url\":\"https:\/\/longosphere.com\/\",\"name\":\"Longosphere Glamping Longoz Ormanlar\u0131 \u0130\u011fneada Otel\",\"description\":\"T\u00fcrkiye&#039;nin En  B\u00fcy\u00fck Glamping Tesisi\",\"publisher\":{\"@id\":\"https:\/\/longosphere.com\/#organization\"},\"alternateName\":\"Longosphere Glamping\",\"potentialAction\":[{\"@type\":\"SearchAction\",\"target\":{\"@type\":\"EntryPoint\",\"urlTemplate\":\"https:\/\/longosphere.com\/?s={search_term_string}\"},\"query-input\":\"required name=search_term_string\"}],\"inLanguage\":\"en-US\"},{\"@type\":\"Organization\",\"@id\":\"https:\/\/longosphere.com\/#organization\",\"name\":\"Longosphere Glamping Longoz Ormanlar\u0131 \u0130\u011fneada Otel\",\"alternateName\":\"Longosphere Glamping\",\"url\":\"https:\/\/longosphere.com\/\",\"logo\":{\"@type\":\"ImageObject\",\"inLanguage\":\"en-US\",\"@id\":\"https:\/\/longosphere.com\/#\/schema\/logo\/image\/\",\"url\":\"https:\/\/longosphere.com\/wp-content\/uploads\/2024\/04\/logo-y.svg\",\"contentUrl\":\"https:\/\/longosphere.com\/wp-content\/uploads\/2024\/04\/logo-y.svg\",\"width\":1,\"height\":1,\"caption\":\"Longosphere Glamping Longoz Ormanlar\u0131 \u0130\u011fneada Otel\"},\"image\":{\"@id\":\"https:\/\/longosphere.com\/#\/schema\/logo\/image\/\"},\"sameAs\":[\"https:\/\/www.instagram.com\/longosphere\"]}]}<\/script>\n<!-- \/ Yoast SEO plugin. -->","yoast_head_json":{"title":"Upcycle Shop - Longosphere Glamping Longoz Ormanlar\u0131 i\u011fneada Otel","robots":{"index":"index","follow":"follow","max-snippet":"max-snippet:-1","max-image-preview":"max-image-preview:large","max-video-preview":"max-video-preview:-1"},"canonical":"https:\/\/longosphere.com\/kasaba-sokagi\/upcycle-shop\/","og_locale":"en_US","og_type":"article","og_title":"Upcycle Shop - Longosphere Glamping Longoz Ormanlar\u0131 i\u011fneada Otel","og_description":"[vc_row el_class=&#8221;kasabarow&#8221; el_id=&#8221;concept&#8221; css=&#8221;.vc_custom_1715599953792{padding-top: 60px !important;padding-bottom: 60px !important;}&#8221;][vc_column css_animation=&#8221;fadeInLeft&#8221; width=&#8221;1\/2&#8243;][\/vc_column][vc_column css_animation=&#8221;fadeInRight&#8221; width=&#8221;1\/2&#8243;][vc_column_text el_class=&#8221;kasaba-p&#8221;]Our opening and closing hours vary according to the days and seasons. Our summer weekday and weekend hours are 09:00 &#8211; 20:00. In the winter season, our opening and closing hours vary according to the days. Our product group includes Healing Drinks prepared with non-medicated vegetables from \u00d6te \u00c7iftlik Field, Plant-based Milks, Endemic Herbal Teas from Longoz Forests, Salts prepared with Endemics collected from Longoz Forests, Creams with Cantrons collected from Longoz Forests, \u00d6te \u00c7iftlik Manav Healthy Snacks We do not have a price difference for day visitors [&hellip;]","og_url":"https:\/\/longosphere.com\/kasaba-sokagi\/upcycle-shop\/","og_site_name":"Longosphere Glamping Longoz Ormanlar\u0131 i\u011fneada Otel","article_publisher":"https:\/\/www.instagram.com\/longosphere","article_modified_time":"2024-09-05T12:09:58+00:00","og_image":[{"width":1027,"height":731,"url":"https:\/\/longosphere.com\/wp-content\/uploads\/2024\/06\/Upcyle-1.jpg","type":"image\/jpeg"}],"twitter_card":"summary_large_image","twitter_misc":{"Est. reading time":"3 minutes"},"schema":{"@context":"https:\/\/schema.org","@graph":[{"@type":"WebPage","@id":"https:\/\/longosphere.com\/kasaba-sokagi\/upcycle-shop\/","url":"https:\/\/longosphere.com\/kasaba-sokagi\/upcycle-shop\/","name":"Upcycle Shop - Longosphere Glamping Longoz Ormanlar\u0131 i\u011fneada Otel","isPartOf":{"@id":"https:\/\/longosphere.com\/#website"},"primaryImageOfPage":{"@id":"https:\/\/longosphere.com\/kasaba-sokagi\/upcycle-shop\/#primaryimage"},"image":{"@id":"https:\/\/longosphere.com\/kasaba-sokagi\/upcycle-shop\/#primaryimage"},"thumbnailUrl":"https:\/\/longosphere.com\/wp-content\/uploads\/2024\/06\/Upcyle-1.jpg","datePublished":"2024-05-13T11:32:43+00:00","dateModified":"2024-09-05T12:09:58+00:00","breadcrumb":{"@id":"https:\/\/longosphere.com\/kasaba-sokagi\/upcycle-shop\/#breadcrumb"},"inLanguage":"en-US","potentialAction":[{"@type":"ReadAction","target":["https:\/\/longosphere.com\/kasaba-sokagi\/upcycle-shop\/"]}]},{"@type":"ImageObject","inLanguage":"en-US","@id":"https:\/\/longosphere.com\/kasaba-sokagi\/upcycle-shop\/#primaryimage","url":"https:\/\/longosphere.com\/wp-content\/uploads\/2024\/06\/Upcyle-1.jpg","contentUrl":"https:\/\/longosphere.com\/wp-content\/uploads\/2024\/06\/Upcyle-1.jpg","width":1027,"height":731},{"@type":"BreadcrumbList","@id":"https:\/\/longosphere.com\/kasaba-sokagi\/upcycle-shop\/#breadcrumb","itemListElement":[{"@type":"ListItem","position":1,"name":"","item":"https:\/\/longosphere.com\/en\/"},{"@type":"ListItem","position":2,"name":"Town Street","item":"https:\/\/longosphere.com\/kasaba-sokagi\/"},{"@type":"ListItem","position":3,"name":"Upcycle Shop"}]},{"@type":"WebSite","@id":"https:\/\/longosphere.com\/#website","url":"https:\/\/longosphere.com\/","name":"Longosphere Glamping Longoz Ormanlar\u0131 \u0130\u011fneada Otel","description":"T\u00fcrkiye&#039;nin En  B\u00fcy\u00fck Glamping Tesisi","publisher":{"@id":"https:\/\/longosphere.com\/#organization"},"alternateName":"Longosphere Glamping","potentialAction":[{"@type":"SearchAction","target":{"@type":"EntryPoint","urlTemplate":"https:\/\/longosphere.com\/?s={search_term_string}"},"query-input":"required name=search_term_string"}],"inLanguage":"en-US"},{"@type":"Organization","@id":"https:\/\/longosphere.com\/#organization","name":"Longosphere Glamping Longoz Ormanlar\u0131 \u0130\u011fneada Otel","alternateName":"Longosphere Glamping","url":"https:\/\/longosphere.com\/","logo":{"@type":"ImageObject","inLanguage":"en-US","@id":"https:\/\/longosphere.com\/#\/schema\/logo\/image\/","url":"https:\/\/longosphere.com\/wp-content\/uploads\/2024\/04\/logo-y.svg","contentUrl":"https:\/\/longosphere.com\/wp-content\/uploads\/2024\/04\/logo-y.svg","width":1,"height":1,"caption":"Longosphere Glamping Longoz Ormanlar\u0131 \u0130\u011fneada Otel"},"image":{"@id":"https:\/\/longosphere.com\/#\/schema\/logo\/image\/"},"sameAs":["https:\/\/www.instagram.com\/longosphere"]}]}},"_links":{"self":[{"href":"https:\/\/longosphere.com\/en\/wp-json\/wp\/v2\/pages\/1634"}],"collection":[{"href":"https:\/\/longosphere.com\/en\/wp-json\/wp\/v2\/pages"}],"about":[{"href":"https:\/\/longosphere.com\/en\/wp-json\/wp\/v2\/types\/page"}],"author":[{"embeddable":true,"href":"https:\/\/longosphere.com\/en\/wp-json\/wp\/v2\/users\/1"}],"replies":[{"embeddable":true,"href":"https:\/\/longosphere.com\/en\/wp-json\/wp\/v2\/comments?post=1634"}],"version-history":[{"count":1,"href":"https:\/\/longosphere.com\/en\/wp-json\/wp\/v2\/pages\/1634\/revisions"}],"predecessor-version":[{"id":1719,"href":"https:\/\/longosphere.com\/en\/wp-json\/wp\/v2\/pages\/1634\/revisions\/1719"}],"up":[{"embeddable":true,"href":"https:\/\/longosphere.com\/en\/wp-json\/wp\/v2\/pages\/1658"}],"wp:featuredmedia":[{"embeddable":true,"href":"https:\/\/longosphere.com\/en\/wp-json\/wp\/v2\/media\/1480"}],"wp:attachment":[{"href":"https:\/\/longosphere.com\/en\/wp-json\/wp\/v2\/media?parent=1634"}],"curies":[{"name":"wp","href":"https:\/\/api.w.org\/{rel}","templated":true}]}}