{"id":1633,"date":"2024-05-13T14:34:57","date_gmt":"2024-05-13T11:34:57","guid":{"rendered":"https:\/\/longosphere.com\/sanat-atolyeleri\/"},"modified":"2024-09-05T15:09:48","modified_gmt":"2024-09-05T12:09:48","slug":"sanat-atolyeleri","status":"publish","type":"page","link":"https:\/\/longosphere.com\/en\/town-street\/sanat-atolyeleri\/","title":{"rendered":"Art Workshops"},"content":{"rendered":"<div class=\"wpb-content-wrapper\"><p>[vc_row el_class=&#8221;kasabarow&#8221; el_id=&#8221;concept&#8221; css=&#8221;.vc_custom_1715599953792{padding-top: 60px !important;padding-bottom: 60px !important;}&#8221;][vc_column css_animation=&#8221;fadeInLeft&#8221; width=&#8221;1\/2&#8243;]\r\n    <div class=\"owl-carousel owl-theme slidegaleri\">\r\n    <div class=\"item\" data-hash=\"hash-651\">\r\n    <img decoding=\"async\" class=\"img-fluid\" src=\"https:\/\/longosphere.com\/wp-content\/uploads\/2024\/05\/sanat-atolyeleri-longosphere-500x354.jpg\" alt=\"\">\r\n    <\/div>\r\n    \r\n    <div class=\"item\" data-hash=\"hash-652\">\r\n    <img decoding=\"async\" class=\"img-fluid\" src=\"https:\/\/longosphere.com\/wp-content\/uploads\/2024\/05\/sanat-atolyeleri-500x500.jpg\" alt=\"\">\r\n    <\/div>\r\n    <\/div><div class=\"thumbowl\">\r\n     <a class=\"button secondary url\" href=\"#hash-651\">\r\n      <img decoding=\"async\" class=\"img-fluid\" src=\"https:\/\/longosphere.com\/wp-content\/uploads\/2024\/05\/sanat-atolyeleri-longosphere-150x150.jpg\" alt=\"\">\r\n     <\/a>   \r\n     <a class=\"button secondary url\" href=\"#hash-652\">\r\n      <img decoding=\"async\" class=\"img-fluid\" src=\"https:\/\/longosphere.com\/wp-content\/uploads\/2024\/05\/sanat-atolyeleri-150x150.jpg\" alt=\"\">\r\n     <\/a>   <\/div>[\/vc_column][vc_column css_animation=&#8221;fadeInRight&#8221; width=&#8221;1\/2&#8243;]\r\n  <div class=\"ikontitle\">\r\n  <img decoding=\"async\" src=\"https:\/\/longosphere.com\/wp-content\/uploads\/2024\/04\/longodetay.svg\" alt=\"Art Workshops\" class=\"ikontitle-img\">\r\n    <h2>Art Workshops<\/h2>\r\n  <\/div>\r\n    [vc_column_text el_class=&#8221;kasaba-p&#8221;]Our workshops&#8217; opening and closing hours vary according to our instructors.<\/p>\n<p>Our workshops are closed during the winter season.<\/p>\n<p>In our first workshop, the ceramic products you and your children produce in our pottery and ceramics workshop will add a nice decoration to your home and will be a memory that will remind you of the time you spent in \u0130\u011fneada.<\/p>\n<p>Our second workshop is about felt making and you and your children will experience the felt making and the products you produce will remind you of the enjoyable moments you spent in Longosphere.<\/p>\n<p>Our Art Workshops also sell the products produced by our artists and the products from our workshops are sold in the Longo Concept Store.<\/p>\n<p>There is no price difference for those who stay in our glamping tents in Longosphere and for day visitors.<\/p>\n<p>You can improve your manual skills in the Art Workshops where you can see original examples of local handicrafts and take the first step to learn a new handicraft during your holiday.[\/vc_column_text][\/vc_column][\/vc_row]<\/p>\n<\/div>","protected":false},"excerpt":{"rendered":"<p>[vc_row el_class=&#8221;kasabarow&#8221; el_id=&#8221;concept&#8221; css=&#8221;.vc_custom_1715599953792{padding-top: 60px !important;padding-bottom: 60px !important;}&#8221;][vc_column css_animation=&#8221;fadeInLeft&#8221; width=&#8221;1\/2&#8243;][\/vc_column][vc_column css_animation=&#8221;fadeInRight&#8221; width=&#8221;1\/2&#8243;][vc_column_text el_class=&#8221;kasaba-p&#8221;]Our workshops&#8217; opening and closing hours vary according to our instructors. Our workshops are closed during the winter season. In our first workshop, the ceramic products you and your children produce in our pottery and ceramics workshop will add a nice decoration to your home and will be a memory that will remind you of the time you spent in \u0130\u011fneada. Our second workshop is about felt making and you and your children will experience the felt making and the products you produce will remind you of the [&hellip;]<\/p>\n","protected":false},"author":1,"featured_media":0,"parent":1658,"menu_order":71,"comment_status":"closed","ping_status":"closed","template":"","meta":{"footnotes":""},"class_list":["post-1633","page","type-page","status-publish","hentry"],"yoast_head":"<!-- This site is optimized with the Yoast SEO plugin v23.3 - https:\/\/yoast.com\/wordpress\/plugins\/seo\/ -->\n<title>Art Workshops - Longosphere Glamping Longoz Ormanlar\u0131 i\u011fneada Otel<\/title>\n<meta name=\"robots\" content=\"index, follow, max-snippet:-1, max-image-preview:large, max-video-preview:-1\" \/>\n<link rel=\"canonical\" href=\"https:\/\/longosphere.com\/kasaba-sokagi\/sanat-atolyeleri\/\" \/>\n<meta property=\"og:locale\" content=\"en_US\" \/>\n<meta property=\"og:type\" content=\"article\" \/>\n<meta property=\"og:title\" content=\"Art Workshops - Longosphere Glamping Longoz Ormanlar\u0131 i\u011fneada Otel\" \/>\n<meta property=\"og:description\" content=\"[vc_row el_class=&#8221;kasabarow&#8221; el_id=&#8221;concept&#8221; css=&#8221;.vc_custom_1715599953792{padding-top: 60px !important;padding-bottom: 60px !important;}&#8221;][vc_column css_animation=&#8221;fadeInLeft&#8221; width=&#8221;1\/2&#8243;][\/vc_column][vc_column css_animation=&#8221;fadeInRight&#8221; width=&#8221;1\/2&#8243;][vc_column_text el_class=&#8221;kasaba-p&#8221;]Our workshops&#8217; opening and closing hours vary according to our instructors. Our workshops are closed during the winter season. In our first workshop, the ceramic products you and your children produce in our pottery and ceramics workshop will add a nice decoration to your home and will be a memory that will remind you of the time you spent in \u0130\u011fneada. Our second workshop is about felt making and you and your children will experience the felt making and the products you produce will remind you of the [&hellip;]\" \/>\n<meta property=\"og:url\" content=\"https:\/\/longosphere.com\/kasaba-sokagi\/sanat-atolyeleri\/\" \/>\n<meta property=\"og:site_name\" content=\"Longosphere Glamping Longoz Ormanlar\u0131 i\u011fneada Otel\" \/>\n<meta property=\"article:publisher\" content=\"https:\/\/www.instagram.com\/longosphere\" \/>\n<meta property=\"article:modified_time\" content=\"2024-09-05T12:09:48+00:00\" \/>\n<meta name=\"twitter:card\" content=\"summary_large_image\" \/>\n<meta name=\"twitter:label1\" content=\"Est. reading time\" \/>\n\t<meta name=\"twitter:data1\" content=\"2 minutes\" \/>\n<script type=\"application\/ld+json\" class=\"yoast-schema-graph\">{\"@context\":\"https:\/\/schema.org\",\"@graph\":[{\"@type\":\"WebPage\",\"@id\":\"https:\/\/longosphere.com\/kasaba-sokagi\/sanat-atolyeleri\/\",\"url\":\"https:\/\/longosphere.com\/kasaba-sokagi\/sanat-atolyeleri\/\",\"name\":\"Art Workshops - Longosphere Glamping Longoz Ormanlar\u0131 i\u011fneada Otel\",\"isPartOf\":{\"@id\":\"https:\/\/longosphere.com\/#website\"},\"datePublished\":\"2024-05-13T11:34:57+00:00\",\"dateModified\":\"2024-09-05T12:09:48+00:00\",\"breadcrumb\":{\"@id\":\"https:\/\/longosphere.com\/kasaba-sokagi\/sanat-atolyeleri\/#breadcrumb\"},\"inLanguage\":\"en-US\",\"potentialAction\":[{\"@type\":\"ReadAction\",\"target\":[\"https:\/\/longosphere.com\/kasaba-sokagi\/sanat-atolyeleri\/\"]}]},{\"@type\":\"BreadcrumbList\",\"@id\":\"https:\/\/longosphere.com\/kasaba-sokagi\/sanat-atolyeleri\/#breadcrumb\",\"itemListElement\":[{\"@type\":\"ListItem\",\"position\":1,\"name\":\"\",\"item\":\"https:\/\/longosphere.com\/en\/\"},{\"@type\":\"ListItem\",\"position\":2,\"name\":\"Town Street\",\"item\":\"https:\/\/longosphere.com\/kasaba-sokagi\/\"},{\"@type\":\"ListItem\",\"position\":3,\"name\":\"Art Workshops\"}]},{\"@type\":\"WebSite\",\"@id\":\"https:\/\/longosphere.com\/#website\",\"url\":\"https:\/\/longosphere.com\/\",\"name\":\"Longosphere Glamping Longoz Ormanlar\u0131 \u0130\u011fneada Otel\",\"description\":\"T\u00fcrkiye&#039;nin En  B\u00fcy\u00fck Glamping Tesisi\",\"publisher\":{\"@id\":\"https:\/\/longosphere.com\/#organization\"},\"alternateName\":\"Longosphere Glamping\",\"potentialAction\":[{\"@type\":\"SearchAction\",\"target\":{\"@type\":\"EntryPoint\",\"urlTemplate\":\"https:\/\/longosphere.com\/?s={search_term_string}\"},\"query-input\":\"required name=search_term_string\"}],\"inLanguage\":\"en-US\"},{\"@type\":\"Organization\",\"@id\":\"https:\/\/longosphere.com\/#organization\",\"name\":\"Longosphere Glamping Longoz Ormanlar\u0131 \u0130\u011fneada Otel\",\"alternateName\":\"Longosphere Glamping\",\"url\":\"https:\/\/longosphere.com\/\",\"logo\":{\"@type\":\"ImageObject\",\"inLanguage\":\"en-US\",\"@id\":\"https:\/\/longosphere.com\/#\/schema\/logo\/image\/\",\"url\":\"https:\/\/longosphere.com\/wp-content\/uploads\/2024\/04\/logo-y.svg\",\"contentUrl\":\"https:\/\/longosphere.com\/wp-content\/uploads\/2024\/04\/logo-y.svg\",\"width\":1,\"height\":1,\"caption\":\"Longosphere Glamping Longoz Ormanlar\u0131 \u0130\u011fneada Otel\"},\"image\":{\"@id\":\"https:\/\/longosphere.com\/#\/schema\/logo\/image\/\"},\"sameAs\":[\"https:\/\/www.instagram.com\/longosphere\"]}]}<\/script>\n<!-- \/ Yoast SEO plugin. -->","yoast_head_json":{"title":"Art Workshops - Longosphere Glamping Longoz Ormanlar\u0131 i\u011fneada Otel","robots":{"index":"index","follow":"follow","max-snippet":"max-snippet:-1","max-image-preview":"max-image-preview:large","max-video-preview":"max-video-preview:-1"},"canonical":"https:\/\/longosphere.com\/kasaba-sokagi\/sanat-atolyeleri\/","og_locale":"en_US","og_type":"article","og_title":"Art Workshops - Longosphere Glamping Longoz Ormanlar\u0131 i\u011fneada Otel","og_description":"[vc_row el_class=&#8221;kasabarow&#8221; el_id=&#8221;concept&#8221; css=&#8221;.vc_custom_1715599953792{padding-top: 60px !important;padding-bottom: 60px !important;}&#8221;][vc_column css_animation=&#8221;fadeInLeft&#8221; width=&#8221;1\/2&#8243;][\/vc_column][vc_column css_animation=&#8221;fadeInRight&#8221; width=&#8221;1\/2&#8243;][vc_column_text el_class=&#8221;kasaba-p&#8221;]Our workshops&#8217; opening and closing hours vary according to our instructors. Our workshops are closed during the winter season. In our first workshop, the ceramic products you and your children produce in our pottery and ceramics workshop will add a nice decoration to your home and will be a memory that will remind you of the time you spent in \u0130\u011fneada. Our second workshop is about felt making and you and your children will experience the felt making and the products you produce will remind you of the [&hellip;]","og_url":"https:\/\/longosphere.com\/kasaba-sokagi\/sanat-atolyeleri\/","og_site_name":"Longosphere Glamping Longoz Ormanlar\u0131 i\u011fneada Otel","article_publisher":"https:\/\/www.instagram.com\/longosphere","article_modified_time":"2024-09-05T12:09:48+00:00","twitter_card":"summary_large_image","twitter_misc":{"Est. reading time":"2 minutes"},"schema":{"@context":"https:\/\/schema.org","@graph":[{"@type":"WebPage","@id":"https:\/\/longosphere.com\/kasaba-sokagi\/sanat-atolyeleri\/","url":"https:\/\/longosphere.com\/kasaba-sokagi\/sanat-atolyeleri\/","name":"Art Workshops - Longosphere Glamping Longoz Ormanlar\u0131 i\u011fneada Otel","isPartOf":{"@id":"https:\/\/longosphere.com\/#website"},"datePublished":"2024-05-13T11:34:57+00:00","dateModified":"2024-09-05T12:09:48+00:00","breadcrumb":{"@id":"https:\/\/longosphere.com\/kasaba-sokagi\/sanat-atolyeleri\/#breadcrumb"},"inLanguage":"en-US","potentialAction":[{"@type":"ReadAction","target":["https:\/\/longosphere.com\/kasaba-sokagi\/sanat-atolyeleri\/"]}]},{"@type":"BreadcrumbList","@id":"https:\/\/longosphere.com\/kasaba-sokagi\/sanat-atolyeleri\/#breadcrumb","itemListElement":[{"@type":"ListItem","position":1,"name":"","item":"https:\/\/longosphere.com\/en\/"},{"@type":"ListItem","position":2,"name":"Town Street","item":"https:\/\/longosphere.com\/kasaba-sokagi\/"},{"@type":"ListItem","position":3,"name":"Art Workshops"}]},{"@type":"WebSite","@id":"https:\/\/longosphere.com\/#website","url":"https:\/\/longosphere.com\/","name":"Longosphere Glamping Longoz Ormanlar\u0131 \u0130\u011fneada Otel","description":"T\u00fcrkiye&#039;nin En  B\u00fcy\u00fck Glamping Tesisi","publisher":{"@id":"https:\/\/longosphere.com\/#organization"},"alternateName":"Longosphere Glamping","potentialAction":[{"@type":"SearchAction","target":{"@type":"EntryPoint","urlTemplate":"https:\/\/longosphere.com\/?s={search_term_string}"},"query-input":"required name=search_term_string"}],"inLanguage":"en-US"},{"@type":"Organization","@id":"https:\/\/longosphere.com\/#organization","name":"Longosphere Glamping Longoz Ormanlar\u0131 \u0130\u011fneada Otel","alternateName":"Longosphere Glamping","url":"https:\/\/longosphere.com\/","logo":{"@type":"ImageObject","inLanguage":"en-US","@id":"https:\/\/longosphere.com\/#\/schema\/logo\/image\/","url":"https:\/\/longosphere.com\/wp-content\/uploads\/2024\/04\/logo-y.svg","contentUrl":"https:\/\/longosphere.com\/wp-content\/uploads\/2024\/04\/logo-y.svg","width":1,"height":1,"caption":"Longosphere Glamping Longoz Ormanlar\u0131 \u0130\u011fneada Otel"},"image":{"@id":"https:\/\/longosphere.com\/#\/schema\/logo\/image\/"},"sameAs":["https:\/\/www.instagram.com\/longosphere"]}]}},"_links":{"self":[{"href":"https:\/\/longosphere.com\/en\/wp-json\/wp\/v2\/pages\/1633"}],"collection":[{"href":"https:\/\/longosphere.com\/en\/wp-json\/wp\/v2\/pages"}],"about":[{"href":"https:\/\/longosphere.com\/en\/wp-json\/wp\/v2\/types\/page"}],"author":[{"embeddable":true,"href":"https:\/\/longosphere.com\/en\/wp-json\/wp\/v2\/users\/1"}],"replies":[{"embeddable":true,"href":"https:\/\/longosphere.com\/en\/wp-json\/wp\/v2\/comments?post=1633"}],"version-history":[{"count":1,"href":"https:\/\/longosphere.com\/en\/wp-json\/wp\/v2\/pages\/1633\/revisions"}],"predecessor-version":[{"id":1718,"href":"https:\/\/longosphere.com\/en\/wp-json\/wp\/v2\/pages\/1633\/revisions\/1718"}],"up":[{"embeddable":true,"href":"https:\/\/longosphere.com\/en\/wp-json\/wp\/v2\/pages\/1658"}],"wp:attachment":[{"href":"https:\/\/longosphere.com\/en\/wp-json\/wp\/v2\/media?parent=1633"}],"curies":[{"name":"wp","href":"https:\/\/api.w.org\/{rel}","templated":true}]}}