{"id":1629,"date":"2024-05-24T17:41:16","date_gmt":"2024-05-24T14:41:16","guid":{"rendered":"https:\/\/longosphere.com\/oryantiring-yon-bulma-oyunu\/"},"modified":"2024-09-05T15:47:22","modified_gmt":"2024-09-05T12:47:22","slug":"orienteering-navigation-game","status":"publish","type":"page","link":"https:\/\/longosphere.com\/en\/activities\/orienteering-navigation-game\/","title":{"rendered":"Orienteering (Navigation Game)"},"content":{"rendered":"<div class=\"wpb-content-wrapper\"><p>[vc_row equal_height=&#8221;yes&#8221; el_class=&#8221;aktiviterow&#8221;][vc_column width=&#8221;1\/2&#8243;][vc_row_inner][vc_column_inner width=&#8221;1\/2&#8243;][vc_single_image image=&#8221;1001&#8243; img_size=&#8221;full&#8221; onclick=&#8221;link_image&#8221; css=&#8221;.vc_custom_1723407355124{margin-bottom: 35px !important;}&#8221;][\/vc_column_inner][vc_column_inner width=&#8221;1\/2&#8243;][vc_single_image image=&#8221;1002&#8243; img_size=&#8221;full&#8221; onclick=&#8221;link_image&#8221; css=&#8221;.vc_custom_1723407361685{margin-bottom: 35px !important;}&#8221;][\/vc_column_inner][\/vc_row_inner][\/vc_column][vc_column width=&#8221;1\/2&#8243;][vc_column_text el_id=&#8221;odulsticky&#8221; el_class=&#8221;aktivitepar&#8221;]Orienteering is a fun activity that enhances navigation and map-reading skills in nature. The Orienteering Navigation Game held at Longosphere teaches participants how to find their way in the outdoors while providing an enjoyable experience. As an activity that strengthens team spirit and connects participants with nature, Orienteering is suitable for anyone interested in exploring nature and acquiring new skills. By participating in this event at Longosphere, you can experience an unforgettable adventure in the heart of nature.<\/p>\n<p><span style=\"color: #ff0000;\">*<\/span> Our activities may vary depending on the season and weather conditions.[\/vc_column_text][\/vc_column][\/vc_row]<\/p>\n<\/div>","protected":false},"excerpt":{"rendered":"<p>[vc_row equal_height=&#8221;yes&#8221; el_class=&#8221;aktiviterow&#8221;][vc_column width=&#8221;1\/2&#8243;][vc_row_inner][vc_column_inner width=&#8221;1\/2&#8243;][vc_single_image image=&#8221;1001&#8243; img_size=&#8221;full&#8221; onclick=&#8221;link_image&#8221; css=&#8221;.vc_custom_1723407355124{margin-bottom: 35px !important;}&#8221;][\/vc_column_inner][vc_column_inner width=&#8221;1\/2&#8243;][vc_single_image image=&#8221;1002&#8243; img_size=&#8221;full&#8221; onclick=&#8221;link_image&#8221; css=&#8221;.vc_custom_1723407361685{margin-bottom: 35px !important;}&#8221;][\/vc_column_inner][\/vc_row_inner][\/vc_column][vc_column width=&#8221;1\/2&#8243;][vc_column_text el_id=&#8221;odulsticky&#8221; el_class=&#8221;aktivitepar&#8221;]Orienteering is a fun activity that enhances navigation and map-reading skills in nature. The Orienteering Navigation Game held at Longosphere teaches participants how to find their way in the outdoors while providing an enjoyable experience. As an activity that strengthens team spirit and connects participants with nature, Orienteering is suitable for anyone interested in exploring nature and acquiring new skills. By participating in this event at Longosphere, you can experience an unforgettable adventure in the heart of nature. * Our [&hellip;]<\/p>\n","protected":false},"author":1,"featured_media":1434,"parent":1659,"menu_order":39,"comment_status":"closed","ping_status":"closed","template":"aktiviteler.php","meta":{"footnotes":""},"class_list":["post-1629","page","type-page","status-publish","has-post-thumbnail","hentry"],"yoast_head":"<!-- This site is optimized with the Yoast SEO plugin v23.3 - https:\/\/yoast.com\/wordpress\/plugins\/seo\/ -->\n<title>Orienteering (Navigation Game) - Longosphere Glamping Longoz Ormanlar\u0131 i\u011fneada Otel<\/title>\n<meta name=\"robots\" content=\"index, follow, max-snippet:-1, max-image-preview:large, max-video-preview:-1\" \/>\n<link rel=\"canonical\" href=\"https:\/\/longosphere.com\/en\/activities\/orienteering-navigation-game\/\" \/>\n<meta property=\"og:locale\" content=\"en_US\" \/>\n<meta property=\"og:type\" content=\"article\" \/>\n<meta property=\"og:title\" content=\"Orienteering (Navigation Game) - Longosphere Glamping Longoz Ormanlar\u0131 i\u011fneada Otel\" \/>\n<meta property=\"og:description\" content=\"[vc_row equal_height=&#8221;yes&#8221; el_class=&#8221;aktiviterow&#8221;][vc_column width=&#8221;1\/2&#8243;][vc_row_inner][vc_column_inner width=&#8221;1\/2&#8243;][vc_single_image image=&#8221;1001&#8243; img_size=&#8221;full&#8221; onclick=&#8221;link_image&#8221; css=&#8221;.vc_custom_1723407355124{margin-bottom: 35px !important;}&#8221;][\/vc_column_inner][vc_column_inner width=&#8221;1\/2&#8243;][vc_single_image image=&#8221;1002&#8243; img_size=&#8221;full&#8221; onclick=&#8221;link_image&#8221; css=&#8221;.vc_custom_1723407361685{margin-bottom: 35px !important;}&#8221;][\/vc_column_inner][\/vc_row_inner][\/vc_column][vc_column width=&#8221;1\/2&#8243;][vc_column_text el_id=&#8221;odulsticky&#8221; el_class=&#8221;aktivitepar&#8221;]Orienteering is a fun activity that enhances navigation and map-reading skills in nature. The Orienteering Navigation Game held at Longosphere teaches participants how to find their way in the outdoors while providing an enjoyable experience. As an activity that strengthens team spirit and connects participants with nature, Orienteering is suitable for anyone interested in exploring nature and acquiring new skills. By participating in this event at Longosphere, you can experience an unforgettable adventure in the heart of nature. * Our [&hellip;]\" \/>\n<meta property=\"og:url\" content=\"https:\/\/longosphere.com\/en\/activities\/orienteering-navigation-game\/\" \/>\n<meta property=\"og:site_name\" content=\"Longosphere Glamping Longoz Ormanlar\u0131 i\u011fneada Otel\" \/>\n<meta property=\"article:publisher\" content=\"https:\/\/www.instagram.com\/longosphere\" \/>\n<meta property=\"article:modified_time\" content=\"2024-09-05T12:47:22+00:00\" \/>\n<meta property=\"og:image\" content=\"https:\/\/longosphere.com\/wp-content\/uploads\/2024\/05\/defaut2.jpg\" \/>\n\t<meta property=\"og:image:width\" content=\"704\" \/>\n\t<meta property=\"og:image:height\" content=\"505\" \/>\n\t<meta property=\"og:image:type\" content=\"image\/jpeg\" \/>\n<meta name=\"twitter:card\" content=\"summary_large_image\" \/>\n<meta name=\"twitter:label1\" content=\"Est. reading time\" \/>\n\t<meta name=\"twitter:data1\" content=\"2 minutes\" \/>\n<script type=\"application\/ld+json\" class=\"yoast-schema-graph\">{\"@context\":\"https:\/\/schema.org\",\"@graph\":[{\"@type\":\"WebPage\",\"@id\":\"https:\/\/longosphere.com\/en\/activities\/orienteering-navigation-game\/\",\"url\":\"https:\/\/longosphere.com\/en\/activities\/orienteering-navigation-game\/\",\"name\":\"Orienteering (Navigation Game) - Longosphere Glamping Longoz Ormanlar\u0131 i\u011fneada Otel\",\"isPartOf\":{\"@id\":\"https:\/\/longosphere.com\/#website\"},\"primaryImageOfPage\":{\"@id\":\"https:\/\/longosphere.com\/en\/activities\/orienteering-navigation-game\/#primaryimage\"},\"image\":{\"@id\":\"https:\/\/longosphere.com\/en\/activities\/orienteering-navigation-game\/#primaryimage\"},\"thumbnailUrl\":\"https:\/\/longosphere.com\/wp-content\/uploads\/2024\/05\/defaut2.jpg\",\"datePublished\":\"2024-05-24T14:41:16+00:00\",\"dateModified\":\"2024-09-05T12:47:22+00:00\",\"breadcrumb\":{\"@id\":\"https:\/\/longosphere.com\/en\/activities\/orienteering-navigation-game\/#breadcrumb\"},\"inLanguage\":\"en-US\",\"potentialAction\":[{\"@type\":\"ReadAction\",\"target\":[\"https:\/\/longosphere.com\/en\/activities\/orienteering-navigation-game\/\"]}]},{\"@type\":\"ImageObject\",\"inLanguage\":\"en-US\",\"@id\":\"https:\/\/longosphere.com\/en\/activities\/orienteering-navigation-game\/#primaryimage\",\"url\":\"https:\/\/longosphere.com\/wp-content\/uploads\/2024\/05\/defaut2.jpg\",\"contentUrl\":\"https:\/\/longosphere.com\/wp-content\/uploads\/2024\/05\/defaut2.jpg\",\"width\":704,\"height\":505},{\"@type\":\"BreadcrumbList\",\"@id\":\"https:\/\/longosphere.com\/en\/activities\/orienteering-navigation-game\/#breadcrumb\",\"itemListElement\":[{\"@type\":\"ListItem\",\"position\":1,\"name\":\"\",\"item\":\"https:\/\/longosphere.com\/en\/\"},{\"@type\":\"ListItem\",\"position\":2,\"name\":\"Activities\",\"item\":\"https:\/\/longosphere.com\/en\/activities\/\"},{\"@type\":\"ListItem\",\"position\":3,\"name\":\"Orienteering (Navigation Game)\"}]},{\"@type\":\"WebSite\",\"@id\":\"https:\/\/longosphere.com\/#website\",\"url\":\"https:\/\/longosphere.com\/\",\"name\":\"Longosphere Glamping Longoz Ormanlar\u0131 \u0130\u011fneada Otel\",\"description\":\"T\u00fcrkiye&#039;nin En  B\u00fcy\u00fck Glamping Tesisi\",\"publisher\":{\"@id\":\"https:\/\/longosphere.com\/#organization\"},\"alternateName\":\"Longosphere Glamping\",\"potentialAction\":[{\"@type\":\"SearchAction\",\"target\":{\"@type\":\"EntryPoint\",\"urlTemplate\":\"https:\/\/longosphere.com\/?s={search_term_string}\"},\"query-input\":\"required name=search_term_string\"}],\"inLanguage\":\"en-US\"},{\"@type\":\"Organization\",\"@id\":\"https:\/\/longosphere.com\/#organization\",\"name\":\"Longosphere Glamping Longoz Ormanlar\u0131 \u0130\u011fneada Otel\",\"alternateName\":\"Longosphere Glamping\",\"url\":\"https:\/\/longosphere.com\/\",\"logo\":{\"@type\":\"ImageObject\",\"inLanguage\":\"en-US\",\"@id\":\"https:\/\/longosphere.com\/#\/schema\/logo\/image\/\",\"url\":\"https:\/\/longosphere.com\/wp-content\/uploads\/2024\/04\/logo-y.svg\",\"contentUrl\":\"https:\/\/longosphere.com\/wp-content\/uploads\/2024\/04\/logo-y.svg\",\"width\":1,\"height\":1,\"caption\":\"Longosphere Glamping Longoz Ormanlar\u0131 \u0130\u011fneada Otel\"},\"image\":{\"@id\":\"https:\/\/longosphere.com\/#\/schema\/logo\/image\/\"},\"sameAs\":[\"https:\/\/www.instagram.com\/longosphere\"]}]}<\/script>\n<!-- \/ Yoast SEO plugin. -->","yoast_head_json":{"title":"Orienteering (Navigation Game) - Longosphere Glamping Longoz Ormanlar\u0131 i\u011fneada Otel","robots":{"index":"index","follow":"follow","max-snippet":"max-snippet:-1","max-image-preview":"max-image-preview:large","max-video-preview":"max-video-preview:-1"},"canonical":"https:\/\/longosphere.com\/en\/activities\/orienteering-navigation-game\/","og_locale":"en_US","og_type":"article","og_title":"Orienteering (Navigation Game) - Longosphere Glamping Longoz Ormanlar\u0131 i\u011fneada Otel","og_description":"[vc_row equal_height=&#8221;yes&#8221; el_class=&#8221;aktiviterow&#8221;][vc_column width=&#8221;1\/2&#8243;][vc_row_inner][vc_column_inner width=&#8221;1\/2&#8243;][vc_single_image image=&#8221;1001&#8243; img_size=&#8221;full&#8221; onclick=&#8221;link_image&#8221; css=&#8221;.vc_custom_1723407355124{margin-bottom: 35px !important;}&#8221;][\/vc_column_inner][vc_column_inner width=&#8221;1\/2&#8243;][vc_single_image image=&#8221;1002&#8243; img_size=&#8221;full&#8221; onclick=&#8221;link_image&#8221; css=&#8221;.vc_custom_1723407361685{margin-bottom: 35px !important;}&#8221;][\/vc_column_inner][\/vc_row_inner][\/vc_column][vc_column width=&#8221;1\/2&#8243;][vc_column_text el_id=&#8221;odulsticky&#8221; el_class=&#8221;aktivitepar&#8221;]Orienteering is a fun activity that enhances navigation and map-reading skills in nature. The Orienteering Navigation Game held at Longosphere teaches participants how to find their way in the outdoors while providing an enjoyable experience. As an activity that strengthens team spirit and connects participants with nature, Orienteering is suitable for anyone interested in exploring nature and acquiring new skills. By participating in this event at Longosphere, you can experience an unforgettable adventure in the heart of nature. * Our [&hellip;]","og_url":"https:\/\/longosphere.com\/en\/activities\/orienteering-navigation-game\/","og_site_name":"Longosphere Glamping Longoz Ormanlar\u0131 i\u011fneada Otel","article_publisher":"https:\/\/www.instagram.com\/longosphere","article_modified_time":"2024-09-05T12:47:22+00:00","og_image":[{"width":704,"height":505,"url":"https:\/\/longosphere.com\/wp-content\/uploads\/2024\/05\/defaut2.jpg","type":"image\/jpeg"}],"twitter_card":"summary_large_image","twitter_misc":{"Est. reading time":"2 minutes"},"schema":{"@context":"https:\/\/schema.org","@graph":[{"@type":"WebPage","@id":"https:\/\/longosphere.com\/en\/activities\/orienteering-navigation-game\/","url":"https:\/\/longosphere.com\/en\/activities\/orienteering-navigation-game\/","name":"Orienteering (Navigation Game) - Longosphere Glamping Longoz Ormanlar\u0131 i\u011fneada Otel","isPartOf":{"@id":"https:\/\/longosphere.com\/#website"},"primaryImageOfPage":{"@id":"https:\/\/longosphere.com\/en\/activities\/orienteering-navigation-game\/#primaryimage"},"image":{"@id":"https:\/\/longosphere.com\/en\/activities\/orienteering-navigation-game\/#primaryimage"},"thumbnailUrl":"https:\/\/longosphere.com\/wp-content\/uploads\/2024\/05\/defaut2.jpg","datePublished":"2024-05-24T14:41:16+00:00","dateModified":"2024-09-05T12:47:22+00:00","breadcrumb":{"@id":"https:\/\/longosphere.com\/en\/activities\/orienteering-navigation-game\/#breadcrumb"},"inLanguage":"en-US","potentialAction":[{"@type":"ReadAction","target":["https:\/\/longosphere.com\/en\/activities\/orienteering-navigation-game\/"]}]},{"@type":"ImageObject","inLanguage":"en-US","@id":"https:\/\/longosphere.com\/en\/activities\/orienteering-navigation-game\/#primaryimage","url":"https:\/\/longosphere.com\/wp-content\/uploads\/2024\/05\/defaut2.jpg","contentUrl":"https:\/\/longosphere.com\/wp-content\/uploads\/2024\/05\/defaut2.jpg","width":704,"height":505},{"@type":"BreadcrumbList","@id":"https:\/\/longosphere.com\/en\/activities\/orienteering-navigation-game\/#breadcrumb","itemListElement":[{"@type":"ListItem","position":1,"name":"","item":"https:\/\/longosphere.com\/en\/"},{"@type":"ListItem","position":2,"name":"Activities","item":"https:\/\/longosphere.com\/en\/activities\/"},{"@type":"ListItem","position":3,"name":"Orienteering (Navigation Game)"}]},{"@type":"WebSite","@id":"https:\/\/longosphere.com\/#website","url":"https:\/\/longosphere.com\/","name":"Longosphere Glamping Longoz Ormanlar\u0131 \u0130\u011fneada Otel","description":"T\u00fcrkiye&#039;nin En  B\u00fcy\u00fck Glamping Tesisi","publisher":{"@id":"https:\/\/longosphere.com\/#organization"},"alternateName":"Longosphere Glamping","potentialAction":[{"@type":"SearchAction","target":{"@type":"EntryPoint","urlTemplate":"https:\/\/longosphere.com\/?s={search_term_string}"},"query-input":"required name=search_term_string"}],"inLanguage":"en-US"},{"@type":"Organization","@id":"https:\/\/longosphere.com\/#organization","name":"Longosphere Glamping Longoz Ormanlar\u0131 \u0130\u011fneada Otel","alternateName":"Longosphere Glamping","url":"https:\/\/longosphere.com\/","logo":{"@type":"ImageObject","inLanguage":"en-US","@id":"https:\/\/longosphere.com\/#\/schema\/logo\/image\/","url":"https:\/\/longosphere.com\/wp-content\/uploads\/2024\/04\/logo-y.svg","contentUrl":"https:\/\/longosphere.com\/wp-content\/uploads\/2024\/04\/logo-y.svg","width":1,"height":1,"caption":"Longosphere Glamping Longoz Ormanlar\u0131 \u0130\u011fneada Otel"},"image":{"@id":"https:\/\/longosphere.com\/#\/schema\/logo\/image\/"},"sameAs":["https:\/\/www.instagram.com\/longosphere"]}]}},"_links":{"self":[{"href":"https:\/\/longosphere.com\/en\/wp-json\/wp\/v2\/pages\/1629"}],"collection":[{"href":"https:\/\/longosphere.com\/en\/wp-json\/wp\/v2\/pages"}],"about":[{"href":"https:\/\/longosphere.com\/en\/wp-json\/wp\/v2\/types\/page"}],"author":[{"embeddable":true,"href":"https:\/\/longosphere.com\/en\/wp-json\/wp\/v2\/users\/1"}],"replies":[{"embeddable":true,"href":"https:\/\/longosphere.com\/en\/wp-json\/wp\/v2\/comments?post=1629"}],"version-history":[{"count":2,"href":"https:\/\/longosphere.com\/en\/wp-json\/wp\/v2\/pages\/1629\/revisions"}],"predecessor-version":[{"id":1698,"href":"https:\/\/longosphere.com\/en\/wp-json\/wp\/v2\/pages\/1629\/revisions\/1698"}],"up":[{"embeddable":true,"href":"https:\/\/longosphere.com\/en\/wp-json\/wp\/v2\/pages\/1659"}],"wp:featuredmedia":[{"embeddable":true,"href":"https:\/\/longosphere.com\/en\/wp-json\/wp\/v2\/media\/1434"}],"wp:attachment":[{"href":"https:\/\/longosphere.com\/en\/wp-json\/wp\/v2\/media?parent=1629"}],"curies":[{"name":"wp","href":"https:\/\/api.w.org\/{rel}","templated":true}]}}